{"id":94,"date":"2010-07-29T19:47:14","date_gmt":"2010-07-29T19:47:14","guid":{"rendered":"http:\/\/juanxxiii.e12.ve\/home\/?page_id=94"},"modified":"2020-06-15T08:32:12","modified_gmt":"2020-06-15T12:32:12","slug":"papa-juan-xxiii","status":"publish","type":"page","link":"https:\/\/juanxxiii.e12.ve\/home\/quienes-somos\/papa-juan-xxiii","title":{"rendered":"San Juan XXIII"},"content":{"rendered":"<p><img class=\"aligncenter size-full wp-image-38211\" src=\"https:\/\/juanxxiii.e12.ve\/home\/wp-content\/uploads\/2010\/07\/juanXXIII_mural_izquierda001imini.jpg\" alt=\"\" width=\"1200\" height=\"706\" srcset=\"https:\/\/juanxxiii.e12.ve\/home\/wp-content\/uploads\/2010\/07\/juanXXIII_mural_izquierda001imini.jpg 1200w, https:\/\/juanxxiii.e12.ve\/home\/wp-content\/uploads\/2010\/07\/juanXXIII_mural_izquierda001imini-300x176.jpg 300w, https:\/\/juanxxiii.e12.ve\/home\/wp-content\/uploads\/2010\/07\/juanXXIII_mural_izquierda001imini-1024x602.jpg 1024w\" sizes=\"(max-width: 1200px) 100vw, 1200px\" \/>San Juan XXIII el \u00abpapa Bueno\u00bb es muy recordado, porque revolucion\u00f3 la iglesia cat\u00f3lica debido a que cambi\u00f3 la manera de oficiar la misa de espaldas a los oyentes y en lat\u00edn, Juan XXIII logr\u00f3 que el celebrante se colocara de frente a los feligreses y se expresara en idioma patrio.<\/p>\n<p>Nuestro querido Papa nace en Sotto IL Monte, Roma, el 25 de noviembre de 1881, donde se cr\u00eda en una humilde familia de agricultores, su verdadero\u00a0 nombre es \u00c1ngelo Giuseppe Rocalli. Ingresa al seminario de Bergamo en el a\u00f1o 1892, para luego proseguir sus estudios de Teolog\u00eda en Roma en 1901. Para el a\u00f1o 1904 es ordenado sacerdote y desde el a\u00f1o siguiente en Bergamo, comparte responsabilidades con el Obispo Radini Tedeschi, donde aprende a cultivar a\u00fan m\u00e1s el amor a Dios. Luego vendr\u00eda la etapa m\u00e1s dolorosa de la vida de \u00c1ngelo, al estar realizando estudios de Capell\u00e1n durante la Segunda Guerra Mundial, cosa que lo afectar\u00eda en gran parte ya que convivi\u00f3 con los desdichados de aquella terrible guerra.<\/p>\n<p>Despu\u00e9s es nombrado Visitador Apost\u00f3lico en Bulgaria y consagrado Obispo en el a\u00f1o 1925; donde desarrolla una trayectoria impecable que le hace ascender a Cardenal en el a\u00f1o 1958.<\/p>\n<p>A la edad de 77 a\u00f1os fue elegido Papa, a pesar de su avanzada edad, demostr\u00f3 que no era un Papa de transici\u00f3n sino de cambio, ya que con su alegr\u00eda y bondad adquiri\u00f3 r\u00e1pidamente el respeto y cari\u00f1o de todos.<\/p>\n<p>El d\u00eda 25 de enero de 1959 anuncia la reuni\u00f3n de un concilio ecum\u00e9nico destinado a promover la uni\u00f3n de los cristianos de las diferentes iglesias, donde se realizaron dr\u00e1sticos cambios a la doctrina eclesi\u00e1stica.<\/p>\n<p>La labor fundamental de nuestro papa Juan XXIII, consisti\u00f3 en cultivar la filosof\u00eda de la amistad a toda costa, propag\u00f3 la hermandad entre todas las religiones alcanzando muchos triunfos en tal sentido.<\/p>\n<p>Pero su labor no solo qued\u00f3 all\u00ed, sino tambi\u00e9n realiz\u00f3 dos enc\u00edclicas las cuales son:<\/p>\n<ul>\n<li>Mater et magistra.<\/li>\n<li>Pacem in Terris. (sobre la paz del mundo).<\/li>\n<\/ul>\n<p>Lamentablemente muere en Roma el 3 de junio de 1963.<\/p>\n<p>Al papa Juan XXIII, nunca lo toc\u00f3 la vanidad ni la conveniencia a la hora de tomar una decisi\u00f3n y sus gestos de bondad inherentes a su personalidad, hicieron que fuese llamado el \u00abpapa Bueno\u00bb.<\/p>\n<p>Fue canonizado el 27 de abril de 2014 por el papa Francisco\u00a0por sus m\u00e9ritos de la apertura del Concilio Vaticano II. La fecha de la canonizaci\u00f3n fue anunciada el 30 de septiembre de 2013.<\/p>\n","protected":false},"excerpt":{"rendered":"<p>San Juan XXIII el \u00abpapa Bueno\u00bb es muy recordado, porque revolucion\u00f3 la iglesia cat\u00f3lica debido a&#8230;<\/p>\n","protected":false},"author":9,"featured_media":29232,"parent":81,"menu_order":4,"comment_status":"closed","ping_status":"closed","template":"","meta":[],"_links":{"self":[{"href":"https:\/\/juanxxiii.e12.ve\/home\/wp-json\/wp\/v2\/pages\/94"}],"collection":[{"href":"https:\/\/juanxxiii.e12.ve\/home\/wp-json\/wp\/v2\/pages"}],"about":[{"href":"https:\/\/juanxxiii.e12.ve\/home\/wp-json\/wp\/v2\/types\/page"}],"author":[{"embeddable":true,"href":"https:\/\/juanxxiii.e12.ve\/home\/wp-json\/wp\/v2\/users\/9"}],"replies":[{"embeddable":true,"href":"https:\/\/juanxxiii.e12.ve\/home\/wp-json\/wp\/v2\/comments?post=94"}],"version-history":[{"count":7,"href":"https:\/\/juanxxiii.e12.ve\/home\/wp-json\/wp\/v2\/pages\/94\/revisions"}],"predecessor-version":[{"id":38212,"href":"https:\/\/juanxxiii.e12.ve\/home\/wp-json\/wp\/v2\/pages\/94\/revisions\/38212"}],"up":[{"embeddable":true,"href":"https:\/\/juanxxiii.e12.ve\/home\/wp-json\/wp\/v2\/pages\/81"}],"wp:featuredmedia":[{"embeddable":true,"href":"https:\/\/juanxxiii.e12.ve\/home\/wp-json\/wp\/v2\/media\/29232"}],"wp:attachment":[{"href":"https:\/\/juanxxiii.e12.ve\/home\/wp-json\/wp\/v2\/media?parent=94"}],"curies":[{"name":"wp","href":"https:\/\/api.w.org\/{rel}","templated":true}]}}