{"id":88,"date":"2010-07-29T19:45:57","date_gmt":"2010-07-29T19:45:57","guid":{"rendered":"http:\/\/juanxxiii.e12.ve\/home\/?page_id=88"},"modified":"2011-02-23T17:48:17","modified_gmt":"2011-02-23T17:48:17","slug":"historia","status":"publish","type":"page","link":"https:\/\/juanxxiii.e12.ve\/home\/quienes-somos\/historia","title":{"rendered":"Historia"},"content":{"rendered":"<p>El Instituto Educacional Juan XXIII, fue fundado en Septiembre de 1964 por el profesor V\u00edctor Luckert, Sra. Mar\u00eda de Luckert y el se\u00f1or Favio Mart\u00ednez. En el a\u00f1o de 1965 lo adquiere el profesor Dimas Segovia Ch\u00e1vez, entonces el colegio funcionaba en la calle Alejo Zuloaga de la Urbanizaci\u00f3n El Trigal en una casa de 2 plantas, ten\u00eda los niveles: Kinder, Preparatorio, Primero, segundo y tercer grado, despu\u00e9s poco a poco se abrieron. Cuarto, quinto y sexto grado, as\u00ed se hizo con el bachillerato, pero es con los esposos Segovia Ch\u00e1vez con quienes se comienzan a realizar cambios dentro de la Instituci\u00f3n. El colegio fue trasladado para la casa de los Segovia en la calle Miguel Pe\u00f1a desde primero hasta sexto grado  y despu\u00e9s primero a tercer a\u00f1o de bachillerato. Para el nivel de Pre-escolar se alquil\u00f3 un local. Todo esto se hizo mientras se empezaba a construir la sede de la calle San Enrique, la cual estuvo lista en el a\u00f1o 1968 la primera edificaci\u00f3n  y en el a\u00f1o 1970 la segunda. En el a\u00f1o de  1978 se construy\u00f3 la sede de la calle Autocinema y posteriormente se adquiere la sede de Piedras Pintadas para pre-escolar. Como director General de la Instituci\u00f3n estaba el profesor Dimas Segovia a partir del a\u00f1o 67 (cuando comenz\u00f3 bachillerato) y como Directora de primaria la se\u00f1ora Leny M\u00e9ndez de Segovia desde 1965.<\/p>\n<p>La primera promoci\u00f3n de bachilleres en Ciencias egres\u00f3 en el a\u00f1o 1972, despu\u00e9s se abri\u00f3 la menci\u00f3n de Humanidades.<\/p>\n<p>En el a\u00f1o 1977, el personal asciende aproximadamente a 100 empleados entre docentes, obreros y administrativo. Siempre que se le preguntaba al profesor Segovia sobre los proyectos que ten\u00eda para el futuro, el respond\u00eda si Dios me da vida y salud son seguir adecuando al Instituto a las necesidades de nuestra comunidad y abrir m\u00e1s aulas.<br \/>\nEl Instituto siempre se destacado en todas las actividades acad\u00e9micas y deportivas, los alumnos que egresan del colegio tienen una preparaci\u00f3n integral.<\/p>\n<p>Uno de los lemas del profesor Segovia era que todo hab\u00eda que hacerlo bien, trabajar duro para ser cada d\u00eda mejor y seguir mereciendo la confianza de los padres y representantes, continuar satisfaciendo las ansias de conocimiento de nuestros alumnos para que cuando egresaran fueran buenos profesionales.<\/p>\n<p>El personal docente que ha conformado la instituci\u00f3n desde su origen ha sido de excelente calidad, el profesor Segovia fue muy exigente con todos sus empleados y alumnos, la presentaci\u00f3n personal, normas de disciplina, la puntualidad, el rendimiento eran unas de sus principales preocupaciones, todo esto hizo posible que d\u00eda a d\u00eda el Instituto fuera creciendo convirti\u00e9ndose hoy en una Instituci\u00f3n conformada por cinco sedes que cuentan con 2000 alumnos aproximadamente.<\/p>\n","protected":false},"excerpt":{"rendered":"<p>El Instituto Educacional Juan XXIII, fue fundado en Septiembre de 1964 por el profesor V\u00edctor Luckert,&#8230;<\/p>\n","protected":false},"author":9,"featured_media":29232,"parent":81,"menu_order":1,"comment_status":"closed","ping_status":"open","template":"","meta":[],"_links":{"self":[{"href":"https:\/\/juanxxiii.e12.ve\/home\/wp-json\/wp\/v2\/pages\/88"}],"collection":[{"href":"https:\/\/juanxxiii.e12.ve\/home\/wp-json\/wp\/v2\/pages"}],"about":[{"href":"https:\/\/juanxxiii.e12.ve\/home\/wp-json\/wp\/v2\/types\/page"}],"author":[{"embeddable":true,"href":"https:\/\/juanxxiii.e12.ve\/home\/wp-json\/wp\/v2\/users\/9"}],"replies":[{"embeddable":true,"href":"https:\/\/juanxxiii.e12.ve\/home\/wp-json\/wp\/v2\/comments?post=88"}],"version-history":[{"count":6,"href":"https:\/\/juanxxiii.e12.ve\/home\/wp-json\/wp\/v2\/pages\/88\/revisions"}],"predecessor-version":[{"id":4053,"href":"https:\/\/juanxxiii.e12.ve\/home\/wp-json\/wp\/v2\/pages\/88\/revisions\/4053"}],"up":[{"embeddable":true,"href":"https:\/\/juanxxiii.e12.ve\/home\/wp-json\/wp\/v2\/pages\/81"}],"wp:featuredmedia":[{"embeddable":true,"href":"https:\/\/juanxxiii.e12.ve\/home\/wp-json\/wp\/v2\/media\/29232"}],"wp:attachment":[{"href":"https:\/\/juanxxiii.e12.ve\/home\/wp-json\/wp\/v2\/media?parent=88"}],"curies":[{"name":"wp","href":"https:\/\/api.w.org\/{rel}","templated":true}]}}