{"id":8255,"date":"2011-11-01T16:04:30","date_gmt":"2011-11-01T16:04:30","guid":{"rendered":"http:\/\/www.juanxxiii.e12.ve\/home\/?page_id=8255"},"modified":"2014-05-19T08:30:48","modified_gmt":"2014-05-19T13:00:48","slug":"actividades-de-servicio-a-la-comunidad","status":"publish","type":"page","link":"https:\/\/juanxxiii.e12.ve\/home\/manual-de-convivencia\/actividades-de-servicio-a-la-comunidad","title":{"rendered":"Actividades de ayuda a la Comunidad"},"content":{"rendered":"<p><strong>Actividades de ayuda a la comunidad (Solidaridad, cooperaci\u00f3n, respeto y responsabilidad)<\/strong><\/p>\n<p><strong>Funcamama:<\/strong> 2 veces al mes. Se apoya a la Fundaci\u00f3n en eventos como protocolo. Se dictan charlas informativas a colegios p\u00fablicos y privados con la finalidad de promover entre adolescentes el auto-examen y los tips de c\u00f3mo evitar el c\u00e1ncer de mamas.<br \/>\nValores. Responsabilidad, solidaridad, tolerancia<\/p>\n<p><strong>Fundanica:<\/strong> 2 veces al mes. Se apoya a la Fundaci\u00f3n como protocolo, con las ventas de rifas. Se visita al Hospital Dr. \u00c1ngel Larralde para compartir con los pacientes ni\u00f1os y adolescentes con c\u00e1ncer. Se participa con la estudiantina y flauta para integrar a otros alumnos de edades m\u00e1s peque\u00f1as en las labores comunitarias. Se realizan donaciones en juguetes, textos escolares y material para ser utilizado en la aula hospitalaria con los pacientes. Valores: solidaridad, respeto, tolerancia, compasi\u00f3n, responsabilidad.<\/p>\n<p><strong>Inager:<\/strong> 2 veces al mes se visita a Instituci\u00f3n con la finalidad de compartir con los abuelos una merienda, as\u00ed como tambi\u00e9n actividades deportivas como juego de bolas criollas, domin\u00f3, y experiencias culturales con los alumnos de estudiantina, y flauta.<br \/>\nDonaciones de ropa, productos de aseo personal, y alimentos. Valores. Tolerancia, respeto, solidaridad, fraternidad, responsabilidad<\/p>\n<p><strong>San Mart\u00edn de Porres:<\/strong> 1 vez al mes para compartir con los abuelos. Donaciones en medicinas, alimentos, ropa, productos de aseo personal. Se invitan igualmente a la flauta, estudiantina y teatro para sus experiencias de aprendizaje social. Valores. Solidaridad, compasi\u00f3n, respeto, responsabilidad<\/p>\n<p><strong>Casa Hogar Sagrado Coraz\u00f3n de Tinaquillo:<\/strong> Se visita la instituci\u00f3n 2 veces en el mes. Se comparte cuna merienda con las ni\u00f1as, se llevan donaciones de ropa, textos escolares, se intercambian conocimientos en las \u00e1reas de matem\u00e1tica, castellano, f\u00edsica, ingl\u00e9s y bailo terapias. Valores. Justicia, tolerancia, respeto, responsabilidad, amistad<\/p>\n<p><strong>Visita a Cocorote el Santuario de la Madre Teresa:<\/strong> 1 vez cada 6 meses para aportar pa\u00f1ales, material m\u00e9dico, ropa, productos de aseo personal. Intercambio cultural de m\u00fasica. Valores. Solidaridad, responsabilidad, tolerancia, compasi\u00f3n.<\/p>\n<p><strong>Visita a las Playas de Chichiriviche y Tucacas:<\/strong> 1 vez en el a\u00f1o escolar con la finalidad de aportar un grano de apoyo a esos pueblos as\u00ed como promover el cuidado del medio ambiente con la limpieza de las playas. Se promueve y se reafirma la fe cat\u00f3lica asistiendo a misa para hacer la ofrenda de las donaciones. Se donan ropa, juguetes, textos escolares. Valores. Amor por el medio ambiente, responsabilidad, solidaridad, amistad, tolerancia. trabajo en equipo<\/p>\n<p><strong>Casa Don Bosco: <\/strong>Cada mes los alumnos de 9no tienen la responsabilidad de aportar los refrescos para celebrar las fiestas de los cumplea\u00f1os. Valor. Solidaridad, respeto, compromiso, responsabilidad.<\/p>\n<p><strong>Preparadoras de F\u00edsica y Matem\u00e1tica:<\/strong> Se realizan 1 vez a la semana para reforzar a los alumnos con sus debilidades.<br \/>\nValor. Responsabilidad, \u00e9tica, m\u00edstica de trabajo, trabajo en equipo<\/p>\n<p><strong>Casa Hogar San Antonio de la Trigale\u00f1a:<\/strong> 2 veces al mes para apoyar con lectura, escritura, matem\u00e1tica e ingl\u00e9s a los j\u00f3venes que viven en esa casa hogar. Valor. Responsabilidad, amistad, respeto<\/p>\n<p><strong>Casa de Muchas Manos en Bejuma:<\/strong> 1 vez en el a\u00f1o escolar con los alumnos de 6to grado para compartir con las ni\u00f1as y adolescentes de la casa hogar se intercambian experiencias y se llevan donativos en comida. Valor. Amistad, respeto, solidaridad<\/p>\n<p><strong>Maternidad del Sur: <\/strong>Se realizan canastillas para ser entregadas en los meses de Diciembre y Mayo a las adolescentes con embarazo precoz. Valor. Responsabilidad, amistad, trabajo en equipo, solidaridad.<\/p>\n<p><strong>Hospital Central: <\/strong>Se visita 4 mi\u00e9rcoles al mes. Se realizan donaciones, se comparte con las Damas Voluntarias del Hospital las visitas al \u00e1rea de pediatr\u00eda para compartir con los ni\u00f1os enfermos hospitalizados. Valor. Responsabilidad, tolerancia, paciencia, solidaridad, trabajo en equipo.<\/p>\n<p><strong>Preparadur\u00edas de los Modelos de Naciones Unidas:<\/strong> Se dictan preparadur\u00edas a los j\u00f3venes que deseen participar en los Modelos. Valor. \u00c9tica, responsabilidad, compromiso<\/p>\n<p><strong>Dividendo Voluntario para la Comunidad:<\/strong> Se apoya con donaciones y con apoyo de los alumnos en ciertas actividades de protocolo. Cuando ellos nos indican cuando apoyar, adaptamos nuestros horarios y j\u00f3venes para colaborar con la instituci\u00f3n. Valor. Compromiso, responsabilidad.<\/p>\n<p><strong>Prodein:<\/strong> En el mes de Diciembre se hacen recolectas de juguetes para ser entregados a los ni\u00f1os de G\u00fcig\u00fce. Valor. Compromiso, responsabilidad, solidaridad.<\/p>\n<p><strong>Cabe destacar que cuando instituciones como la Universidad de Carabobo nos presenta una carta solicitando apoyo en alimentos para llevar en sus proyectos sociales a los indios de la Gran Sabana, nosotros tambi\u00e9n colaboramos con donaciones.<br \/>\nFundacardio cuando nos solicitan como protocolo tambi\u00e9n asistimos, al igual que la Fundaci\u00f3n Gran Tarugo Suarez. Apoyamos con el Telecoraz\u00f3n y con el Potazo de las Colmenas. Apoyo a la Comunidad Ind\u00edgena de los Yanomamis.<\/strong><\/p>\n<p><strong>Izamiento de Banderas: <\/strong>Todos los d\u00edas para resaltar el respeto a los s\u00edmbolos patrios. Valor. Respeto, compromiso, responsabilidad<\/p>\n<p><strong>Protocolo: <\/strong>En todos los eventos del colegio y fuera de \u00e9l. Valor. Responsabilidad, compromiso, tolerancia.<\/p>\n","protected":false},"excerpt":{"rendered":"<p>Actividades de ayuda a la comunidad (Solidaridad, cooperaci\u00f3n, respeto y responsabilidad) Funcamama: 2 veces al mes&#8230;.<\/p>\n","protected":false},"author":9,"featured_media":29232,"parent":65,"menu_order":0,"comment_status":"closed","ping_status":"open","template":"","meta":[],"_links":{"self":[{"href":"https:\/\/juanxxiii.e12.ve\/home\/wp-json\/wp\/v2\/pages\/8255"}],"collection":[{"href":"https:\/\/juanxxiii.e12.ve\/home\/wp-json\/wp\/v2\/pages"}],"about":[{"href":"https:\/\/juanxxiii.e12.ve\/home\/wp-json\/wp\/v2\/types\/page"}],"author":[{"embeddable":true,"href":"https:\/\/juanxxiii.e12.ve\/home\/wp-json\/wp\/v2\/users\/9"}],"replies":[{"embeddable":true,"href":"https:\/\/juanxxiii.e12.ve\/home\/wp-json\/wp\/v2\/comments?post=8255"}],"version-history":[{"count":5,"href":"https:\/\/juanxxiii.e12.ve\/home\/wp-json\/wp\/v2\/pages\/8255\/revisions"}],"predecessor-version":[{"id":23704,"href":"https:\/\/juanxxiii.e12.ve\/home\/wp-json\/wp\/v2\/pages\/8255\/revisions\/23704"}],"up":[{"embeddable":true,"href":"https:\/\/juanxxiii.e12.ve\/home\/wp-json\/wp\/v2\/pages\/65"}],"wp:featuredmedia":[{"embeddable":true,"href":"https:\/\/juanxxiii.e12.ve\/home\/wp-json\/wp\/v2\/media\/29232"}],"wp:attachment":[{"href":"https:\/\/juanxxiii.e12.ve\/home\/wp-json\/wp\/v2\/media?parent=8255"}],"curies":[{"name":"wp","href":"https:\/\/api.w.org\/{rel}","templated":true}]}}