{"id":81,"date":"2010-07-29T19:43:51","date_gmt":"2010-07-29T19:43:51","guid":{"rendered":"http:\/\/juanxxiii.e12.ve\/home\/?page_id=81"},"modified":"2022-09-30T10:30:44","modified_gmt":"2022-09-30T14:30:44","slug":"quienes-somos","status":"publish","type":"page","link":"https:\/\/juanxxiii.e12.ve\/home\/quienes-somos","title":{"rendered":"Qui\u00e9nes Somos"},"content":{"rendered":"<p>El Instituto Educacional Juan XXIII tiene su sede en la Urbanizaci\u00f3n El Trigal en la ciudad de Valencia, Estado Carabobo. Sustentada en los m\u00e1s altos valores morales, religiosos y \u00e9ticos de la sociedad venezolano, se dedica a la formaci\u00f3n integral del ser humano con el debido respeto a su diversidad y propiciando la inclusi\u00f3n para enfrentar el reto de una sociedad compleja y abierta a todas las corrientes del pensamiento.<\/p>\n<p>Para ello, contamos con un personal docente de la m\u00e1s alta calificaci\u00f3n humana, vocacional y acad\u00e9mica, capaz de modelar un gran equilibrio f\u00edsico, mental, emocional y espiritual; dispuesto siempre a la superaci\u00f3n profesional a capacitaci\u00f3n y la b\u00fasqueda de innovaciones pedag\u00f3gicas y tecnol\u00f3gicas que conduzcan el proceso de ense\u00f1anza-aprendizaje hacia la excelencia educativa y a la integraci\u00f3n de la diversidad humana.<\/p>\n<p>Nuestro Proyecto Pedag\u00f3gico se orienta hacia la formaci\u00f3n de ciudadanos equilibrados, de mentalidad abierta, con gran sensibilidad cultural, deportivamente competitivos, de\u00a0<strong><em>pensamiento cr\u00edtico<\/em><\/strong>, amantes y defensores de nuestro medio ambiente, con un alto nivel de\u00a0<strong><em>espiritualidad y solidaridad humana<\/em><\/strong>, \u00edntegros, indagadores,\u00a0<strong><em>orgullosos de su identidad<\/em><\/strong>, informados e instruidos, con audacia y buena comunicaci\u00f3n, capaces de interpretar las necesidades cambiantes de nuestro\u00a0<strong>pa\u00eds para generar cambios positivos que mejoren la calidad de vida de todos, propiciando la paz en su entorno y en el mundo. <\/strong><\/p>\n<ul>\n<li><a href=\"https:\/\/juanxxiii.e12.ve\/home\/quienes-somos\/historia\">Historia<\/a><\/li>\n<li><a href=\"https:\/\/juanxxiii.e12.ve\/home\/quienes-somos\/himno-del-colegio\">Himno del colegio<\/a><\/li>\n<li><a href=\"https:\/\/juanxxiii.e12.ve\/home\/quienes-somos\/organigrama\">Organigrama<\/a><\/li>\n<li><a href=\"https:\/\/juanxxiii.e12.ve\/home\/quienes-somos\/papa-juan-xxiii\">Papa Juan XXIII<\/a><\/li>\n<li><a href=\"https:\/\/juanxxiii.e12.ve\/home\/quienes-somos\/dimas-segovia-chavez\">Dimas Segovia Ch\u00e1vez<\/a><\/li>\n<\/ul>\n","protected":false},"excerpt":{"rendered":"<p>El Instituto Educacional Juan XXIII tiene su sede en la Urbanizaci\u00f3n El Trigal en la ciudad&#8230;<\/p>\n","protected":false},"author":4,"featured_media":29232,"parent":0,"menu_order":0,"comment_status":"closed","ping_status":"open","template":"page-sidebar.php","meta":[],"_links":{"self":[{"href":"https:\/\/juanxxiii.e12.ve\/home\/wp-json\/wp\/v2\/pages\/81"}],"collection":[{"href":"https:\/\/juanxxiii.e12.ve\/home\/wp-json\/wp\/v2\/pages"}],"about":[{"href":"https:\/\/juanxxiii.e12.ve\/home\/wp-json\/wp\/v2\/types\/page"}],"author":[{"embeddable":true,"href":"https:\/\/juanxxiii.e12.ve\/home\/wp-json\/wp\/v2\/users\/4"}],"replies":[{"embeddable":true,"href":"https:\/\/juanxxiii.e12.ve\/home\/wp-json\/wp\/v2\/comments?post=81"}],"version-history":[{"count":12,"href":"https:\/\/juanxxiii.e12.ve\/home\/wp-json\/wp\/v2\/pages\/81\/revisions"}],"predecessor-version":[{"id":40672,"href":"https:\/\/juanxxiii.e12.ve\/home\/wp-json\/wp\/v2\/pages\/81\/revisions\/40672"}],"wp:featuredmedia":[{"embeddable":true,"href":"https:\/\/juanxxiii.e12.ve\/home\/wp-json\/wp\/v2\/media\/29232"}],"wp:attachment":[{"href":"https:\/\/juanxxiii.e12.ve\/home\/wp-json\/wp\/v2\/media?parent=81"}],"curies":[{"name":"wp","href":"https:\/\/api.w.org\/{rel}","templated":true}]}}