{"id":7780,"date":"2011-09-23T20:55:03","date_gmt":"2011-09-23T20:55:03","guid":{"rendered":"http:\/\/www.juanxxiii.e12.ve\/home\/?page_id=7780"},"modified":"2011-11-01T16:17:02","modified_gmt":"2011-11-01T16:17:02","slug":"incentivos-o-meritos-para-la-comunidad-educativa","status":"publish","type":"page","link":"https:\/\/juanxxiii.e12.ve\/home\/manual-de-convivencia\/incentivos-o-meritos-para-la-comunidad-educativa","title":{"rendered":"Incentivos o m\u00e9rito para la Comunidad Educativa"},"content":{"rendered":"<ul>\n<li><strong>Bot\u00f3n a la      excelencia acad\u00e9mica Dimas Segovia Ch\u00e1vez.<\/strong><\/li>\n<\/ul>\n<p>Ser\u00e1n credenciales para el otorgamiento de esta condecoraci\u00f3n:<\/p>\n<p><strong> <\/strong><\/p>\n<p>&nbsp;<\/p>\n<p>Para docentes:<strong> <\/strong><\/p>\n<p><strong> <\/strong><\/p>\n<p>Ser maestro de Colegios Andiepistas.<\/p>\n<p>Con alta vocaci\u00f3n de servicio.<\/p>\n<p>Excelente desempe\u00f1o docente.<\/p>\n<p>Destacada actuaci\u00f3n en proyectos y eventos donde se haya elevado el gentilicio del colegio donde trabaja.<\/p>\n<p>Respetado y querido por sus alumnos.<\/p>\n<p>Amor a su trabajo.<\/p>\n<p>Relevancia en la aplicabilidad de estrategias educativas creativas, que realcen su actividad como docente.<\/p>\n<p>Ejemplo de constancia y dedicaci\u00f3n a su trabajo.<\/p>\n<p>&nbsp;<\/p>\n<p>&nbsp;<\/p>\n<p>Directores y\/o Propietarios:<\/p>\n<p>Fundador de Seccionales de Andiep<\/p>\n<p>Pertenecer a Institutos Educativos Andiepistas<\/p>\n<p>Que las Instituciones que representan hayan puesto en marchas proyectos \u00a0\u00a0\u00a0\u00a0\u00a0\u00a0\u00a0 educativos relevantes.<\/p>\n<p>Con participaci\u00f3n de estudiantes en actividades deportivas, culturales y acad\u00e9micas a nivel regional y nacional.<\/p>\n<p>Apoyo constante a la comunidad a trav\u00e9s de actividades sociales.<\/p>\n<p>Preocupados por la preparaci\u00f3n de su equipo de docentes en temas\u00a0 educativos de \u00a0\u00a0\u00a0 vanguardia.<\/p>\n<p>&nbsp;<\/p>\n<p>&nbsp;<\/p>\n<p>&nbsp;<\/p>\n<p>&nbsp;<\/p>\n<p>Este bot\u00f3n se da en el mes de Enero.<\/p>\n<p><strong> <\/strong><\/p>\n<ul>\n<li><strong>Orden Rafael      Vegas<\/strong><\/li>\n<\/ul>\n<p>&nbsp;<\/p>\n<p>Por a\u00f1os de servicios, se premia en Enero por 10, 20 y mas 30 a\u00f1os en la docencia<\/p>\n<ul>\n<li><strong>Orden m\u00e9rito      al trabajo \u201cOlinda Burgos\u201d<\/strong><\/li>\n<\/ul>\n<p>Son merecedores de esta orden el personal administrativo que cumpla con estas cualidades que sea responsable con su desempe\u00f1o, puntual, solidario, colaborador, ejemplo a seguir, apegado con la misi\u00f3n y declaraci\u00f3n de principios de la Instituci\u00f3n.<\/p>\n<p>Este premio se da en el Mes de Octubre.<\/p>\n<p>Todo el personal a trav\u00e9s de una encuesta vota por tres candidatos que sea merecedores de esta orden, en forma an\u00f3nima la Coordinaci\u00f3n de Recursos Humanos Procesa la informaci\u00f3n y la presenta a todo el personal, mostrando tres nominados y el Candidato que obtuvo\u00a0 la mayor puntuaci\u00f3n que es el merecedor del premio.<\/p>\n<p>&nbsp;<\/p>\n<p>Los premios son variados:<\/p>\n<p>1.- Fin de Semana en la Colonia Tovar.<\/p>\n<p>2.- Fin de semana en posadas en Tucacas.<\/p>\n<p>3.- Fin de Semana en Posadas en Chichiriviche.<\/p>\n<p>&nbsp;<\/p>\n<p>&nbsp;<\/p>\n<ul>\n<li><strong>Premio al m\u00e1s      popular<\/strong><\/li>\n<\/ul>\n<p>Estos premios se dan al personal administrativo y mantenimiento a trav\u00e9s de una encuesta\u00a0 donde\u00a0 la persona merecedora del mismo debe reunir las siguientes cualidades:<\/p>\n<p>1.- El m\u00e1s conocido de su sede.<\/p>\n<p>2.- Amistoso.<\/p>\n<p>3.- Simp\u00e1tico.<\/p>\n<p>4.- Dispuesto a ayudar.<\/p>\n<p>5.- Presente en todos los eventos.<\/p>\n<p>6.- Cari\u00f1oso.<\/p>\n<p>7.- Solidario.<\/p>\n<p>A los nominados se les da un certificado y a los ganadores se les da:<\/p>\n<p>1.- Obsequios que pueden ser prendas de vestir, relojes o bisuter\u00eda.<\/p>\n<p>2.- Una placa.<\/p>\n<p>&nbsp;<\/p>\n<p>En el personal de administrativo e te premio se da a finales de Septiembre<\/p>\n<p>En el personal de mantenimiento en el mes de Mayo.<\/p>\n<p><strong> <\/strong><\/p>\n<ul>\n<li><strong>Bot\u00f3n merito      al trabajo Juan Maquez<\/strong><\/li>\n<\/ul>\n<p><strong> <\/strong><\/p>\n<p>Se da este bot\u00f3n al personal de mantenimiento que re\u00fana este perfil:<\/p>\n<p>Gran trabajador, sencillo, humilde, dedicaci\u00f3n y apoyo incondicional a su colegio.<\/p>\n<p><strong> <\/strong><\/p>\n<ul>\n<li><strong>Tutor del a\u00f1o<\/strong><\/li>\n<\/ul>\n<p>Se premia al docente\u00a0 por su labor excelente en el seguimiento de los alumnos, comunicaci\u00f3n con los padres y resoluci\u00f3n de conflictos.<\/p>\n<p>&nbsp;<\/p>\n<ul>\n<li><strong>Docente del      a\u00f1o<\/strong><\/li>\n<\/ul>\n<p>Premio a los docentes que re\u00fanan este perfil:<\/p>\n<p>Asistencia y puntualidad<\/p>\n<p>Esp\u00edritu Docente<\/p>\n<p>Solidario con la instituci\u00f3n,<\/p>\n<p>Responsabilidad<\/p>\n<p>Compa\u00f1eros y alumnos<\/p>\n<p>Colaborador<\/p>\n<p>L\u00edder de Proyectos<\/p>\n<p>Innovador y creativo<\/p>\n<p>Constante actualizaci\u00f3n profesional<\/p>\n<p>&nbsp;<\/p>\n<ul>\n<li><strong>Coordinador del      a\u00f1o<\/strong><\/li>\n<\/ul>\n<p>Premio a los Coordinadores que re\u00fanan el siguiente perfil: trabajo en equipo, liderazgo, organizado, seguimiento y evaluaci\u00f3n de su grupo de trabajo, compromiso con la misi\u00f3n del colegio, puntual y responsable, buen compa\u00f1ero. Este premio se entrega cuando se conmemora el D\u00eda del maestro en el mes de Enero. Se le entrega diplomas a los nominados y fin de semana colonia Tovar y playas.<\/p>\n<p>&nbsp;<\/p>\n<ul>\n<li>Cuadro      de Honor a los estudiantes, con promedios mayores de 17 puntos<\/li>\n<li>Actuaci\u00f3n      destacada, para alumnos con promedio de 16 puntos<\/li>\n<li>Asistencia      Perfecta y Destacada, para alumnos que hayan cumplido con la asistencia      completa durante el a\u00f1o escolar<\/li>\n<li>Premios      a los Deportistas destacados<\/li>\n<\/ul>\n<p>Los alumnos se premian con medallas y diplomas.<\/p>\n","protected":false},"excerpt":{"rendered":"<p>Bot\u00f3n a la excelencia acad\u00e9mica Dimas Segovia Ch\u00e1vez. Ser\u00e1n credenciales para el otorgamiento de esta condecoraci\u00f3n:&#8230;<\/p>\n","protected":false},"author":9,"featured_media":29232,"parent":65,"menu_order":0,"comment_status":"closed","ping_status":"open","template":"","meta":[],"_links":{"self":[{"href":"https:\/\/juanxxiii.e12.ve\/home\/wp-json\/wp\/v2\/pages\/7780"}],"collection":[{"href":"https:\/\/juanxxiii.e12.ve\/home\/wp-json\/wp\/v2\/pages"}],"about":[{"href":"https:\/\/juanxxiii.e12.ve\/home\/wp-json\/wp\/v2\/types\/page"}],"author":[{"embeddable":true,"href":"https:\/\/juanxxiii.e12.ve\/home\/wp-json\/wp\/v2\/users\/9"}],"replies":[{"embeddable":true,"href":"https:\/\/juanxxiii.e12.ve\/home\/wp-json\/wp\/v2\/comments?post=7780"}],"version-history":[{"count":4,"href":"https:\/\/juanxxiii.e12.ve\/home\/wp-json\/wp\/v2\/pages\/7780\/revisions"}],"predecessor-version":[{"id":8264,"href":"https:\/\/juanxxiii.e12.ve\/home\/wp-json\/wp\/v2\/pages\/7780\/revisions\/8264"}],"up":[{"embeddable":true,"href":"https:\/\/juanxxiii.e12.ve\/home\/wp-json\/wp\/v2\/pages\/65"}],"wp:featuredmedia":[{"embeddable":true,"href":"https:\/\/juanxxiii.e12.ve\/home\/wp-json\/wp\/v2\/media\/29232"}],"wp:attachment":[{"href":"https:\/\/juanxxiii.e12.ve\/home\/wp-json\/wp\/v2\/media?parent=7780"}],"curies":[{"name":"wp","href":"https:\/\/api.w.org\/{rel}","templated":true}]}}