{"id":7770,"date":"2011-09-23T20:35:10","date_gmt":"2011-09-23T20:35:10","guid":{"rendered":"http:\/\/www.juanxxiii.e12.ve\/home\/?page_id=7770"},"modified":"2011-09-23T20:35:10","modified_gmt":"2011-09-23T20:35:10","slug":"normas-de-ingreso-y-permanencia-en-la-cantina","status":"publish","type":"page","link":"https:\/\/juanxxiii.e12.ve\/home\/manual-de-convivencia\/normas-de-ingreso-y-permanencia-en-la-cantina","title":{"rendered":"Normas de ingreso y permanencia en la cantina"},"content":{"rendered":"<p><strong>Ingreso<\/strong><\/p>\n<p>Los alumnos bajaran a desayunar con el timbre de las 8:35, tienen prioridad los alumnos de 7mo y los que est\u00e1n en  Educaci\u00f3n F\u00edsica, ellos vendr\u00e1n a las 8:30.<br \/>\nLa Cantina funciona hasta las 8:55, hora en que suena el timbre de regreso a las aulas.<br \/>\nEl 2do timbre es de 10:25 a 10:30, en este receso los alumnos pueden comprar algo para tomar.<br \/>\nEl 3er timbre es a partir de las 12:00 hasta las 12:05, funciona como el anterior, con los alumnos que deben retornar a sus aulas..<\/p>\n<p><strong>Formaci\u00f3n<\/strong><\/p>\n<p>Hay dos personas vendiendo tickets en la cantina 2, por lo tanto, los alumnos deben formar de 2 en 2  para comprar los  tickets<br \/>\nHay 3 filas para comprar los alimentos, los alumnos forman de 3 en 3. En la cantina 1 hay 2 filas para comprar los tickets, una<br \/>\nPara 6to y una para bachillerato, ambas de 1 en 1, para comprar los alimentos 1 fila de 2 en 2, esto por el poco espacio.<br \/>\nPara aligerar el proceso,  los alumnos que llegan antes de as 6:50 y se re\u00fanen en el Mirador, pueden comprar sus tickets con anticipaci\u00f3n.<\/p>\n<p><strong>Permanencia en las cantinas<\/strong><\/p>\n<p>La permanencia en la cantina ser\u00e1 cuando est\u00e1n comprando los tickets y los alimentos y cuando se re\u00fanen para comer, se deben reunir en el Mirador, la plaza, las gradas y cualquier sitio que no entorpezca el libre paso de los alumnos y profesores.<br \/>\nFuera de este contexto, los alumnos deber\u00e1n solicitar permiso para comprar en la cantina fuera del horario respectivo, el permiso les ser\u00e1 dado en la coordinaci\u00f3n de seguimiento estudiantil.<\/p>\n","protected":false},"excerpt":{"rendered":"<p>Ingreso Los alumnos bajaran a desayunar con el timbre de las 8:35, tienen prioridad los alumnos&#8230;<\/p>\n","protected":false},"author":9,"featured_media":29232,"parent":65,"menu_order":0,"comment_status":"closed","ping_status":"open","template":"","meta":[],"_links":{"self":[{"href":"https:\/\/juanxxiii.e12.ve\/home\/wp-json\/wp\/v2\/pages\/7770"}],"collection":[{"href":"https:\/\/juanxxiii.e12.ve\/home\/wp-json\/wp\/v2\/pages"}],"about":[{"href":"https:\/\/juanxxiii.e12.ve\/home\/wp-json\/wp\/v2\/types\/page"}],"author":[{"embeddable":true,"href":"https:\/\/juanxxiii.e12.ve\/home\/wp-json\/wp\/v2\/users\/9"}],"replies":[{"embeddable":true,"href":"https:\/\/juanxxiii.e12.ve\/home\/wp-json\/wp\/v2\/comments?post=7770"}],"version-history":[{"count":2,"href":"https:\/\/juanxxiii.e12.ve\/home\/wp-json\/wp\/v2\/pages\/7770\/revisions"}],"predecessor-version":[{"id":7772,"href":"https:\/\/juanxxiii.e12.ve\/home\/wp-json\/wp\/v2\/pages\/7770\/revisions\/7772"}],"up":[{"embeddable":true,"href":"https:\/\/juanxxiii.e12.ve\/home\/wp-json\/wp\/v2\/pages\/65"}],"wp:featuredmedia":[{"embeddable":true,"href":"https:\/\/juanxxiii.e12.ve\/home\/wp-json\/wp\/v2\/media\/29232"}],"wp:attachment":[{"href":"https:\/\/juanxxiii.e12.ve\/home\/wp-json\/wp\/v2\/media?parent=7770"}],"curies":[{"name":"wp","href":"https:\/\/api.w.org\/{rel}","templated":true}]}}