{"id":7762,"date":"2011-09-23T20:19:36","date_gmt":"2011-09-23T20:19:36","guid":{"rendered":"http:\/\/www.juanxxiii.e12.ve\/home\/?page_id=7762"},"modified":"2011-09-23T20:25:36","modified_gmt":"2011-09-23T20:25:36","slug":"normas-de-ingreso-al-centro-de-recursos-para-el-aprendizaje","status":"publish","type":"page","link":"https:\/\/juanxxiii.e12.ve\/home\/manual-de-convivencia\/normas-de-ingreso-al-centro-de-recursos-para-el-aprendizaje","title":{"rendered":"Normas de ingreso al Centro de Recursos para el Aprendizaje"},"content":{"rendered":"<p><strong>Normas para el ingreso del Centro de Recursos para el Aprendizaje<\/strong><\/p>\n<ul>\n<li>Los      alumnos deber\u00e1n utilizar el uniforme reglamentario de la Instituci\u00f3n. Como      lo establece el manual de convivencia.<\/li>\n<li>La      solicitud del material bibliogr\u00e1fico se realizara a trav\u00e9s de\u00a0 ficha Bibliogr\u00e1fica.<\/li>\n<li>Los      pr\u00e9stamos circulantes se llevara por\u00a0      hojas de Registros. La cual permitir\u00e1 los alumnos consulten el      material bibliogr\u00e1fico por 3 d\u00edas.<\/li>\n<li>El      CRA tiene como objetivo exclusivo para la realizaci\u00f3n de trabajos de      Investigaci\u00f3n<\/li>\n<li>El      uso de los Equipos de Tecnolog\u00eda ser\u00e1 Exclusivo para Investigar<\/li>\n<li> Se recomienda al alumnado cumplir con las      normas establecidas, para lograr una excelente comunicaci\u00f3n.<\/li>\n<\/ul>\n<p>&nbsp;<\/p>\n<p><strong>Normas de permanencia<\/strong><\/p>\n<ul>\n<li>Las      Salas del CRA est\u00e1n dedicadas al estudio individual, por tanto, los      usuarios est\u00e1n en la obligaci\u00f3n de hablar en voz muy baja de forma que no      interrumpa el estudio del resto.<\/li>\n<\/ul>\n<ul>\n<li>El      estudio colectivo se realizar\u00e1 en las mesas de trabajo, estos se prestar\u00e1n      a m\u00e1s de tres\u00a0\u00a0 personas y no m\u00e1s de      5.<\/li>\n<\/ul>\n<ul>\n<li>No      se podr\u00e1 alterar el orden f\u00edsico del sal\u00f3n (cambio de sillas,\u00a0 uso de equipos de sonidos y m\u00f3vil, poner      los pies sobre las sillas.)<\/li>\n<\/ul>\n<ul>\n<li>Est\u00e1 terminantemente prohibido\u00a0 ingerir alimentos y bebidas en las salas de lectura.<\/li>\n<\/ul>\n<ul>\n<li>El\u00a0 personal\u00a0 encargado est\u00e1 en el deber de hacer cumplir\u00a0 los art\u00edculos anteriores, en caso de incurrir en falta se precisaran medidas.<\/li>\n<\/ul>\n<p><strong>SISTEMA DE PR\u00c9STAMOS<\/strong><\/p>\n<p><strong>LIBROS _ CRA <\/strong><\/p>\n<p><strong>Ficha Bibliogr\u00e1fica \u2013 Libros de Clases<\/strong><\/p>\n<p><strong> <\/strong><\/p>\n<table border=\"1\" cellspacing=\"0\" cellpadding=\"0\" width=\"607\" align=\"left\">\n<tbody>\n<tr>\n<td width=\"288\" valign=\"top\"><strong>Hora Salida:<\/strong>&nbsp;<\/p>\n<p><strong>Firma: <\/strong><\/td>\n<td width=\"319\" valign=\"top\"><strong>Hora Entrada:<\/strong>&nbsp;<\/p>\n<p><strong>Firma:<\/strong><\/td>\n<\/tr>\n<tr>\n<td colspan=\"2\" width=\"607\" valign=\"top\"><strong>Observaci\u00f3n:<\/strong>&nbsp;<\/p>\n<p>&nbsp;<\/td>\n<\/tr>\n<\/tbody>\n<\/table>\n<p><strong> <\/strong><\/p>\n<table border=\"1\" cellspacing=\"0\" cellpadding=\"0\" width=\"609\" align=\"left\">\n<tbody>\n<tr>\n<td width=\"223\">Coordinaci\u00f3n   Responsable<\/td>\n<td colspan=\"7\" width=\"386\"><\/td>\n<\/tr>\n<tr>\n<td width=\"223\">Nombre   del Docente<\/td>\n<td colspan=\"7\" width=\"386\"><\/td>\n<\/tr>\n<tr>\n<td width=\"223\">Asignatura<\/td>\n<td colspan=\"7\" width=\"386\"><\/td>\n<\/tr>\n<tr>\n<td width=\"223\">Fecha   de la Actividad<\/td>\n<td width=\"72\"><strong><span style=\"text-decoration: underline;\">D\u00eda<\/span><\/strong><\/td>\n<td width=\"60\"><\/td>\n<td width=\"72\"><strong><span style=\"text-decoration: underline;\">Mes<\/span><\/strong><\/td>\n<td width=\"60\"><\/td>\n<td width=\"67\"><strong><span style=\"text-decoration: underline;\">A\u00f1o<\/span><\/strong><\/td>\n<td colspan=\"2\" width=\"55\"><\/td>\n<\/tr>\n<tr>\n<td width=\"223\">Nombre   del Libro<\/td>\n<td colspan=\"7\" width=\"386\"><\/td>\n<\/tr>\n<tr>\n<td width=\"223\">Nombre   del Autor<\/td>\n<td colspan=\"7\" width=\"386\"><\/td>\n<\/tr>\n<tr>\n<td width=\"223\">Editorial<\/td>\n<td colspan=\"6\" width=\"336\">Cant<\/td>\n<td width=\"50\"><\/td>\n<\/tr>\n<\/tbody>\n<\/table>\n<p><\/br><br \/>\n<br \/><\/br><br \/>\n<br \/><\/br><br \/>\n<br \/><\/br><br \/>\n<br \/><\/br><br \/>\n<br \/><\/br><\/p>\n","protected":false},"excerpt":{"rendered":"<p>Normas para el ingreso del Centro de Recursos para el Aprendizaje Los alumnos deber\u00e1n utilizar el&#8230;<\/p>\n","protected":false},"author":9,"featured_media":29232,"parent":65,"menu_order":0,"comment_status":"closed","ping_status":"open","template":"","meta":[],"_links":{"self":[{"href":"https:\/\/juanxxiii.e12.ve\/home\/wp-json\/wp\/v2\/pages\/7762"}],"collection":[{"href":"https:\/\/juanxxiii.e12.ve\/home\/wp-json\/wp\/v2\/pages"}],"about":[{"href":"https:\/\/juanxxiii.e12.ve\/home\/wp-json\/wp\/v2\/types\/page"}],"author":[{"embeddable":true,"href":"https:\/\/juanxxiii.e12.ve\/home\/wp-json\/wp\/v2\/users\/9"}],"replies":[{"embeddable":true,"href":"https:\/\/juanxxiii.e12.ve\/home\/wp-json\/wp\/v2\/comments?post=7762"}],"version-history":[{"count":6,"href":"https:\/\/juanxxiii.e12.ve\/home\/wp-json\/wp\/v2\/pages\/7762\/revisions"}],"predecessor-version":[{"id":7764,"href":"https:\/\/juanxxiii.e12.ve\/home\/wp-json\/wp\/v2\/pages\/7762\/revisions\/7764"}],"up":[{"embeddable":true,"href":"https:\/\/juanxxiii.e12.ve\/home\/wp-json\/wp\/v2\/pages\/65"}],"wp:featuredmedia":[{"embeddable":true,"href":"https:\/\/juanxxiii.e12.ve\/home\/wp-json\/wp\/v2\/media\/29232"}],"wp:attachment":[{"href":"https:\/\/juanxxiii.e12.ve\/home\/wp-json\/wp\/v2\/media?parent=7762"}],"curies":[{"name":"wp","href":"https:\/\/api.w.org\/{rel}","templated":true}]}}