{"id":7757,"date":"2011-09-23T20:01:15","date_gmt":"2011-09-23T20:01:15","guid":{"rendered":"http:\/\/www.juanxxiii.e12.ve\/home\/?page_id=7757"},"modified":"2011-09-23T20:06:56","modified_gmt":"2011-09-23T20:06:56","slug":"deberes-de-la-comunidad-educativa","status":"publish","type":"page","link":"https:\/\/juanxxiii.e12.ve\/home\/manual-de-convivencia\/deberes-de-la-comunidad-educativa","title":{"rendered":"Deberes de la Comunidad Educativa"},"content":{"rendered":"<p><strong>Deberes de los Docentes<\/strong><\/p>\n<p>\u2022\tAsistir a cursos de capacitaci\u00f3n profesional para el mejoramiento de su desarrollo acad\u00e9mico.<br \/>\n\u2022\tCumplir con la misi\u00f3n y declaraci\u00f3n de principios del Instituto.<br \/>\n\u2022\tVelar por el equilibrio y bienestar biopsicosocial  y emocional del alumno.<br \/>\n\u2022\tFacilitar al estudiante la distribuci\u00f3n detallada de contenidos y planes de evaluaci\u00f3n y cr\u00edticos que ser\u00e1n ejecutados durante su periodo escolar.<br \/>\n\u2022\tLa ense\u00f1anza de los valores dentro de las horas de clases.<br \/>\n\u2022\tDeben poseer \u00e9tica, moral y vocaci\u00f3n del ejercicio de su profesi\u00f3n.<br \/>\n\u2022\tTratar con respeto a los estudiantes.<br \/>\n\u2022\tEscuchar las solicitudes de los estudiantes y aceptar las sugerencias.<br \/>\n\u2022\tDebe propiciar un ambiente donde fundamente la igualdad de derechos y deberes de solidaridad, el esfuerzo com\u00fan, la comprensi\u00f3n mutua y el respeto rec\u00edproco entre sus integrantes.<br \/>\n\u2022\tOrientar al estudiante en el ejercicio progresivo de sus derechos y garant\u00edas, as\u00ed como el cumplimiento de sus deberes que contribuyan a su desarrollo integral y a su incorporaci\u00f3n a la sociedad<br \/>\n\u2022\tModelar y ser ejemplo del cumplimiento de las normas establecidas en el Manual de Convivencia.<br \/>\n\u2022\tAsistir a las actividades extracurriculares del colegio como apoyo al desarrollo de las mismas<\/p>\n<p><strong>Deberes de los Representantes<\/strong><\/p>\n<p>\u2022\tBrindar a sus representados un ambiente familiar donde prevalezcan principios y valores de convivencia social<br \/>\n\u2022\tVelar por el respeto y cumplimiento de la misi\u00f3n del colegio y el Manual de Convivencia.<br \/>\n\u2022\tSer garante de la puntualidad y asistencia diaria de su representado.<br \/>\n\u2022\tAsistir oportunamente a las convocatorias y llamados del colegio en relaci\u00f3n con su representado.<br \/>\n\u2022\tMotivar la participaci\u00f3n de su representado hacia las actividades culturales y deportivas a fin de garantizar el desarrollo integral del estudiante.<br \/>\n\u2022\tDotar al representado de los implementos y recursos did\u00e1cticos necesarios para la eficacia de su escolaridad.<br \/>\n\u2022\tCumplir con el Manual de Convivencia, en cuanto al cumplimiento del uniforme.<br \/>\n\u2022\tRespetar, valorar, apoyar la figura del personal directivo, docente, administrativo y obrero.<br \/>\n\u2022\tIntegrarse al proceso educativo del representado haciendo seguimiento a las tareas, investigaciones y evaluaciones correspondientes a fin de garantizar la efectividad del aprendizaje.<br \/>\n\u2022\tPrestar colaboraci\u00f3n para el desarrollo de los proyectos escolares y actividades recreativas organizadas.<\/p>\n","protected":false},"excerpt":{"rendered":"<p>Deberes de los Docentes \u2022 Asistir a cursos de capacitaci\u00f3n profesional para el mejoramiento de su&#8230;<\/p>\n","protected":false},"author":9,"featured_media":29232,"parent":65,"menu_order":0,"comment_status":"closed","ping_status":"open","template":"","meta":[],"_links":{"self":[{"href":"https:\/\/juanxxiii.e12.ve\/home\/wp-json\/wp\/v2\/pages\/7757"}],"collection":[{"href":"https:\/\/juanxxiii.e12.ve\/home\/wp-json\/wp\/v2\/pages"}],"about":[{"href":"https:\/\/juanxxiii.e12.ve\/home\/wp-json\/wp\/v2\/types\/page"}],"author":[{"embeddable":true,"href":"https:\/\/juanxxiii.e12.ve\/home\/wp-json\/wp\/v2\/users\/9"}],"replies":[{"embeddable":true,"href":"https:\/\/juanxxiii.e12.ve\/home\/wp-json\/wp\/v2\/comments?post=7757"}],"version-history":[{"count":3,"href":"https:\/\/juanxxiii.e12.ve\/home\/wp-json\/wp\/v2\/pages\/7757\/revisions"}],"predecessor-version":[{"id":7759,"href":"https:\/\/juanxxiii.e12.ve\/home\/wp-json\/wp\/v2\/pages\/7757\/revisions\/7759"}],"up":[{"embeddable":true,"href":"https:\/\/juanxxiii.e12.ve\/home\/wp-json\/wp\/v2\/pages\/65"}],"wp:featuredmedia":[{"embeddable":true,"href":"https:\/\/juanxxiii.e12.ve\/home\/wp-json\/wp\/v2\/media\/29232"}],"wp:attachment":[{"href":"https:\/\/juanxxiii.e12.ve\/home\/wp-json\/wp\/v2\/media?parent=7757"}],"curies":[{"name":"wp","href":"https:\/\/api.w.org\/{rel}","templated":true}]}}