{"id":65,"date":"2010-07-29T19:21:07","date_gmt":"2010-07-29T19:21:07","guid":{"rendered":"http:\/\/juanxxiii.e12.ve\/home\/?page_id=65"},"modified":"2026-02-19T12:04:05","modified_gmt":"2026-02-19T16:04:05","slug":"manual-de-convivencia","status":"publish","type":"page","link":"https:\/\/juanxxiii.e12.ve\/home\/manual-de-convivencia","title":{"rendered":"Manual de Convivencia"},"content":{"rendered":"<p>Presentamos el Manual de Convivencia del Instituto Educacional Juan XXIII, el cual obedece a la necesidad de fortalecer y estimular los valores de nuestra Comunidad Educativa.<\/p>\n<p>El Manual es fiel representaci\u00f3n de la Misi\u00f3n de nuestra Instituci\u00f3n y garante del cumplimento del proyecto educativo.<\/p>\n<p>Tenemos la seguridad que con la voluntad de todos, lo llevaremos a la pr\u00e1ctica con la certeza de que estaremos viviendo la realidad de nuestro entorno en un ambiente de libertad, responsabilidad y tolerancia.<\/p>\n<p>El manual se orienta al \u201cdeber ser\u201d de la comunidad del Juan XXIII, recomendamos leerlo en el contexto de nuestra misi\u00f3n y de los valores de la familia Juan XXIII. Para los aspectos no contemplados decidir\u00e1 el consejo de profesores y\/o Direcci\u00f3n del plantel. El colegio respeta y se rige por las leyes de Educaci\u00f3n y LOPNA.<\/p>\n<ul>\n<li><strong><a href=\"https:\/\/juanxxiii.e12.ve\/home\/manual-de-convivencia\/mision-vision\">Visi\u00f3n y Misi\u00f3n<\/a><\/strong><\/li>\n<li><strong><a href=\"https:\/\/juanxxiii.e12.ve\/home\/manual-de-convivencia\/declaracion-de-principios\">Declaraci\u00f3n de Principios<\/a><\/strong><\/li>\n<li><strong><a href=\"https:\/\/juanxxiii.e12.ve\/home\/manual-de-convivencia\/disposiciones-generales\">Disposiciones Generales<\/a><\/strong><\/li>\n<li><strong><a href=\"https:\/\/juanxxiii.e12.ve\/home\/quienes-somos\/organigrama\">Estructura Organizacional<\/a><\/strong><\/li>\n<li><a href=\"https:\/\/juanxxiii.e12.ve\/home\/manual-de-convivencia\/perfiles\"><b>Atributos de la comunidad de aprendizaje<\/b><\/a><\/li>\n<li><strong><a href=\"https:\/\/juanxxiii.e12.ve\/home\/wp-content\/uploads\/2026\/02\/Protocolo-de-Necesidades-Educativas-Especiales.pdf\">Protocolo de Necesidades Educativas Especiales<\/a><\/strong><\/li>\n<li><strong><a href=\"https:\/\/juanxxiii.e12.ve\/home\/wp-content\/uploads\/2025\/05\/Procedimiento-de-solicitud-de-documentos.pdf\">Procedimiento de solicitud de documentos<\/a><\/strong><\/li>\n<li><strong><a href=\"https:\/\/juanxxiii.e12.ve\/home\/wp-content\/uploads\/2026\/02\/Procedimiento-para-el-Retiro-de-un-estudiante.pdf\">Procedimiento para el Retiro de un estudiante<\/a><\/strong><\/li>\n<li><strong><a href=\"https:\/\/juanxxiii.e12.ve\/home\/wp-content\/uploads\/2017\/10\/Poli%CC%81tica-de-Emigrantes.pdf\">Poli\u0301tica de Emigrantes<\/a><\/strong><\/li>\n<li><strong><a href=\"https:\/\/juanxxiii.e12.ve\/home\/manual-de-convivencia\/actividades-de-servicio-a-la-comunidad\">Actividades de ayuda a la Comunidad<\/a><\/strong><\/li>\n<li><strong><a href=\"https:\/\/juanxxiii.e12.ve\/home\/manual-de-convivencia\/derechos-de-la-comunidad-educativa\">Derechos de la Comunidad Educativa<\/a><\/strong><\/li>\n<li><strong><a href=\"https:\/\/juanxxiii.e12.ve\/home\/manual-de-convivencia\/deberes-de-la-comunidad-educativa\">Deberes de la Comunidad Educativa<\/a><\/strong><\/li>\n<li><strong><a href=\"https:\/\/juanxxiii.e12.ve\/home\/manual-de-convivencia\/incentivos-o-meritos-para-la-comunidad-educativa\">Incentivos o m\u00e9rito para la Comunidad Educativa<\/a><\/strong><\/li>\n<li><strong><a href=\"https:\/\/juanxxiii.e12.ve\/home\/manual-de-convivencia\/horarios-y-asistencia\">Horario y Asistencia<\/a><\/strong><\/li>\n<li><strong><a href=\"https:\/\/juanxxiii.e12.ve\/home\/manual-de-convivencia\/inasistencias-y-retardos\">Inasistencias y Retardos<\/a><\/strong><\/li>\n<li><strong><a href=\"https:\/\/juanxxiii.e12.ve\/home\/manual-de-convivencia\/faltas\">Faltas<\/a><\/strong><\/li>\n<li><strong><a href=\"https:\/\/juanxxiii.e12.ve\/home\/wp-content\/uploads\/2025\/02\/Reglamento-de-Restriccio\u0301n-al-uso-de-Telefonos-Inteligentes-en-el-Colegio-Juan-XXIII.pdf\">Reglamento de Restriccio\u0301n al uso de Telefonos Inteligentes en el Colegio Juan XXIII<\/a><a href=\"https:\/\/juanxxiii.e12.ve\/home\/manual-de-convivencia\/resolucion-de-conflictos-acciones-correctivas-medidas-disciplinarias-y-sanciones\">Resoluci\u00f3n de conflictos, acciones correctivas, medidas disciplinarias y sanciones<\/a><\/strong><\/li>\n<li><strong><a href=\"https:\/\/juanxxiii.e12.ve\/home\/manual-de-convivencia\/normas-de-convivencia\">Normativa de Convivencia<\/a><\/strong><\/li>\n<li><strong><a href=\"https:\/\/juanxxiii.e12.ve\/home\/manual-de-convivencia\/normas-de-ingreso-al-centro-de-recursos-para-el-aprendizaje\">Normativa de ingreso al Centro de Recursos para el Aprendizaje<\/a><\/strong><\/li>\n<li><strong><a href=\"https:\/\/juanxxiii.e12.ve\/home\/manual-de-convivencia\/normas-de-ingreso-y-permanencia-en-la-cantina\">Normativa de ingreso y permanencia en la Cantina<\/a><\/strong><\/li>\n<li><strong><a href=\"https:\/\/juanxxiii.e12.ve\/home\/manual-de-convivencia\/uniformes\">Normativa del Uniforme<\/a><\/strong><\/li>\n<\/ul>\n","protected":false},"excerpt":{"rendered":"<p>Presentamos el Manual de Convivencia del Instituto Educacional Juan XXIII, el cual obedece a la necesidad&#8230;<\/p>\n","protected":false},"author":4,"featured_media":29232,"parent":0,"menu_order":5,"comment_status":"closed","ping_status":"open","template":"","meta":[],"_links":{"self":[{"href":"https:\/\/juanxxiii.e12.ve\/home\/wp-json\/wp\/v2\/pages\/65"}],"collection":[{"href":"https:\/\/juanxxiii.e12.ve\/home\/wp-json\/wp\/v2\/pages"}],"about":[{"href":"https:\/\/juanxxiii.e12.ve\/home\/wp-json\/wp\/v2\/types\/page"}],"author":[{"embeddable":true,"href":"https:\/\/juanxxiii.e12.ve\/home\/wp-json\/wp\/v2\/users\/4"}],"replies":[{"embeddable":true,"href":"https:\/\/juanxxiii.e12.ve\/home\/wp-json\/wp\/v2\/comments?post=65"}],"version-history":[{"count":50,"href":"https:\/\/juanxxiii.e12.ve\/home\/wp-json\/wp\/v2\/pages\/65\/revisions"}],"predecessor-version":[{"id":43211,"href":"https:\/\/juanxxiii.e12.ve\/home\/wp-json\/wp\/v2\/pages\/65\/revisions\/43211"}],"wp:featuredmedia":[{"embeddable":true,"href":"https:\/\/juanxxiii.e12.ve\/home\/wp-json\/wp\/v2\/media\/29232"}],"wp:attachment":[{"href":"https:\/\/juanxxiii.e12.ve\/home\/wp-json\/wp\/v2\/media?parent=65"}],"curies":[{"name":"wp","href":"https:\/\/api.w.org\/{rel}","templated":true}]}}