{"id":63,"date":"2010-07-29T19:20:46","date_gmt":"2010-07-29T19:20:46","guid":{"rendered":"http:\/\/juanxxiii.e12.ve\/home\/?page_id=63"},"modified":"2023-09-21T09:04:24","modified_gmt":"2023-09-21T13:04:24","slug":"administracion","status":"publish","type":"page","link":"https:\/\/juanxxiii.e12.ve\/home\/administracion","title":{"rendered":"Administraci\u00f3n"},"content":{"rendered":"<p>&nbsp;<\/p>\n<p><strong>REGISTRO ELECTR\u00d3NICO DE PAGOS<\/strong><\/p>\n<div>\n<ul>\n<li>A partir del a\u00f1o escolar 2007\/2008 el registro de la cancelaci\u00f3n de las cuotas mensuales deber\u00e1 realizarse a trav\u00e9s de <a href=\"https:\/\/juan23.com.ve\/\">Intranet<\/a>. Una vez realizada la transferencia o dep\u00f3sito bancario debe llenar y enviar el formulario administrativo que all\u00ed se presenta, colocando TODOS los datos del instrumento de pago.<\/li>\n<\/ul>\n<ul>\n<li>Las facturas y recibos de pago respectivos se les har\u00e1n llegar mensualmente junto a los boletines de notas de su representado.<\/li>\n<\/ul>\n<\/div>\n<p><a href=\"http:\/\/juan23.com.ve\/\">Ingresar a la Intranet para Registrar los Pagos<\/a><\/p>\n<hr \/>\n<p><strong>SUGERENCIA PARA EL PAGO DE LAS CUOTAS<\/strong><\/p>\n<div id=\"_mcePaste\">\n<ul>\n<li>El pago de las cuotas escolares deben ser canceladas durante los cinco (5) primeros d\u00edas continuos de cada mes. Esto significa que en los d\u00edas \u201cno h\u00e1biles\u201d como Navidad, Carnaval, Semana Santa, s\u00e1bados, domingos o cualquier d\u00eda en el que nuestras oficinas se encuentren cerradas, deber\u00e1n tomar la previsi\u00f3n de usar un medio de pago distinto al pago directo en nuestras oficinas administrativas, tales como transferencias bancarias y dep\u00f3sitos por taquillas externa.<\/li>\n<\/ul>\n<\/div>\n<div id=\"_mcePaste\">\n<hr \/>\n<p><strong>PORTAL DE PAGOS MERCANTIL<\/strong><\/p>\n<p><strong><a href=\"https:\/\/www.portaldepagosmercantil.com\" target=\"_blank\" rel=\"noopener noreferrer\"><img class=\"alignleft wp-image-30918 size-full\" src=\"https:\/\/juanxxiii.e12.ve\/home\/wp-content\/uploads\/2010\/07\/boton-portal-de-pagos.png\" alt=\"boton portal de pagos\" width=\"301\" height=\"107\" srcset=\"https:\/\/juanxxiii.e12.ve\/home\/wp-content\/uploads\/2010\/07\/boton-portal-de-pagos.png 301w, https:\/\/juanxxiii.e12.ve\/home\/wp-content\/uploads\/2010\/07\/boton-portal-de-pagos-300x107.png 300w\" sizes=\"(max-width: 301px) 100vw, 301px\" \/><\/a><\/strong><\/p>\n<p>&nbsp;<\/p>\n<p>&nbsp;<\/p>\n<p>&nbsp;<\/p>\n<p>&nbsp;<\/p>\n<ul>\n<li>Puedes realizar pagos con <strong>Tarjetas de Cr\u00e9dito Visa<\/strong> y <strong>MasterCard de cualquier banco<\/strong>, y <strong>Tarjetas de D\u00e9bito Llave Mercantil<\/strong>.<\/li>\n<\/ul>\n<hr \/>\n<p><strong>N\u00daMERO DE CUENTAS BANCARIAS<\/strong><\/p>\n<\/div>\n<div id=\"_mcePaste\">Estimado Representante:<\/div>\n<div id=\"_mcePaste\">A continuaci\u00f3n, suministramos los nuevos n\u00fameros de las Cuentas Bancarias del Instituto, a fin de evitarle cualquier inconveniente al momento de realizar sus dep\u00f3sitos:<\/div>\n<div><\/div>\n<div><img class=\"alignnone size-full wp-image-25570\" src=\"https:\/\/juanxxiii.e12.ve\/home\/wp-content\/uploads\/2010\/07\/banco-provincial.jpg\" alt=\"banco-provincial\" width=\"150\" height=\"91\" \/><strong> 0108-0557-13-0100017570<\/strong><\/div>\n<div id=\"_mcePaste\">\n<p><strong><img class=\"alignnone size-full wp-image-29414\" src=\"https:\/\/juanxxiii.e12.ve\/home\/wp-content\/uploads\/2010\/07\/banco_bn.png\" alt=\"banco_bn\" width=\"150\" height=\"91\" \/><\/strong><strong> 0191-0185-12-2100003709<\/strong><\/p>\n<\/div>\n<div>\n<p><strong><img class=\"alignnone size-full wp-image-29415\" src=\"https:\/\/juanxxiii.e12.ve\/home\/wp-content\/uploads\/2010\/07\/banco_banesc.png\" alt=\"banco_banesc\" width=\"150\" height=\"91\" \/> 0134-0428-39-4281017158<\/strong><\/p>\n<\/div>\n<div>\n<p><strong><img class=\"alignnone size-full wp-image-29416\" src=\"https:\/\/juanxxiii.e12.ve\/home\/wp-content\/uploads\/2010\/07\/banco_merc.png\" alt=\"banco_merc\" width=\"150\" height=\"91\" \/><\/strong><strong> 0105-0094-01-1094278866<\/strong><\/p>\n<\/div>\n<div>\n<p><strong><img class=\"alignnone size-full wp-image-29417\" src=\"https:\/\/juanxxiii.e12.ve\/home\/wp-content\/uploads\/2010\/07\/banco_100.png\" alt=\"banco_100\" width=\"150\" height=\"91\" \/><\/strong><strong> 0156-0012-81-0000149419<\/strong><\/p>\n<\/div>\n<div>\n<p><strong><img class=\"alignnone size-full wp-image-29418\" src=\"https:\/\/juanxxiii.e12.ve\/home\/wp-content\/uploads\/2010\/07\/bfc.png\" alt=\"bfc\" width=\"150\" height=\"91\" \/><\/strong><strong> 0151-0073-71-4473044354<\/strong><\/p>\n<p><strong>\u00a0<\/strong><\/p>\n<\/div>\n<div><\/div>\n<div>\n<p>&nbsp;<\/p>\n<\/div>\n","protected":false},"excerpt":{"rendered":"<p>&nbsp; REGISTRO ELECTR\u00d3NICO DE PAGOS A partir del a\u00f1o escolar 2007\/2008 el registro de la cancelaci\u00f3n&#8230;<\/p>\n","protected":false},"author":4,"featured_media":29232,"parent":0,"menu_order":6,"comment_status":"closed","ping_status":"open","template":"page-sidebar.php","meta":[],"_links":{"self":[{"href":"https:\/\/juanxxiii.e12.ve\/home\/wp-json\/wp\/v2\/pages\/63"}],"collection":[{"href":"https:\/\/juanxxiii.e12.ve\/home\/wp-json\/wp\/v2\/pages"}],"about":[{"href":"https:\/\/juanxxiii.e12.ve\/home\/wp-json\/wp\/v2\/types\/page"}],"author":[{"embeddable":true,"href":"https:\/\/juanxxiii.e12.ve\/home\/wp-json\/wp\/v2\/users\/4"}],"replies":[{"embeddable":true,"href":"https:\/\/juanxxiii.e12.ve\/home\/wp-json\/wp\/v2\/comments?post=63"}],"version-history":[{"count":57,"href":"https:\/\/juanxxiii.e12.ve\/home\/wp-json\/wp\/v2\/pages\/63\/revisions"}],"predecessor-version":[{"id":42189,"href":"https:\/\/juanxxiii.e12.ve\/home\/wp-json\/wp\/v2\/pages\/63\/revisions\/42189"}],"wp:featuredmedia":[{"embeddable":true,"href":"https:\/\/juanxxiii.e12.ve\/home\/wp-json\/wp\/v2\/media\/29232"}],"wp:attachment":[{"href":"https:\/\/juanxxiii.e12.ve\/home\/wp-json\/wp\/v2\/media?parent=63"}],"curies":[{"name":"wp","href":"https:\/\/api.w.org\/{rel}","templated":true}]}}