{"id":627,"date":"2010-09-10T16:44:02","date_gmt":"2010-09-10T16:44:02","guid":{"rendered":"http:\/\/192.168.1.29\/home\/?page_id=627"},"modified":"2016-01-15T11:46:00","modified_gmt":"2016-01-15T16:16:00","slug":"juancito-2","status":"publish","type":"page","link":"https:\/\/juanxxiii.e12.ve\/home\/instalaciones\/juancito-2","title":{"rendered":"Juancito"},"content":{"rendered":"\r\n\t<div id=\"fws_69e2397b12278\" data-midnight=\"dark\" data-bg-mobile-hidden=\"\" class=\"wpb_row vc_row-fluid vc_row standard_section   \"  style=\"padding-top: 0px; padding-bottom: 0px; \"><div class=\"row-bg-wrap\"> <div class=\"row-bg   \"  style=\"\"><\/div> <\/div><div class=\"col span_12 dark left\">\n\t<div  class=\"vc_col-sm-12 wpb_column column_container col no-extra-padding\"  data-padding-pos=\"all\" data-has-bg-color=\"false\" data-bg-color=\"\" data-bg-opacity=\"1\" data-hover-bg=\"\" data-hover-bg-opacity=\"1\" data-animation=\"\" data-delay=\"0\">\n\t\t<div class=\"wpb_wrapper\">\n\t\t\t<div id=\"map_69e2397b1264d\" style=\"height: 317px;\" class=\"nectar-google-map\" data-dark-color-scheme=\"\" data-ultra-flat=\"\" data-greyscale=\"\" data-extra-color=\"\" data-enable-animation=\"1\" data-enable-zoom=\"\" data-zoom-level=\"17\" data-center-lat=\"10.228009158417464\" data-center-lng=\"-68.00243978583183\" data-marker-img=\"https:\/\/juanxxiii.e12.ve\/home\/wp-content\/uploads\/2010\/09\/marker.png\"><\/div><div class=\"map_69e2397b1264d map-marker-list\"><div class=\"map-marker\" data-lat=\"10.228009158417464\" data-lng=\"-68.00243978583183\" data-mapinfo=\"Juancito\"><\/div><\/div>\n\t<div class=\"wpb_text_column wpb_content_element \">\n\t\t<div class=\"wpb_wrapper\">\n\t\t\t<p><strong>Direcci\u00f3n:<\/strong><br \/>\nUrb. El Portal, final de la calle G\u00e9minis.<\/p>\n<p><strong>Tel\u00e9fonos:<\/strong><br \/>\n(0241) 8433586 &#8211; 8433714.<\/p>\n<p><strong>Grados en la Sede:<\/strong><br \/>\nKinder a 2\u00ba grado.<\/p>\n\n\t\t<\/div>\n\t<\/div>\n\n\t\t<\/div> \n\t<\/div> \n<\/div><\/div>\n","protected":false},"excerpt":{"rendered":"Direcci\u00f3n: Urb. El Portal, final de la calle G\u00e9minis. Tel\u00e9fonos: (0241) 8433586 - 8433714. Grados en...","protected":false},"author":4,"featured_media":29232,"parent":44,"menu_order":1,"comment_status":"closed","ping_status":"open","template":"page-sidebar.php","meta":[],"_links":{"self":[{"href":"https:\/\/juanxxiii.e12.ve\/home\/wp-json\/wp\/v2\/pages\/627"}],"collection":[{"href":"https:\/\/juanxxiii.e12.ve\/home\/wp-json\/wp\/v2\/pages"}],"about":[{"href":"https:\/\/juanxxiii.e12.ve\/home\/wp-json\/wp\/v2\/types\/page"}],"author":[{"embeddable":true,"href":"https:\/\/juanxxiii.e12.ve\/home\/wp-json\/wp\/v2\/users\/4"}],"replies":[{"embeddable":true,"href":"https:\/\/juanxxiii.e12.ve\/home\/wp-json\/wp\/v2\/comments?post=627"}],"version-history":[{"count":22,"href":"https:\/\/juanxxiii.e12.ve\/home\/wp-json\/wp\/v2\/pages\/627\/revisions"}],"predecessor-version":[{"id":29206,"href":"https:\/\/juanxxiii.e12.ve\/home\/wp-json\/wp\/v2\/pages\/627\/revisions\/29206"}],"up":[{"embeddable":true,"href":"https:\/\/juanxxiii.e12.ve\/home\/wp-json\/wp\/v2\/pages\/44"}],"wp:featuredmedia":[{"embeddable":true,"href":"https:\/\/juanxxiii.e12.ve\/home\/wp-json\/wp\/v2\/media\/29232"}],"wp:attachment":[{"href":"https:\/\/juanxxiii.e12.ve\/home\/wp-json\/wp\/v2\/media?parent=627"}],"curies":[{"name":"wp","href":"https:\/\/api.w.org\/{rel}","templated":true}]}}