{"id":46,"date":"2010-07-29T19:13:05","date_gmt":"2010-07-29T19:13:05","guid":{"rendered":"http:\/\/juanxxiii.e12.ve\/home\/?page_id=46"},"modified":"2025-11-25T12:32:07","modified_gmt":"2025-11-25T16:32:07","slug":"bachillerato-internacional","status":"publish","type":"page","link":"https:\/\/juanxxiii.e12.ve\/home\/bachillerato-internacional","title":{"rendered":"Bachillerato Internacional"},"content":{"rendered":"<h1>Bachillerato Internacional<\/h1>\n<p>&nbsp;<\/p>\n<p><strong>Organizaci\u00f3n del Bachillerato Internacional<\/strong><\/p>\n<div id=\"_mcePaste\">\n<ul>\n<li><a href=\"http:\/\/ibo.org\/es\/\" target=\"_blank\" rel=\"noopener noreferrer\">Bachillerato Internacional (IB)<\/a><\/li>\n<\/ul>\n<\/div>\n<div id=\"_mcePaste\">El Bachillerato Internacional (IB) ofrece programas de educaci\u00f3n internacional de calidad a una comunidad de colegios de todo el mundo. Los tres programas, para alumnos de edades comprendidas entre 3 y 19 a\u00f1os, contribuyen a desarrollar habilidades intelectuales, personales, emocionales y sociales necesarias para vivir, aprender y trabajar en un mundo cada vez m\u00e1s globalizado. M\u00e1s de 716.000 alumnos estudian los programas del IB en 2.628 colegios de 135 pa\u00edses.<\/div>\n<div id=\"_mcePaste\">\n<ul>\n<li><a href=\"http:\/\/ibo.org\/es\/programmes\/\" target=\"_blank\" rel=\"noopener noreferrer\">Un continuo de programas de educaci\u00f3n internacional<\/a><\/li>\n<li><a href=\"http:\/\/facebook.com\/IBO.org\" target=\"_blank\" rel=\"noopener noreferrer\">Bachillerato Internacional en Facebook<\/a><\/li>\n<li><a href=\"http:\/\/ibo.org\/school\/000968\/\" target=\"_blank\" rel=\"noopener noreferrer\">Informaci\u00f3n de Nuestro Colegio en el Bachillerato Internacional<\/a><\/li>\n<\/ul>\n<\/div>\n<p><strong>Programa del Diploma<\/strong><\/p>\n<div>\n<ul>\n<li><a href=\"http:\/\/ibo.org\/es\/diploma\/index.cfm\" target=\"_blank\" rel=\"noopener noreferrer\">Programa del Diploma<\/a><\/li>\n<li><a href=\"https:\/\/drive.google.com\/open?id=0B0udkP07ZRKJTE9UeDRVczFtSnlzTmhYYUpNY2NWMzZSVmI0\" target=\"_blank\" rel=\"noopener noreferrer\">Pol\u00edtica de Probidad Acad\u00e9mica en el contexto educativo del IB<\/a><\/li>\n<li><a href=\"https:\/\/drive.google.com\/open?id=0B0udkP07ZRKJNWRjdUlKdkNoTXh2Q2tZeUxsT0RJQl92UWZj\" target=\"_blank\" rel=\"noopener noreferrer\">Pol\u00edtica de Probidad Acad\u00e9mica en el uso eficaz de citas y referencias<\/a><\/li>\n<li><a href=\"http:\/\/ibo.org\/es\/university-admission\/\" target=\"_blank\" rel=\"noopener noreferrer\">Admisi\u00f3n Universitaria<\/a><\/li>\n<li>Gu\u00edas de Asignaturas\n<ul>\n<li><a href=\"https:\/\/juanxxiii.e12.ve\/ibo\/TDC GUIA 2015.pdf\">TDC (2015)<\/a><\/li>\n<li><a href=\"https:\/\/juanxxiii.e12.ve\/ibo\/Monografia 2013.pdf\">Monograf\u00eda (2013)<\/a><\/li>\n<li><a href=\"https:\/\/juanxxiii.e12.ve\/ibo\/GRUPO 6 ARTES VISUALES GUIA 2016.pdf\">Grupo 6, Artes Visuales (2016)<\/a><\/li>\n<li><a href=\"https:\/\/juanxxiii.e12.ve\/ibo\/Grupo 5 - Matematicas 2014.pdf\">Grupo 5, Matem\u00e1ticas (2014)<\/a><\/li>\n<li><a href=\"https:\/\/juanxxiii.e12.ve\/ibo\/GRUPO 4 QUIMICA GUIA 2016.pdf\">Grupo 4, Qu\u00edmica (2016)<\/a><\/li>\n<li><a href=\"https:\/\/juanxxiii.e12.ve\/ibo\/GRUPO 4 FISICA GUIA 2016.pdf\">Grupo 4, F\u00edsica (2016)<\/a><\/li>\n<li><a href=\"https:\/\/juanxxiii.e12.ve\/ibo\/GRUPO 4 BIOLOGIA GUIA 2016.pdf\">Grupo 4, Biolog\u00eda (2016)<\/a><\/li>\n<li><a href=\"https:\/\/juanxxiii.e12.ve\/ibo\/GUIA POLITICA GLOBAL 2017.pdf\">Grupo 3, Pol\u00edtica Global (2017)<\/a><\/li>\n<li><a href=\"https:\/\/juanxxiii.e12.ve\/ibo\/GUIA HISTORIA 2015.pdf\">Grupo 3, Historia (2017)<\/a><\/li>\n<li><a href=\"https:\/\/juanxxiii.e12.ve\/ibo\/GESTION EMPRESARIAL 2016.pdf\">Grupo 3, Empresa y Gesti\u00f3n (2016)<\/a><\/li>\n<li><a href=\"https:\/\/juanxxiii.e12.ve\/ibo\/GUIA CAS 2015.pdf\">CAS (2017)<\/a><\/li>\n<li><a href=\"https:\/\/juanxxiii.e12.ve\/ibo\/Grupo 1 Espanol Literatura 2015.pdf\">Grupo 1 Espanol Literatura 2015<\/a><\/li>\n<li><a href=\"https:\/\/juanxxiii.e12.ve\/ibo\/Grupo 2 Lengua AB Initio Guia 2015.pdf\">Grupo 2 Lengua AB Initio Guia 2015<\/a><\/li>\n<li><a href=\"https:\/\/juanxxiii.e12.ve\/ibo\/Grupo 2 English B Guia 2015.pdf\">Grupo 2 English B Guia 2015<\/a><\/li>\n<\/ul>\n<\/li>\n<\/ul>\n<\/div>\n<p><a href=\"http:\/\/ibo.org\/es\/programmes\/diploma-programme\/\">Programa del Diploma del IB<\/a><\/p>\n<p><strong>Programa de Orientaci\u00f3n Profesional (POP)<\/strong><\/p>\n<ul>\n<li><a href=\"http:\/\/www.ibo.org\/es\/programmes\/career-related-programme\/\" target=\"_blank\" rel=\"noopener noreferrer\">Programa de Orientaci\u00f3n Profesional<\/a><\/li>\n<li>Gu\u00edas de Asignaturas\n<ul>\n<li><a href=\"https:\/\/drive.google.com\/open?id=0B0udkP07ZRKJRnd0OC1Ha2RmRjdyajRMb2cwT1poREx6aDZV\" target=\"_blank\" rel=\"noopener noreferrer\">Aprendizaje &#8211; Servicio<\/a><\/li>\n<li><a href=\"https:\/\/drive.google.com\/open?id=0B0udkP07ZRKJTTB4ZFVQU21sdVBEb09laGs1NndTYU5hRWQ4\" target=\"_blank\" rel=\"noopener noreferrer\">Desarrollo de la Lengua<\/a><\/li>\n<li><a href=\"https:\/\/drive.google.com\/open?id=0B0udkP07ZRKJWFg0WUh0QVpDM1NaeGd4cmpnMHdtc3JmaTNF\" target=\"_blank\" rel=\"noopener noreferrer\">Habilidades Personales y Profesionales<\/a><\/li>\n<li><a href=\"https:\/\/drive.google.com\/open?id=0B0udkP07ZRKJb1ZIN1BJZG9aek02SHJGX0NjM2dPUm9LVDA0\" target=\"_blank\" rel=\"noopener noreferrer\">Proyecto de Reflexi\u00f3n<\/a><\/li>\n<\/ul>\n<\/li>\n<\/ul>\n<p><a href=\"http:\/\/www.ibo.org\/es\/programmes\/career-related-programme\/\">Programa de Orientaci\u00f3n Profesional del IB<\/a><\/p>\n","protected":false},"excerpt":{"rendered":"<p>Bachillerato Internacional &nbsp; Organizaci\u00f3n del Bachillerato Internacional Bachillerato Internacional (IB) El Bachillerato Internacional (IB) ofrece programas&#8230;<\/p>\n","protected":false},"author":4,"featured_media":29232,"parent":0,"menu_order":3,"comment_status":"closed","ping_status":"closed","template":"page-sidebar.php","meta":[],"_links":{"self":[{"href":"https:\/\/juanxxiii.e12.ve\/home\/wp-json\/wp\/v2\/pages\/46"}],"collection":[{"href":"https:\/\/juanxxiii.e12.ve\/home\/wp-json\/wp\/v2\/pages"}],"about":[{"href":"https:\/\/juanxxiii.e12.ve\/home\/wp-json\/wp\/v2\/types\/page"}],"author":[{"embeddable":true,"href":"https:\/\/juanxxiii.e12.ve\/home\/wp-json\/wp\/v2\/users\/4"}],"replies":[{"embeddable":true,"href":"https:\/\/juanxxiii.e12.ve\/home\/wp-json\/wp\/v2\/comments?post=46"}],"version-history":[{"count":95,"href":"https:\/\/juanxxiii.e12.ve\/home\/wp-json\/wp\/v2\/pages\/46\/revisions"}],"predecessor-version":[{"id":43144,"href":"https:\/\/juanxxiii.e12.ve\/home\/wp-json\/wp\/v2\/pages\/46\/revisions\/43144"}],"wp:featuredmedia":[{"embeddable":true,"href":"https:\/\/juanxxiii.e12.ve\/home\/wp-json\/wp\/v2\/media\/29232"}],"wp:attachment":[{"href":"https:\/\/juanxxiii.e12.ve\/home\/wp-json\/wp\/v2\/media?parent=46"}],"curies":[{"name":"wp","href":"https:\/\/api.w.org\/{rel}","templated":true}]}}