{"id":44,"date":"2010-07-29T19:12:22","date_gmt":"2010-07-29T19:12:22","guid":{"rendered":"http:\/\/juanxxiii.e12.ve\/home\/?page_id=44"},"modified":"2019-11-15T10:18:24","modified_gmt":"2019-11-15T14:48:24","slug":"instalaciones","status":"publish","type":"page","link":"https:\/\/juanxxiii.e12.ve\/home\/instalaciones","title":{"rendered":"Instalaciones"},"content":{"rendered":"<p><strong>Beb\u00e9 Juan<\/strong><\/p>\n<p>Direcci\u00f3n: Urb. Trigal Centro, final de la Calle Autocinema.<\/p>\n<p>Tel\u00e9fonos: 0412-331.3992<\/p>\n<p>Grados en la Sede: Pre Maternal y Maternal.<\/p>\n<p>&nbsp;<\/p>\n<p><strong>Mi Peque\u00f1o Juan<\/strong><\/p>\n<p>Direcci\u00f3n:\u00a0Sector Piedras Pintadas. Final Av. Los Pinos. Trigal Norte Valencia<\/p>\n<p>Tel\u00e9fonos:\u00a00241-843.2282<\/p>\n<p>Grados en la Sede: Pre K\u00ednder<\/p>\n<p>&nbsp;<\/p>\n<p><strong>Juancito<\/strong><\/p>\n<p>Direcci\u00f3n:\u00a0Urb. El Portal, final de la calle G\u00e9minis.<\/p>\n<p>Tel\u00e9fonos:\u00a0(0241) 8433586 &#8211; 8433714<\/p>\n<p>Grados en la Sede:\u00a0K\u00ednder a 2\u00ba grado<\/p>\n<p>&nbsp;<\/p>\n<p><strong>Juanito<\/strong><\/p>\n<p>Direcci\u00f3n:\u00a0Urb. Trigal Centro, Calle Autocinema.<\/p>\n<p>Tel\u00e9fonos:\u00a0(0241) 8423650<\/p>\n<p>Grados en la Sede:\u00a03\u00ba a 5\u00ba Grado<\/p>\n<p>&nbsp;<\/p>\n<p><strong>6to. Grado<\/strong><\/p>\n<p>Direcci\u00f3n:\u00a0Calle San Enrique, N\u00ba 85-70.\u00a0Trigal Centro.\u00a0Valencia &#8211; Edo. Carabobo. 2002.\u00a0Venezuela.<\/p>\n<p>Tel\u00e9fonos:\u00a0(0241) 8425732 &#8211; 8429039<\/p>\n<p>Grados en la Sede:\u00a0Sexto Grado<\/p>\n<p>&nbsp;<\/p>\n<p><strong>Bachillerato<\/strong><\/p>\n<p>Direcci\u00f3n:\u00a0Calle San Enrique, N\u00ba 85-70.\u00a0Trigal Centro.\u00a0Valencia &#8211; Edo. Carabobo. 2002.\u00a0Venezuela.<\/p>\n<p>Correo Electr\u00f3nico:\u00a0<a href=\"mailto:juan@juanxxiii.e12.ve\">juan@juanxxiii.e12.ve<\/a><\/p>\n<p>Tel\u00e9fonos: (0241) 8425732 &#8211; 8429039 &#8211; 8423549.<\/p>\n<p>Fax:\u00a0(0241) 8425570<\/p>\n<p>Grados en la Sede:\u00a07mo. Grado a 2do. de Ciencias<\/p>\n","protected":false},"excerpt":{"rendered":"<p>Beb\u00e9 Juan Direcci\u00f3n: Urb. Trigal Centro, final de la Calle Autocinema. Tel\u00e9fonos: 0412-331.3992 Grados en la&#8230;<\/p>\n","protected":false},"author":4,"featured_media":29232,"parent":0,"menu_order":2,"comment_status":"closed","ping_status":"closed","template":"","meta":[],"_links":{"self":[{"href":"https:\/\/juanxxiii.e12.ve\/home\/wp-json\/wp\/v2\/pages\/44"}],"collection":[{"href":"https:\/\/juanxxiii.e12.ve\/home\/wp-json\/wp\/v2\/pages"}],"about":[{"href":"https:\/\/juanxxiii.e12.ve\/home\/wp-json\/wp\/v2\/types\/page"}],"author":[{"embeddable":true,"href":"https:\/\/juanxxiii.e12.ve\/home\/wp-json\/wp\/v2\/users\/4"}],"replies":[{"embeddable":true,"href":"https:\/\/juanxxiii.e12.ve\/home\/wp-json\/wp\/v2\/comments?post=44"}],"version-history":[{"count":57,"href":"https:\/\/juanxxiii.e12.ve\/home\/wp-json\/wp\/v2\/pages\/44\/revisions"}],"predecessor-version":[{"id":36462,"href":"https:\/\/juanxxiii.e12.ve\/home\/wp-json\/wp\/v2\/pages\/44\/revisions\/36462"}],"wp:featuredmedia":[{"embeddable":true,"href":"https:\/\/juanxxiii.e12.ve\/home\/wp-json\/wp\/v2\/media\/29232"}],"wp:attachment":[{"href":"https:\/\/juanxxiii.e12.ve\/home\/wp-json\/wp\/v2\/media?parent=44"}],"curies":[{"name":"wp","href":"https:\/\/api.w.org\/{rel}","templated":true}]}}