{"id":38368,"date":"2020-07-08T21:26:53","date_gmt":"2020-07-09T01:26:53","guid":{"rendered":"https:\/\/juanxxiii.e12.ve\/home\/?page_id=38368"},"modified":"2020-11-23T18:57:58","modified_gmt":"2020-11-23T22:57:58","slug":"investigaciones-juan-23","status":"publish","type":"page","link":"https:\/\/juanxxiii.e12.ve\/home\/investigaciones-juan-23","title":{"rendered":"Investigaciones Juan 23"},"content":{"rendered":"<h1><strong>Investigaciones Juan\u00a023<\/strong><\/h1>\n<h3><strong>Presentaci\u00f3n<\/strong><\/h3>\n<p>La naturaleza cambiante del siglo XXI conlleva de alg\u00fan modo a propiciar cambios e innovaciones en funci\u00f3n de las necesidades surgidas en el devenir de los tiempos. En este sentido el Centro de Recursos para el Aprendizaje (CRA) del Instituto Educacional Juan XXIII\u00a0 apertura en su formato virtual un\u00a0espacio institucional identificado como Investigaciones Juan 23, en el cual podr\u00e1 ubicarse producciones acad\u00e9micas y de investigaci\u00f3n generadas tanto por estudiantes activos y egresados como por Docentes de la instituci\u00f3n.<\/p>\n<h3><strong>Prop\u00f3sito<\/strong><\/h3>\n<p>El\u00a0Espacio Virtual institucional \u201cInvestigaciones Juan 23\u201d \u00a0tiene como prop\u00f3sito almacenar, clasificar y conservar la producci\u00f3n acad\u00e9mica tanto de estudiantes como de Docentes de la instituci\u00f3n con fin de contribuir al desarrollo de la actividad investigativa.<\/p>\n<h3><strong>Misi\u00f3n<\/strong><\/h3>\n<p>Fomentar el desarrollo de producciones acad\u00e9micas\u00a0 y de investigaci\u00f3n sustentado en la visi\u00f3n filos\u00f3fica y principios del Instituto Educacional Juan XXIII.<\/p>\n<h3><strong>Visi\u00f3n<\/strong><\/h3>\n<p>Ser una referencia acad\u00e9mica en el contexto de la investigaci\u00f3n educativa y pedag\u00f3gica.<\/p>\n<p><!--more--><!--more--><\/p>\n<h3><strong>Descripci\u00f3n<\/strong><\/h3>\n<p>El\u00a0Espacio Virtual est\u00e1 distribuido en dos secciones principales: Producci\u00f3n investigativa Docente y Producci\u00f3n investigativa de estudiantes. Ubicando en la producci\u00f3n investigativa Docente; los trabajos de grado, tesis doctorales, ensayos acad\u00e9micos, art\u00edculos cient\u00edficos entre otros. Y en la producci\u00f3n investigativa de estudiantes; ensayos y monograf\u00edas seg\u00fan los programas del Bachillerato Internacional impartidos en la instituci\u00f3n.<\/p>\n<h3><strong>Distribuci\u00f3n <\/strong><\/h3>\n<h3><strong>Producciones acad\u00e9micas e investigativas<\/strong><\/h3>\n<p>Producci\u00f3n Investigativa Docente<\/p>\n<ul>\n<li>Trabajos de grado<\/li>\n<li>Tesis Doctorales<\/li>\n<li>Ensayos acad\u00e9micos<\/li>\n<li>Art\u00edculos cient\u00edficos<\/li>\n<\/ul>\n<p>Producci\u00f3n Investigativa de Estudiantes<\/p>\n<ul>\n<li>Programa de A\u00f1os Intermedios ( PAI) : Proyecto personal<\/li>\n<li>Programa Diploma: Ensayos de Teor\u00eda del Conocimiento y\u00a0 Monograf\u00edas.<\/li>\n<li>Programa de Oportunidades Profesionales (POP): Ensayo del Proyecto de Reflexi\u00f3n.<\/li>\n<\/ul>\n<h2><strong>Monograf\u00edas<\/strong><\/h2>\n<h3><strong>Pol\u00edtica Global<\/strong><\/h3>\n<ul>\n<li><a href=\"https:\/\/juanxxiii.e12.ve\/home\/wp-content\/uploads\/2020\/07\/Alfredo-monografia.pdf\">Bustamante, A. (2020).\u00a0<em>\u00bfHasta qu\u00e9 punto las pol\u00edticas de los \u00faltimos diez a\u00f1os del Estado venezolano, han propiciado la emigraci\u00f3n en su poblaci\u00f3n?<\/em>.<\/a><\/li>\n<li><a href=\"https:\/\/juanxxiii.e12.ve\/home\/wp-content\/uploads\/2020\/07\/MONOGRAFIA-EDGARDO.pdf\">Edgardo. (2019). <em>\u00bfEn qu\u00e9 medida el gobierno actual de Venezuela ha implementado estrategias populistas para ejercer control sobre la poblaci\u00f3n?.<\/em><\/a><\/li>\n<li><a href=\"https:\/\/juanxxiii.e12.ve\/home\/wp-content\/uploads\/2020\/11\/Monografia-Maria-A-1-1-1.pdf\">Guerrero, M. (2018). <\/a><a href=\"https:\/\/juanxxiii.e12.ve\/home\/wp-content\/uploads\/2020\/11\/Monografia-Maria-A-1-1-1.pdf\">\u00a0<em>\u00bfEn que medida el gobierno actual de Venezuela ha menoscabado los derechos pol\u00edticos de los ciudadanos que manifiestan una ideolog\u00eda contraria?<\/em><\/a><\/li>\n<li><a href=\"https:\/\/juanxxiii.e12.ve\/home\/wp-content\/uploads\/2020\/11\/monografia_andreina_vecchies_20142-1-1.pdf\">Vecchies, A. (2014). <em>\u00bfHasta que punto los medios de comunicaci\u00f3n audiovisuales en Venezuela han cumplido a cabalidad su funci\u00f3n en los \u00faltimos diez a\u00f1os?<\/em><\/a><\/li>\n<li><a href=\"https:\/\/juanxxiii.e12.ve\/home\/wp-content\/uploads\/2020\/11\/Monografia-Final-Angelica-Ortiz-1-1.pdf\">Ortiz, A. (2009). <em>Determinaci\u00f3n de las causas de reclutamiento de ni\u00f1os soldados en Colombia por el grupo guerrillero de laS FARC<\/em><\/a><\/li>\n<li><a href=\"https:\/\/juanxxiii.e12.ve\/home\/wp-content\/uploads\/2020\/11\/Vanesa-Pascuale-1-1.pdf\">Pasquale, V. (2006). <em>\u00bfHasta que punto el bipartidismo en Venezuela influy\u00f3 en el triunfo electoral del actual Presidente de Venezuela Hugo Chav\u00e9z Fr\u00edas en las elecciones de 1998?<\/em><\/a><\/li>\n<\/ul>\n<h3><strong>Lengua y Literatura<\/strong><\/h3>\n<ul>\n<li><a href=\"https:\/\/juanxxiii.e12.ve\/home\/wp-content\/uploads\/2020\/07\/MONOGRAFIA-ALEJANDRA.pdf\">Espinoza, A. (2020).\u00a0<em>El humor sat\u00edrico como una met\u00e1fora moralista en el flujo de la obra \u201cLa Celestina\u201dde Fernando de Rojas en contraste con Los cuentos de Canterbury de Geoffrey Chaucer.<\/em><\/a><\/li>\n<li><a href=\"https:\/\/juanxxiii.e12.ve\/home\/wp-content\/uploads\/2020\/07\/Monograf\u00eda-pATRICIA-kUTTEL-2.pdf\">Kuttel, P. (2018).\u00a0<em>La dualidad arquet\u00edpica de la mujer en la \u201cDo\u00f1a B\u00e1rbara\u201d de R\u00f3mulo Gallegos<\/em>.<\/a><\/li>\n<li><a href=\"https:\/\/juanxxiii.e12.ve\/home\/wp-content\/uploads\/2020\/11\/Monografia-Natalia-Vargas-23-02-2.txt\">Vargas, N. (2016). <em>\u00bfDe qu\u00e9 manera la t\u00e9cnica narrativa de la obra \u201cEl T\u00fanel\u201d de Ernesto S\u00e1bato fue influenciada por las caracter\u00edsticas del movimiento literario surrealista?\u00a0<\/em><\/a><\/li>\n<\/ul>\n<p>&nbsp;<\/p>\n<h2><strong>Proyectos de Reflexi\u00f3n<\/strong><\/h2>\n<h3><strong>Salud<\/strong><\/h3>\n<ul>\n<li><a href=\"https:\/\/juanxxiii.e12.ve\/home\/wp-content\/uploads\/2020\/07\/Clara-Yaguas-pdr.pdf\">Yaguas, C. (2020).\u00a0<em>Prolongar el estado de coma: Entre la moral y la \u00e9tica<\/em>.<\/a><\/li>\n<li><a href=\"https:\/\/juanxxiii.e12.ve\/home\/wp-content\/uploads\/2020\/07\/Sof\u00eda-Matos-pdr.pdf\">Matos, S. (2020).\u00a0<em>Terapia gen\u00e9tica: Eugenesia vs moral<\/em>.<\/a><\/li>\n<li><a href=\"https:\/\/juanxxiii.e12.ve\/home\/wp-content\/uploads\/2020\/07\/Yahir-Ledezmapdr.pdf\">Ledezma, Y. (2020).\u00a0<em>Uso de c\u00e9lulas madres embrionarias humanas con fin investigativo: Debate moral y \u00e9tico en la pr\u00e1ctica profesional de la medicina<\/em>.<\/a><\/li>\n<\/ul>\n<h3><strong>Emprendimiento<\/strong><\/h3>\n<ul>\n<li><a href=\"https:\/\/juanxxiii.e12.ve\/home\/wp-content\/uploads\/2020\/07\/Sofia-Sofos-pdr-1.pdf\">Matos, S. (2020).\u00a0\u00bf<em>Deber\u00eda el medio ambiente representar un reto o un compromiso \u00e9tico para el \u00e9xito empresarial?.<\/em><\/a><\/li>\n<li><a href=\"https:\/\/juanxxiii.e12.ve\/home\/wp-content\/uploads\/2020\/07\/PROYECTO-DE-REFLEXI\u00d3N-MARIA-FERNANDA.pdf\">Rodr\u00edguez, M. (2020). <em>\u00bfHasta que punto es necesario considerar temas \u00e9ticos (valores) y derechos en la administraci\u00f3n p\u00fablica? (caso sistema penitenciario, tema de alimentaci\u00f3n; Valencia, Venezuela).<\/em><\/a><\/li>\n<\/ul>\n<p>&nbsp;<\/p>\n<h2><strong>Investigaci\u00f3n Docente<\/strong><\/h2>\n<div>Lisbeth Cede\u00f1o de Veracierto. Docente de Artes Diploma \u00a0 y Proyecto de Reflexi\u00f3n .I.E.Juan XXIII. Especialista en Educaci\u00f3n para la Gesti\u00f3n Comunitaria. Cursante de Tesis Doctoral en Educaci\u00f3n. Docente de Postgrado I.M.P del Magisterio-UPEL N\u00facleo Valencia. Artista Pl\u00e1stico.<\/div>\n<div><\/div>\n<div>Publicaciones:<\/div>\n<ul>\n<li><a href=\"https:\/\/doi.org\/10.29394\/Scientific.issn.2542-2987.2020.5.15.10.209-228\">Cede\u00f1o de Veracierto, L. M. (2020). Proyectos comunitarios: <em>Una experiencia did\u00e1ctica en Formaci\u00f3n Comunitaria<\/em>. <i>Revista Scientific<\/i>,\u00a0<i>5<\/i>(15), 209-228.<\/a><\/li>\n<li><a href=\"http:\/\/www.eleutheria.ufm.edu\/\">Cede\u00f1o de Veracierto, L. (2020). Comportamiento \u00e9tico \u00bfEducaci\u00f3n o cultura?. <em>Revista Eleutheria<\/em> UFM. Verano 2020 ISSN 1990-2433<\/a><\/li>\n<\/ul>\n<div><\/div>\n<div>Eva Monagas de Rojas. Egresada Promoci\u00f3n 12 del Juan XXIII, Ingeniero Electricista de la Universidad Sim\u00f3n Bol\u00edvar (1989). Ha realizado especializaci\u00f3n, maestr\u00edas y actualmente culmina sus estudios doctorales. Su vida se reparte entre la familia, los sistemas de energ\u00eda el\u00e9ctrica y la educaci\u00f3n.<\/div>\n<div><\/div>\n<div>Publicaciones:<\/div>\n<div>\n<div>\n<ul>\n<li>\u00a0<a href=\"http:\/\/riuc.bc.uc.edu.ve\/simple-search?query=Eva+Monagas&amp;submit=Buscar+\">Monagas, E. (2017).\u00a0 <i>I<\/i>nvestigaci\u00f3n estudiantil y la legitimaci\u00f3n del saber<i>.\u00a0<\/i>\u00a0\u00a0\u00a0HumanArtes.. <em>Revista Electr\u00f3nica de Ciencias Sociales y Educaci\u00f3n<\/em>.\u00a05(10),\u00a0 146-159.<\/a><\/li>\n<li>\u00a0<a href=\"http:\/\/riuc.bc.uc.edu.ve\/simple-search?query=Eva+Monagas&amp;submit=Buscar+\">Monagas, E. (2019). <i>Reflexiones del foro \u00abLa educaci\u00f3n superior, internacionalizaci\u00f3n e integraci\u00f3n regional de Am\u00e9rica Latina y el Caribe\u201d. Rumbo a la CRES 2018.\u00a0<\/i>Educaci\u00f3n Superior y Sociedad. Vol 25, 69-86.<\/a><\/li>\n<li>\u00a0<a href=\"http:\/\/riuc.bc.uc.edu.ve\/simple-search?query=Eva+Monagas&amp;submit=Buscar+\">Monagas, E. (2016). Gerencia estrat\u00e9gica de la investigaci\u00f3n Estudiantil. Una experiencia llamada SAE UC.\u00a0 <em>Dial\u00f3gica<\/em>. 13(1), 233-252<\/a><\/li>\n<\/ul>\n<\/div>\n<\/div>\n","protected":false},"excerpt":{"rendered":"<p>Investigaciones Juan\u00a023 Presentaci\u00f3n La naturaleza cambiante del siglo XXI conlleva de alg\u00fan modo a propiciar cambios&#8230;<\/p>\n","protected":false},"author":4,"featured_media":29232,"parent":0,"menu_order":0,"comment_status":"closed","ping_status":"closed","template":"","meta":[],"_links":{"self":[{"href":"https:\/\/juanxxiii.e12.ve\/home\/wp-json\/wp\/v2\/pages\/38368"}],"collection":[{"href":"https:\/\/juanxxiii.e12.ve\/home\/wp-json\/wp\/v2\/pages"}],"about":[{"href":"https:\/\/juanxxiii.e12.ve\/home\/wp-json\/wp\/v2\/types\/page"}],"author":[{"embeddable":true,"href":"https:\/\/juanxxiii.e12.ve\/home\/wp-json\/wp\/v2\/users\/4"}],"replies":[{"embeddable":true,"href":"https:\/\/juanxxiii.e12.ve\/home\/wp-json\/wp\/v2\/comments?post=38368"}],"version-history":[{"count":25,"href":"https:\/\/juanxxiii.e12.ve\/home\/wp-json\/wp\/v2\/pages\/38368\/revisions"}],"predecessor-version":[{"id":38807,"href":"https:\/\/juanxxiii.e12.ve\/home\/wp-json\/wp\/v2\/pages\/38368\/revisions\/38807"}],"wp:featuredmedia":[{"embeddable":true,"href":"https:\/\/juanxxiii.e12.ve\/home\/wp-json\/wp\/v2\/media\/29232"}],"wp:attachment":[{"href":"https:\/\/juanxxiii.e12.ve\/home\/wp-json\/wp\/v2\/media?parent=38368"}],"curies":[{"name":"wp","href":"https:\/\/api.w.org\/{rel}","templated":true}]}}