{"id":33637,"date":"2018-06-26T09:14:36","date_gmt":"2018-06-26T13:44:36","guid":{"rendered":"http:\/\/juanxxiii.e12.ve\/home\/?page_id=33637"},"modified":"2022-05-25T10:34:08","modified_gmt":"2022-05-25T14:34:08","slug":"empleos","status":"publish","type":"page","link":"https:\/\/juanxxiii.e12.ve\/home\/administracion\/empleos","title":{"rendered":"Empleos"},"content":{"rendered":"<h1>\u00bfQuieres formar parte de nuestro equipo?<\/h1>\n<p>&nbsp;<\/p>\n<p><strong><span style=\"font-size: 24px;\">\ud83d\udd0eSolicitamos<\/span><\/strong><\/p>\n<ul>\n<li>\n<h2><strong>Licda\/do en Educaci\u00f3n Menci\u00f3n Ingl\u00e9s.<\/strong><\/h2>\n<\/li>\n<\/ul>\n<p><span class=\"_7UhW9 xLCgt MMzan KV-D4 se6yk T0kll \">\ud83d\udd39Experiencia comprobada en los niveles de Media y Diversificada.<br \/>\n\ud83d\udd39Manejo de herramientas tecnol\u00f3gicas.<br \/>\n\ud83d\udd39Con dominio de las cuatro destrezas en la ense\u00f1anza del Ingl\u00e9s (Listening, writing, speaking and reading).<\/span><\/p>\n<p>Interesados enviar curr\u00edculo al siguiente correo: <a href=\"mailto:recursoshumnos@juanxxiii.e12.ve\">recursoshumnos@juanxxiii.e12.ve<\/a>.<\/p>\n<ul>\n<li>\n<h2><strong>Editor de Videos.<\/strong><\/h2>\n<\/li>\n<\/ul>\n<p><span class=\"_7UhW9 xLCgt MMzan KV-D4 se6yk T0kll \">Con experiencia en manejo de:<br \/>\n\ud83d\udd39Adobe After Effects.<br \/>\n\ud83d\udd39Adobe Premiere.<\/span><\/p>\n<p>Interesados enviar curr\u00edculo al siguiente correo electr\u00f3nico: <a href=\"mailto:recursoshumanos@juanxxiii.e12.ve\">recursoshumanos@juanxxiii.e12.ve<\/a><\/p>\n<ul>\n<li class=\"_04xlpA direction-ltr align-start para-style-subtitle\">\n<h2><strong>Personal de Servicios Generales para Planta F\u00edsica, sexo femenino o masculino, con los siguientes requisitos:<\/strong><\/h2>\n<\/li>\n<li>C\u00e9dula de Identidad.<\/li>\n<li>Referencias personales.<\/li>\n<li>Experiencia en mantenimiento y limpieza de espacios f\u00edsicos.<\/li>\n<li>Mayor de edad.<\/li>\n<\/ul>\n<p>Si deseas formar parte de nuestro capital humano y tienes residencia cercana a la sede del colegio, env\u00edanos tu curr\u00edculo al siguiente correo:\u00a0<a href=\"mailto:recursoshumanos@juanxxiii.e12.ve\">recursoshumanos@juanxxiii.e12.ve<\/a><\/p>\n","protected":false},"excerpt":{"rendered":"<p>\u00bfQuieres formar parte de nuestro equipo? &nbsp; \ud83d\udd0eSolicitamos Licda\/do en Educaci\u00f3n Menci\u00f3n Ingl\u00e9s. \ud83d\udd39Experiencia comprobada en&#8230;<\/p>\n","protected":false},"author":11,"featured_media":29232,"parent":63,"menu_order":1,"comment_status":"closed","ping_status":"closed","template":"","meta":[],"_links":{"self":[{"href":"https:\/\/juanxxiii.e12.ve\/home\/wp-json\/wp\/v2\/pages\/33637"}],"collection":[{"href":"https:\/\/juanxxiii.e12.ve\/home\/wp-json\/wp\/v2\/pages"}],"about":[{"href":"https:\/\/juanxxiii.e12.ve\/home\/wp-json\/wp\/v2\/types\/page"}],"author":[{"embeddable":true,"href":"https:\/\/juanxxiii.e12.ve\/home\/wp-json\/wp\/v2\/users\/11"}],"replies":[{"embeddable":true,"href":"https:\/\/juanxxiii.e12.ve\/home\/wp-json\/wp\/v2\/comments?post=33637"}],"version-history":[{"count":15,"href":"https:\/\/juanxxiii.e12.ve\/home\/wp-json\/wp\/v2\/pages\/33637\/revisions"}],"predecessor-version":[{"id":40016,"href":"https:\/\/juanxxiii.e12.ve\/home\/wp-json\/wp\/v2\/pages\/33637\/revisions\/40016"}],"up":[{"embeddable":true,"href":"https:\/\/juanxxiii.e12.ve\/home\/wp-json\/wp\/v2\/pages\/63"}],"wp:featuredmedia":[{"embeddable":true,"href":"https:\/\/juanxxiii.e12.ve\/home\/wp-json\/wp\/v2\/media\/29232"}],"wp:attachment":[{"href":"https:\/\/juanxxiii.e12.ve\/home\/wp-json\/wp\/v2\/media?parent=33637"}],"curies":[{"name":"wp","href":"https:\/\/api.w.org\/{rel}","templated":true}]}}