{"id":31943,"date":"2017-10-31T14:16:55","date_gmt":"2017-10-31T18:46:55","guid":{"rendered":"http:\/\/juanxxiii.e12.ve\/home\/?page_id=31943"},"modified":"2025-05-29T12:01:41","modified_gmt":"2025-05-29T16:01:41","slug":"politicas","status":"publish","type":"page","link":"https:\/\/juanxxiii.e12.ve\/home\/politicas","title":{"rendered":"Pol\u00edticas"},"content":{"rendered":"<p><span style=\"font-size: large;\">El <strong>Instituto Educacional Juan XXIII<\/strong> ha dise\u00f1ado un conjunto de pol\u00edticas que permiten demostrar a la comunidad la atenci\u00f3n y valoraci\u00f3n que se da a cada uno de sus miembros. Estas directrices garantizan el cumplimiento de nuestra misi\u00f3n como Colegio del Mundo. Asimismo, da las orientaciones pertinentes al seguimiento de las normas y procedimientos establecidos dentro de la comunidad escolar.<\/span><\/p>\n<ul>\n<li><strong><a href=\"https:\/\/juanxxiii.e12.ve\/home\/wp-content\/uploads\/2025\/05\/Politica-de-admision-2024.pdf\">Pol\u00edtica de admisi\u00f3n 2024<\/a><\/strong><\/li>\n<li><strong><a href=\"https:\/\/juanxxiii.e12.ve\/home\/wp-content\/uploads\/2025\/05\/Politica-Linguistica.pdf\">Pol\u00edtica Ling\u00fc\u00edstica<\/a><\/strong><\/li>\n<li><strong><a href=\"https:\/\/juanxxiii.e12.ve\/home\/wp-content\/uploads\/2025\/05\/Politica-de-Inclusion.pdf\">Pol\u00edtica de Inclusi\u00f3n<\/a><\/strong><\/li>\n<li><strong><a href=\"https:\/\/juanxxiii.e12.ve\/home\/wp-content\/uploads\/2025\/05\/Politica-de-Evaluacion.pdf\">Pol\u00edtica de Evaluaci\u00f3n<\/a><\/strong><\/li>\n<li><strong><a href=\"https:\/\/juanxxiii.e12.ve\/home\/wp-content\/uploads\/2025\/05\/Politica-de-Integridad-Academica.pdf\">Pol\u00edtica de Integridad Acad\u00e9mica<\/a><\/strong><\/li>\n<\/ul>\n","protected":false},"excerpt":{"rendered":"<p>El Instituto Educacional Juan XXIII ha dise\u00f1ado un conjunto de pol\u00edticas que permiten demostrar a la&#8230;<\/p>\n","protected":false},"author":4,"featured_media":29232,"parent":0,"menu_order":0,"comment_status":"closed","ping_status":"closed","template":"","meta":[],"_links":{"self":[{"href":"https:\/\/juanxxiii.e12.ve\/home\/wp-json\/wp\/v2\/pages\/31943"}],"collection":[{"href":"https:\/\/juanxxiii.e12.ve\/home\/wp-json\/wp\/v2\/pages"}],"about":[{"href":"https:\/\/juanxxiii.e12.ve\/home\/wp-json\/wp\/v2\/types\/page"}],"author":[{"embeddable":true,"href":"https:\/\/juanxxiii.e12.ve\/home\/wp-json\/wp\/v2\/users\/4"}],"replies":[{"embeddable":true,"href":"https:\/\/juanxxiii.e12.ve\/home\/wp-json\/wp\/v2\/comments?post=31943"}],"version-history":[{"count":41,"href":"https:\/\/juanxxiii.e12.ve\/home\/wp-json\/wp\/v2\/pages\/31943\/revisions"}],"predecessor-version":[{"id":43088,"href":"https:\/\/juanxxiii.e12.ve\/home\/wp-json\/wp\/v2\/pages\/31943\/revisions\/43088"}],"wp:featuredmedia":[{"embeddable":true,"href":"https:\/\/juanxxiii.e12.ve\/home\/wp-json\/wp\/v2\/media\/29232"}],"wp:attachment":[{"href":"https:\/\/juanxxiii.e12.ve\/home\/wp-json\/wp\/v2\/media?parent=31943"}],"curies":[{"name":"wp","href":"https:\/\/api.w.org\/{rel}","templated":true}]}}