{"id":29890,"date":"2016-05-17T15:15:59","date_gmt":"2016-05-17T19:45:59","guid":{"rendered":"http:\/\/juanxxiii.e12.ve\/home\/?page_id=29890"},"modified":"2022-07-26T08:02:18","modified_gmt":"2022-07-26T12:02:18","slug":"recursos-3er-grado","status":"publish","type":"page","link":"https:\/\/juanxxiii.e12.ve\/home\/recursos-3er-grado","title":{"rendered":"Recursos \u2013 3er. Grado"},"content":{"rendered":"<h1 style=\"text-align: center;\">3er Grado<\/h1>\n<h2 style=\"text-align: left;\">Documentos para imprimir<\/h2>\n<p><strong>1er Lapso<\/strong><\/p>\n<p>Planilla de datos personales\u00a0<a href=\"https:\/\/juanxxiii.e12.ve\/home\/wp-content\/uploads\/2016\/05\/Planilla-de-registro.pdf\">(pdf)<\/a><\/p>\n<p>Registro de lectura\u00a0<a href=\"https:\/\/juanxxiii.e12.ve\/home\/wp-content\/uploads\/2016\/05\/REGISTRO-DE-LECTURA-EN-CASA.pdf\">(pdf)<\/a><\/p>\n<h2 style=\"text-align: left;\"><\/h2>\n<h2 style=\"text-align: left;\">Planes de Evaluaci\u00f3n<\/h2>\n<p>1er Lapso\u00a0 <a href=\"https:\/\/juanxxiii.e12.ve\/home\/wp-content\/uploads\/2016\/05\/3er-grado-11.pdf\">(pdf)<\/a><\/p>\n<p>2do Lapso\u00a0<a href=\"https:\/\/juanxxiii.e12.ve\/home\/wp-content\/uploads\/2016\/05\/3er-grado-30.pdf\">(pdf)<\/a><\/p>\n<p>3er\u00a0 Lapso\u00a0<a href=\"https:\/\/juanxxiii.e12.ve\/home\/wp-content\/uploads\/2016\/05\/plan-de-evaluacion-3er-grado.pdf\">(pdf)<\/a><\/p>\n<h2 style=\"text-align: left;\"><\/h2>\n<h2 style=\"text-align: left;\">Planes de Evaluaci\u00f3n Ingl\u00e9s<\/h2>\n<p><strong>Primer Lapso<\/strong><\/p>\n<p>Unidad 1:\u00a0<a href=\"https:\/\/juanxxiii.e12.ve\/home\/wp-content\/uploads\/2016\/05\/3er-grado-13.pdf\">(pdf)<\/a><\/p>\n<p><strong>Segundo Lapso<\/strong><\/p>\n<p>Unidad 3:\u00a0<a href=\"https:\/\/juanxxiii.e12.ve\/home\/wp-content\/uploads\/2016\/05\/3er-grado-23.pdf\">(pdf)<\/a><\/p>\n<p><strong>Tercer La<\/strong><strong>pso<\/strong><\/p>\n<p>Unidades 5, 6 y 7:\u00a0<a href=\"https:\/\/juanxxiii.e12.ve\/home\/wp-content\/uploads\/2016\/05\/Evaluation-plan-3rdgrade-3rd-term-2019-2020-1.pdf\">(pdf)<\/a><\/p>\n<p>&nbsp;<\/p>\n<h2 style=\"text-align: left;\">Matrices de la indagaci\u00f3n<\/h2>\n<p><strong>1er Lapso<\/strong><\/p>\n<p>1. Matriz Unidad 1:\u00a0D\u00f3nde nos encontramos en el tiempo y en el espacio\u00a0<a href=\"https:\/\/juanxxiii.e12.ve\/home\/wp-content\/uploads\/2016\/05\/3er-grado-10.pdf\">(pdf)<\/a><\/p>\n<p>2. Matriz Unidad 2: Qui\u00e9nes somos\u00a0<a href=\"https:\/\/juanxxiii.e12.ve\/home\/wp-content\/uploads\/2016\/05\/3ero-2.pdf\">(pdf)<\/a><\/p>\n<p><strong>2do\u00a0Lapso<\/strong><\/p>\n<p>3. Matriz Unidad 3: C\u00f3mo nos expresamos\u00a0<a href=\"https:\/\/juanxxiii.e12.ve\/home\/wp-content\/uploads\/2016\/05\/3er-grado-18.pdf\">(pdf)<\/a><\/p>\n<p>4. Matriz Unidad 4: C\u00f3mo\u00a0compartimos el planeta\u00a0<a href=\"https:\/\/juanxxiii.e12.ve\/home\/wp-content\/uploads\/2016\/05\/3er-grado-29.pdf\">(pdf)<\/a><\/p>\n<p><strong>3er\u00a0Lapso<\/strong><\/p>\n<p>5. Matriz Unidad\u00a05:\u00a0C\u00f3mo funciona el mundo\u00a0<a href=\"https:\/\/juanxxiii.e12.ve\/home\/wp-content\/uploads\/2016\/05\/Matriz-3er-grado.pdf\">(pdf)<\/a><\/p>\n<h2><\/h2>\n<h2>Gu\u00edas<\/h2>\n<p>Gu\u00eda M\u00e9todo Cient\u00edfico:\u00a0<a href=\"https:\/\/juanxxiii.e12.ve\/home\/wp-content\/uploads\/2016\/05\/gu\u00eda-del-m\u00e9todo-cient\u00edfico.pdf\">(pdf)<\/a><\/p>\n<p>Gu\u00eda de Matem\u00e1tica:\u00a0<a href=\"https:\/\/juanxxiii.e12.ve\/home\/wp-content\/uploads\/2016\/05\/Guia-de-practica-Matematica-2.pdf\">(pdf)<\/a><\/p>\n<p>Gu\u00eda de \u00c1rea:\u00a0<a href=\"https:\/\/juanxxiii.e12.ve\/home\/wp-content\/uploads\/2016\/05\/Guia-practica-de-area.pdf\">(pdf)<\/a><\/p>\n<p>Gu\u00eda de Repaso:\u00a0<a href=\"https:\/\/juanxxiii.e12.ve\/home\/wp-content\/uploads\/2016\/05\/guia-de-repaso-3er-grado-2020.pdf\">(pdf)<\/a><\/p>\n<p>&nbsp;<\/p>\n<h2 style=\"text-align: left;\">Gu\u00edas de Vocabulario de Ingl\u00e9s<\/h2>\n<p>Gu\u00eda 1:\u00a0<a href=\"https:\/\/juanxxiii.e12.ve\/home\/wp-content\/uploads\/2016\/05\/Gu\u00eda-1-3er-grado.pdf\">(pdf)<\/a><\/p>\n<p>Unidad 3\u00a0<a href=\"https:\/\/juanxxiii.e12.ve\/home\/wp-content\/uploads\/2016\/05\/3er-grado-25.pdf\">(pdf)<\/a><\/p>\n<p>Gu\u00eda 4: <a href=\"https:\/\/juanxxiii.e12.ve\/home\/wp-content\/uploads\/2016\/05\/Vocabulary-Guide-3rd-Grade-UNIT4.pdf\">pdf<\/a><\/p>\n<p>Gu\u00eda Vocabulary:\u00a0<a href=\"https:\/\/juanxxiii.e12.ve\/home\/wp-content\/uploads\/2016\/05\/Vocabulary-3rdGrade-2-1.pdf\">(pdf)<\/a><\/p>\n<p>Adicional: <a href=\"https:\/\/juanxxiii.e12.ve\/home\/wp-content\/uploads\/2016\/05\/Simple-Present.pptx\">(ppt)<\/a><\/p>\n<p>Gu\u00eda Grammar:\u00a0<a href=\"https:\/\/juanxxiii.e12.ve\/home\/wp-content\/uploads\/2016\/05\/GUIA-DE-GRAMATICA-3ER-GRADO-3ER-LAPSO-1.pdf\">(pdf)<\/a><\/p>\n<p>&nbsp;<\/p>\n<h2 style=\"text-align: left;\">Gu\u00edas de\u00a0estudio de Ingl\u00e9s<\/h2>\n<p>Unidad 3:\u00a0<a href=\"https:\/\/juanxxiii.e12.ve\/home\/wp-content\/uploads\/2016\/05\/3grado.docx\">(word)<\/a><\/p>\n<p>Unidad 4: <a href=\"https:\/\/juanxxiii.e12.ve\/home\/wp-content\/uploads\/2016\/05\/Study-Guide-3rd-Grade-unit-4-DEF.pdf\">pdf<\/a><\/p>\n<p>Adicional de Unidad 4:\u00a0<a href=\"https:\/\/juanxxiii.e12.ve\/home\/wp-content\/uploads\/2016\/05\/English-Guide-Adit.Unit4-3rd-Grade-1.pdf\">(pdf)<\/a><\/p>\n<p>Unidad 5:\u00a0<a href=\"https:\/\/juanxxiii.e12.ve\/home\/wp-content\/uploads\/2016\/05\/Guide-UNIT5-3rd-gradeDEF.pdf\">(pdf)<\/a><\/p>\n<p>Summative Activity Unit 5:\u00a0<a href=\"https:\/\/juanxxiii.e12.ve\/home\/wp-content\/uploads\/2016\/05\/sumativa-3ergradounit5.pptx\">(ppt)<\/a><\/p>\n<p>Actividad <a href=\"https:\/\/juanxxiii.e12.ve\/home\/wp-content\/uploads\/2016\/05\/imagen-ingles-1.pdf\">(pdf)<\/a><\/p>\n<p>&nbsp;<\/p>\n<h2>Spelling Bee<\/h2>\n<p>Pautas:\u00a0<a href=\"https:\/\/juanxxiii.e12.ve\/home\/wp-content\/uploads\/2016\/05\/Instrucciones-y-pautas-para-el-Spelling-Bee.pdf\">(pdf)<\/a><\/p>\n<p>Palabras por Nivel:\u00a0<a href=\"https:\/\/juanxxiii.e12.ve\/home\/wp-content\/uploads\/2016\/05\/Lista-de-palabras-por-nivel-Spelling-Bee-1.pdf\">(pdf)<\/a><\/p>\n<p>&nbsp;<\/p>\n<h2 style=\"text-align: left;\">Gu\u00edas de\u00a0ejercicios Olimpiadas de Matem\u00e1tica<\/h2>\n<p>Gu\u00eda 1:\u00a0<a href=\"https:\/\/juanxxiii.e12.ve\/home\/wp-content\/uploads\/2016\/05\/Preliminar3er2003-1.pdf\">(pdf)<\/a><\/p>\n<p>Gu\u00eda 2:\u00a0<a href=\"https:\/\/juanxxiii.e12.ve\/home\/wp-content\/uploads\/2016\/05\/Preliminar3er2014.pdf\">(ppt)<\/a><\/p>\n<p>Gu\u00eda 3:\u00a0<a href=\"https:\/\/juanxxiii.e12.ve\/home\/wp-content\/uploads\/2016\/05\/Preliminar3er2005-1.pdf\">(pdf)<\/a><\/p>\n<p>Gu\u00eda 4:\u00a0\u00a0<a href=\"https:\/\/juanxxiii.e12.ve\/home\/wp-content\/uploads\/2016\/05\/Preliminar3er2014matematica.pdf\">(pdf)<\/a><\/p>\n<p>Gu\u00eda 5: <a href=\"https:\/\/juanxxiii.e12.ve\/home\/wp-content\/uploads\/2020\/10\/Regional3er2016.pdf\">(pdf)<\/a><\/p>\n<p>Gu\u00eda 6: <a href=\"https:\/\/juanxxiii.e12.ve\/home\/wp-content\/uploads\/2020\/10\/Regional3er2009.pdf\">(pdf)<\/a><\/p>\n<p>Gu\u00eda 7: <a href=\"https:\/\/juanxxiii.e12.ve\/home\/wp-content\/uploads\/2020\/10\/Regional3er2013.pdf\">(pdf)<\/a><\/p>\n<h2 style=\"text-align: left;\">Planes de Reforzando lo Aprendido<\/h2>\n<p><strong>PRIMER LAPSO<\/strong><\/p>\n<p><strong>SEGUNDO LAPSO<\/strong><\/p>\n<h2 style=\"text-align: left;\">Jornada pedag\u00f3gica en casa:<\/h2>\n<p>&nbsp;<\/p>\n<h1>Macro Horario<\/h1>\n<p>&nbsp;<\/p>\n","protected":false},"excerpt":{"rendered":"<p>3er Grado Documentos para imprimir 1er Lapso Planilla de datos personales\u00a0(pdf) Registro de lectura\u00a0(pdf) Planes de&#8230;<\/p>\n","protected":false},"author":3,"featured_media":29232,"parent":0,"menu_order":0,"comment_status":"closed","ping_status":"closed","template":"page-sidebar.php","meta":[],"_links":{"self":[{"href":"https:\/\/juanxxiii.e12.ve\/home\/wp-json\/wp\/v2\/pages\/29890"}],"collection":[{"href":"https:\/\/juanxxiii.e12.ve\/home\/wp-json\/wp\/v2\/pages"}],"about":[{"href":"https:\/\/juanxxiii.e12.ve\/home\/wp-json\/wp\/v2\/types\/page"}],"author":[{"embeddable":true,"href":"https:\/\/juanxxiii.e12.ve\/home\/wp-json\/wp\/v2\/users\/3"}],"replies":[{"embeddable":true,"href":"https:\/\/juanxxiii.e12.ve\/home\/wp-json\/wp\/v2\/comments?post=29890"}],"version-history":[{"count":277,"href":"https:\/\/juanxxiii.e12.ve\/home\/wp-json\/wp\/v2\/pages\/29890\/revisions"}],"predecessor-version":[{"id":40480,"href":"https:\/\/juanxxiii.e12.ve\/home\/wp-json\/wp\/v2\/pages\/29890\/revisions\/40480"}],"wp:featuredmedia":[{"embeddable":true,"href":"https:\/\/juanxxiii.e12.ve\/home\/wp-json\/wp\/v2\/media\/29232"}],"wp:attachment":[{"href":"https:\/\/juanxxiii.e12.ve\/home\/wp-json\/wp\/v2\/media?parent=29890"}],"curies":[{"name":"wp","href":"https:\/\/api.w.org\/{rel}","templated":true}]}}