{"id":29889,"date":"2016-05-17T15:16:13","date_gmt":"2016-05-17T19:46:13","guid":{"rendered":"http:\/\/juanxxiii.e12.ve\/home\/?page_id=29889"},"modified":"2021-08-08T21:11:51","modified_gmt":"2021-08-09T01:11:51","slug":"recursos-4to-grado","status":"publish","type":"page","link":"https:\/\/juanxxiii.e12.ve\/home\/recursos-4to-grado","title":{"rendered":"Recursos \u2013 4to. Grado"},"content":{"rendered":"<h1 style=\"text-align: center;\">4to Grado<\/h1>\n<p>&nbsp;<\/p>\n<p><a href=\"https:\/\/juanxxiii.e12.ve\/home\/wp-content\/uploads\/2016\/05\/LISTA-DE-UTILES-4TO-GRADO-2019.pdf\">LISTA DE \u00daTILES 4TO GRADO 2019-2020<\/a><br \/>\n<a href=\"https:\/\/juanxxiii.e12.ve\/home\/wp-content\/uploads\/2016\/05\/LISTA-DE-UTILES-4TO-GRADO-2020.pdf\">LISTA DE \u00daTILES 4TO GRADO 2020-2021<\/a><\/p>\n<h2><a href=\"https:\/\/juanxxiii.e12.ve\/home\/wp-content\/uploads\/2021\/08\/lista_grado4_2021_2022.pdf\">LISTA DE \u00daTILES 4TO GRADO 2021-2022<\/a><\/h2>\n<p>&nbsp;<\/p>\n<h2 style=\"text-align: left;\">Documentos para imprimir<\/h2>\n<p><strong>1er Lapso<\/strong><\/p>\n<p>Planilla de datos personales\u00a0<a href=\"https:\/\/juanxxiii.e12.ve\/home\/wp-content\/uploads\/2016\/05\/Planilla-de-registro.pdf\">(pdf)<\/a><\/p>\n<p>Registro de lectura\u00a0<a href=\"https:\/\/juanxxiii.e12.ve\/home\/wp-content\/uploads\/2016\/05\/REGISTRO-DE-LECTURA-EN-CASA.pdf\">(pdf)<\/a><\/p>\n<p>&nbsp;<\/p>\n<h2 style=\"text-align: left;\">Planes de Evaluaci\u00f3n<\/h2>\n<p>1er Lapso\u00a0\u00a0<a href=\"https:\/\/juanxxiii.e12.ve\/home\/wp-content\/uploads\/2016\/05\/4to-grado-13.pdf\">(pdf)<\/a><\/p>\n<p>2do Lapso\u00a0<a href=\"https:\/\/juanxxiii.e12.ve\/home\/wp-content\/uploads\/2016\/05\/4to-grado-27.pdf\">(pdf)<\/a><\/p>\n<p>3er Lapso <a href=\"https:\/\/juanxxiii.e12.ve\/home\/wp-content\/uploads\/2016\/05\/4TO-GRADO-PLAN-DE-EVALUACIO\u0301N-1.pdf\">(pdf)<\/a><\/p>\n<p>&nbsp;<\/p>\n<h2 style=\"text-align: left;\">Planes de Evaluaci\u00f3n Ingl\u00e9s<\/h2>\n<p><strong>1er\u00a0Lapso<\/strong><\/p>\n<p>Unidad 1:\u00a0<a href=\"https:\/\/juanxxiii.e12.ve\/home\/wp-content\/uploads\/2016\/05\/4to-grado-14.pdf\">(pdf)<\/a><\/p>\n<p><strong>2do Lapso<\/strong><\/p>\n<p>Unidad 3:\u00a0<a href=\"https:\/\/juanxxiii.e12.ve\/home\/wp-content\/uploads\/2016\/05\/4to-grado-21.pdf\">(pdf)<\/a><\/p>\n<p><strong>3er\u00a0Lapso<\/strong><\/p>\n<p>Unidades 5, 6 y 7:\u00a0<a href=\"https:\/\/juanxxiii.e12.ve\/home\/wp-content\/uploads\/2016\/05\/Evaluation-plan-4thgrade-3rd-term-2019-2020-2.pdf\">(pdf)<\/a><\/p>\n<p>&nbsp;<\/p>\n<h2 style=\"text-align: left;\">Matrices de la indagaci\u00f3n<\/h2>\n<p><strong>1er Lapso<\/strong><\/p>\n<p>1. Matriz Unidad 1:\u00a0D\u00f3nde nos encontramos en el tiempo y en el espacio\u00a0<a href=\"https:\/\/juanxxiii.e12.ve\/home\/wp-content\/uploads\/2016\/05\/4to-grado-12.pdf\">(pdf)<\/a><\/p>\n<p>2. Matriz Unidad 2: Qui\u00e9nes somos\u00a0<a href=\"https:\/\/juanxxiii.e12.ve\/home\/wp-content\/uploads\/2016\/05\/4to-1.pdf\">(pdf)<\/a><\/p>\n<p><strong>2do\u00a0Lapso<\/strong><\/p>\n<p>3. Matriz Unidad 3: C\u00f3mo nos expresamos\u00a0<a href=\"https:\/\/juanxxiii.e12.ve\/home\/wp-content\/uploads\/2016\/05\/4to-grado-18.pdf\">(pdf)<\/a><\/p>\n<p>4. Matriz Unidad 4: C\u00f3mo funciona el mundo\u00a0<a href=\"https:\/\/juanxxiii.e12.ve\/home\/wp-content\/uploads\/2016\/05\/4to-grado-25.pdf\">(pdf)<\/a><\/p>\n<p><strong>3er\u00a0Lapso<\/strong><\/p>\n<p>5.\u00a0Matriz Unidad 5:\u00a0C\u00f3mo nos organizamos\u00a0<a href=\"https:\/\/juanxxiii.e12.ve\/home\/wp-content\/uploads\/2016\/05\/matriz-5-4to-.pdf\">(pdf)<\/a><\/p>\n<p>&nbsp;<\/p>\n<h2>Gu\u00edas<\/h2>\n<p>Gu\u00eda De Fracciones:\u00a0<a href=\"https:\/\/juanxxiii.e12.ve\/home\/wp-content\/uploads\/2016\/05\/guia-de-fracciones.pdf\">(pdf)<\/a><\/p>\n<p>Uso de las letras C, S y Z: <a href=\"https:\/\/juanxxiii.e12.ve\/home\/wp-content\/uploads\/2016\/05\/USO-LETRAS-C-S-Z.pdf\">(pdf)<\/a><\/p>\n<p>Impacto ambiental del Coronavirus\u00a0<a href=\"https:\/\/juanxxiii.e12.ve\/home\/wp-content\/uploads\/2016\/05\/Impacto-ambiental-del-Coronavirus.pdf\">(pdf)<\/a><\/p>\n<p>Gu\u00eda Matem\u00e1tica\u00a0<a href=\"https:\/\/juanxxiii.e12.ve\/home\/wp-content\/uploads\/2016\/05\/Guia-4to-grado.pdf\">(pdf)<\/a><\/p>\n<p>Gu\u00eda Pr\u00e1ctica Matem\u00e1tica\u00a0<a href=\"https:\/\/juanxxiii.e12.ve\/home\/wp-content\/uploads\/2016\/05\/Guia-4to-grado-Nro.-2.pdf\">(pdf)<\/a><\/p>\n<p>Gu\u00eda\u00a0Formativa De \u00c1reas\u00a0<a href=\"https:\/\/juanxxiii.e12.ve\/home\/wp-content\/uploads\/2016\/05\/Guia-de-evaluaci\u00f3n-formativa-de-la-semana-del-15-al-19-de-junio.pdf\">(pdf)<\/a><\/p>\n<p>Gu\u00eda Pr\u00e1ctica Matem\u00e1tica\u00a0<a href=\"https:\/\/juanxxiii.e12.ve\/home\/wp-content\/uploads\/2016\/05\/Guia-4to-grado-Nro.-3.pdf\">(pdf)<\/a><\/p>\n<p>Gu\u00eda Sumativa\u00a0Matem\u00e1tica\u00a0<a href=\"https:\/\/juanxxiii.e12.ve\/home\/wp-content\/uploads\/2016\/05\/EVALUACI\u00d3N-SUMATIVA-4to-Pol\u00edgonos-y-tri\u00e1ngulos-Def.pdf\">(pdf)<\/a><\/p>\n<p>&nbsp;<\/p>\n<h2 style=\"text-align: left;\">Gu\u00edas de Vocabulario de Ingl\u00e9s<\/h2>\n<p>Gu\u00eda 1:\u00a0<a href=\"https:\/\/juanxxiii.e12.ve\/home\/wp-content\/uploads\/2016\/05\/FIRST-GUIDE-4TH-GRADE.pdf\">(pdf)<\/a><\/p>\n<p>Gu\u00eda 3:\u00a0<a href=\"https:\/\/juanxxiii.e12.ve\/home\/wp-content\/uploads\/2016\/05\/4to.pptx\">(ppt)<\/a><\/p>\n<p>Gu\u00eda 4: <a href=\"https:\/\/juanxxiii.e12.ve\/home\/wp-content\/uploads\/2016\/05\/Vocabulary-Guide-4th-Grade-unit-4.pdf\">pdf<\/a><\/p>\n<p>Gu\u00eda 5: <a href=\"https:\/\/juanxxiii.e12.ve\/home\/wp-content\/uploads\/2016\/05\/Vocabulary-guide-4th-grade-3er-lapso.pdf\">(pdf)<\/a><\/p>\n<p>Adicional: <a href=\"https:\/\/juanxxiii.e12.ve\/home\/wp-content\/uploads\/2016\/05\/Simple-Present-4th-grade.pptx\">(ppt)<\/a><\/p>\n<h2><\/h2>\n<h2 style=\"text-align: left;\">Gu\u00edas de\u00a0estudio de Ingl\u00e9s<\/h2>\n<p>Unidad 3:\u00a0<a href=\"https:\/\/juanxxiii.e12.ve\/home\/wp-content\/uploads\/2016\/05\/4to.docx\">(word)<\/a><\/p>\n<p>Unidad 4: <a href=\"https:\/\/juanxxiii.e12.ve\/home\/wp-content\/uploads\/2016\/05\/Study-Guide-4th-Grade-def-1.pdf\">pdf<\/a><\/p>\n<p>Adicional de Unidad 4:\u00a0<a href=\"https:\/\/juanxxiii.e12.ve\/home\/wp-content\/uploads\/2016\/05\/English-Guide-Adit.Unit4-4th-Grade-1.pdf\">(pdf)<\/a><\/p>\n<p>Unidad 5:\u00a0<a href=\"https:\/\/juanxxiii.e12.ve\/home\/wp-content\/uploads\/2016\/05\/Guide-UNIT5-4th-gradeDEF.pdf\">(pdf)<\/a><\/p>\n<p>Summative Activity Unit 5:\u00a0<a href=\"https:\/\/juanxxiii.e12.ve\/home\/wp-content\/uploads\/2016\/05\/sumativa-4to-grado-unit-5-1.pptx\">(ppt)<\/a><\/p>\n<p>&nbsp;<\/p>\n<h2><strong>Spelling Bee<\/strong><\/h2>\n<p>Pautas:\u00a0<a href=\"https:\/\/juanxxiii.e12.ve\/home\/wp-content\/uploads\/2016\/05\/Instrucciones-y-pautas-para-el-Spelling-Bee.pdf\">(pdf)<\/a><\/p>\n<p>Palabras por Nivel:\u00a0<a href=\"https:\/\/juanxxiii.e12.ve\/home\/wp-content\/uploads\/2016\/05\/Lista-de-palabras-por-nivel-Spelling-Bee-1.pdf\">(pdf)<\/a><\/p>\n<h2><\/h2>\n<h2 style=\"text-align: left;\">Gu\u00edas de\u00a0ejercicios Olimpiadas de Matem\u00e1tica<\/h2>\n<p>Gu\u00eda 1:\u00a0<a href=\"https:\/\/juanxxiii.e12.ve\/home\/wp-content\/uploads\/2016\/05\/Preliminar4to2003.pdf\">(pdf)<\/a><\/p>\n<p>Gu\u00eda 2:\u00a0<a href=\"https:\/\/juanxxiii.e12.ve\/home\/wp-content\/uploads\/2016\/05\/Preliminar4to2014.pdf\">(ppt)<\/a><\/p>\n<p>Gu\u00eda 3:\u00a0<a href=\"https:\/\/juanxxiii.e12.ve\/home\/wp-content\/uploads\/2016\/05\/Preliminar4to2005-1.pdf\">(p<\/a>df)<\/p>\n<p>Gu\u00eda 4: (<a href=\"https:\/\/juanxxiii.e12.ve\/home\/wp-content\/uploads\/2016\/05\/Preliminar4to2014-matematica-1.pdf\">pdf)<\/a><\/p>\n<p>Gu\u00eda 5: <a href=\"https:\/\/juanxxiii.e12.ve\/home\/wp-content\/uploads\/2020\/10\/Regional4to2009.pdf\">(pdf)<\/a><\/p>\n<p>Gu\u00eda 6: <a href=\"https:\/\/juanxxiii.e12.ve\/home\/wp-content\/uploads\/2020\/10\/Regional4to2013.pdf\">(pdf)<\/a><\/p>\n<p>Gu\u00eda 7: <a href=\"https:\/\/juanxxiii.e12.ve\/home\/wp-content\/uploads\/2020\/10\/Regional4to2016.pdf\">(pdf)<\/a><\/p>\n<p>&nbsp;<\/p>\n<h2 style=\"text-align: left;\">Planes de Reforzando lo Aprendido<\/h2>\n<p><strong>PRIMER LAPSO<\/strong><\/p>\n<p><strong>Octubre<\/strong><\/p>\n<p>1. Semana del 30\/09\/2019 al 04\/10\/2019\u00a0<a href=\"https:\/\/juanxxiii.e12.ve\/home\/wp-content\/uploads\/2016\/05\/4TO-GRADO.pdf\">(pdf)<\/a><\/p>\n<p>2. Semana del 07\/10\/2019 al 11\/10\/2019\u00a0<a href=\"https:\/\/juanxxiii.e12.ve\/home\/wp-content\/uploads\/2016\/05\/4TO-GRADO-1.pdf\">(pdf)<\/a><\/p>\n<p>3. Semana del 14\/10\/2019 al 18\/10\/2019\u00a0<a href=\"https:\/\/juanxxiii.e12.ve\/home\/wp-content\/uploads\/2016\/05\/4TO-GRADO-2.pdf\">(pdf)<\/a><\/p>\n<p>4. Semana del 21\/10\/2019 al 25\/10\/2019\u00a0<a href=\"https:\/\/juanxxiii.e12.ve\/home\/wp-content\/uploads\/2016\/05\/4TO-GRADO-3.pdf\">(pdf)<\/a><\/p>\n<p>5. Semana del 28\/10\/2019 al 01\/11\/2019\u00a0<a href=\"https:\/\/juanxxiii.e12.ve\/home\/wp-content\/uploads\/2016\/05\/4TO-GRADO-6.pdf\">(pdf)<\/a><\/p>\n<p><strong>Noviembre<\/strong><\/p>\n<p>6. Semana del 04\/11\/2019 al 08\/11\/2019\u00a0<a href=\"https:\/\/juanxxiii.e12.ve\/home\/wp-content\/uploads\/2016\/05\/4TO-GRADO-7.pdf\">(pdf)<\/a><\/p>\n<p>7. Semana del 11\/11\/2019 al 15\/11\/2019\u00a0<a href=\"https:\/\/juanxxiii.e12.ve\/home\/wp-content\/uploads\/2016\/05\/4to-GRADO.pdf\">(pdf)<\/a><\/p>\n<p>8. Semana del 18\/11\/2019 al 22\/11\/2019\u00a0<a href=\"https:\/\/juanxxiii.e12.ve\/home\/wp-content\/uploads\/2016\/05\/4TO-GRADO.docx.pdf\">(pdf)<\/a><\/p>\n<p>9. Semana del 25\/11\/2019 al 29\/11\/2019\u00a0<a href=\"https:\/\/juanxxiii.e12.ve\/home\/wp-content\/uploads\/2016\/05\/4TO-GRADO-8.pdf\">(pdf)<\/a><\/p>\n<p><strong>Diciembre<\/strong><\/p>\n<p>10. Semana del 02\/12\/2019 al 06\/12\/2019\u00a0<a href=\"https:\/\/juanxxiii.e12.ve\/home\/wp-content\/uploads\/2016\/05\/4to-grado-15.pdf\">(pdf)<\/a><\/p>\n<p>11. Semana del 09\/12\/2019 al 13\/12\/2019\u00a0<a href=\"https:\/\/juanxxiii.e12.ve\/home\/wp-content\/uploads\/2016\/05\/4to-grado-16.pdf\">(pdf)<\/a><\/p>\n<p><strong>SEGUNDO LAPSO<\/strong><\/p>\n<p><strong>Enero<\/strong><\/p>\n<p>1. Semana del 08\/01\/2020 al 10\/01\/2020\u00a0<a href=\"https:\/\/juanxxiii.e12.ve\/home\/wp-content\/uploads\/2016\/05\/Planes-.pdf\">(pdf)<\/a><\/p>\n<p>2. Semana del 13\/01\/2020 al 17\/01\/2020\u00a0<a href=\"https:\/\/juanxxiii.e12.ve\/home\/wp-content\/uploads\/2016\/05\/4to-grado-20.pdf\">(pdf)<\/a><\/p>\n<p>3. Semana del 20\/01\/2020 al 24\/01\/2020\u00a0<a href=\"https:\/\/juanxxiii.e12.ve\/home\/wp-content\/uploads\/2016\/05\/4TO-GRADO-9.pdf\">(pdf)<\/a><\/p>\n<p>4. Semana del 27\/01\/2020 al 31\/01\/2020\u00a0<a href=\"https:\/\/juanxxiii.e12.ve\/home\/wp-content\/uploads\/2016\/05\/4TO-GRADO-10.pdf\">(pdf)<\/a><\/p>\n<p><strong>Febrero<\/strong><\/p>\n<p>5. Semana del 03\/02\/2020 al 07\/02\/2020\u00a0<a href=\"https:\/\/juanxxiii.e12.ve\/home\/wp-content\/uploads\/2016\/05\/4to-grado-22.pdf\">(pdf)<\/a><\/p>\n<p>6. Semana del 10\/02\/2020 al 14\/02\/2020\u00a0<a href=\"https:\/\/juanxxiii.e12.ve\/home\/wp-content\/uploads\/2016\/05\/4to-grado-23.pdf\">(pdf)<\/a><\/p>\n<p>7. Semana del 17\/02\/2020 al 21\/02\/2020\u00a0<a href=\"https:\/\/juanxxiii.e12.ve\/home\/wp-content\/uploads\/2016\/05\/4to-grado-24.pdf\">(pdf)<\/a><\/p>\n<p>8. Semana del 26\/02\/2020 al 28\/02\/2020\u00a0<a href=\"https:\/\/juanxxiii.e12.ve\/home\/wp-content\/uploads\/2016\/05\/carnaval-primaria.pdf\">(pdf)<\/a><\/p>\n<p><strong>Marzo<\/strong><\/p>\n<p>9. Semana del 02\/03\/2020 al 06\/03\/2020\u00a0<a href=\"https:\/\/juanxxiii.e12.ve\/home\/wp-content\/uploads\/2016\/05\/4to-grado-28.pdf\">(pdf)<\/a><\/p>\n<p>10. Semana del 09\/03\/2020 al 13\/03\/2020<a href=\"https:\/\/juanxxiii.e12.ve\/home\/wp-content\/uploads\/2016\/05\/4TO-GRADO-16.pdf\">(pdf)<\/a><\/p>\n<p>11. Semana del 16\/03\/2020 al 20\/03\/2020 <a href=\"https:\/\/juanxxiii.e12.ve\/home\/wp-content\/uploads\/2016\/05\/4TO-GRADO-17.pdf\">pdf<\/a><\/p>\n<p>12. Semana del 23\/03\/2020 al 27\/03\/2020<\/p>\n<p>12. Semana del 30\/03\/2020 al 03\/04\/2020<\/p>\n<p>&nbsp;<\/p>\n<h2 style=\"text-align: left;\">Jornada pedag\u00f3gica en casa:<\/h2>\n<p>1. Semana 16\/03\/2020 al 20\/03\/2020\u00a0<a href=\"https:\/\/juanxxiii.e12.ve\/home\/wp-content\/uploads\/2016\/05\/4to-GRADO-1.pdf\">(pdf)<\/a><\/p>\n<p>2.\u00a0Semana 23\/03\/2020 al 27\/03\/2020\u00a0 <a href=\"https:\/\/juanxxiii.e12.ve\/home\/wp-content\/uploads\/2016\/05\/JORNADA-PEDAG\u00d3GICA-Del-23-03-2020-al-27-03-2020-4to-grado.pdf\">(pdf)<\/a><\/p>\n<p>3. Semana\u00a030\/03\/2020 al 03\/04\/2020\u00a0<a href=\"https:\/\/juanxxiii.e12.ve\/home\/wp-content\/uploads\/2016\/05\/JORNADA-PEDAG\u00d3GICA-Del-30-03-2020-al-03-04-2020-4to-grado.pdf\">(pdf)<\/a><\/p>\n<p>4.\u00a0Semana del 13\/04\/2020 al\u00a017\/04\/2020\u00a0<a href=\"https:\/\/juanxxiii.e12.ve\/home\/wp-content\/uploads\/2016\/05\/JORNADA-PEDAG\u00d3GICA-Del-13-04-2020-al-17-04-2020-4to-grado.pdf\">(pdf)<\/a><\/p>\n<p>5. Semana del 20\/04\/2020 al 24\/04\/2020<\/p>\n<p>6. Semana del 27\/04\/2020 al 30\/04\/2020\u00a0<a href=\"https:\/\/juanxxiii.e12.ve\/home\/wp-content\/uploads\/2016\/05\/jornada-semanal-27-04-al-01-05-4to.pdf\">(pdf)<\/a><\/p>\n<p>Adicional,\u00a0Semana del 27\/04\/2020 al 30\/04\/2020\u00a0<a href=\"https:\/\/juanxxiii.e12.ve\/home\/wp-content\/uploads\/2016\/05\/jornada-cuarto.pdf\">(pdf)<\/a><\/p>\n<p>7.\u00a0Semana del 04\/05\/2020 al 08\/05\/2020\u00a0<a href=\"https:\/\/juanxxiii.e12.ve\/home\/wp-content\/uploads\/2016\/05\/jornada-4-grado-1.pdf\">(pdf)<\/a><\/p>\n<p>8.\u00a0Semana del 11\/05\/2020 al 15\/05\/2020\u00a0<a href=\"https:\/\/juanxxiii.e12.ve\/home\/wp-content\/uploads\/2016\/05\/Jornada-4-grado.pdf\">(pdf)<\/a><\/p>\n<p>9.\u00a0Semana del 18\/05\/2020 al 22\/05\/2020 <a href=\"https:\/\/juanxxiii.e12.ve\/home\/wp-content\/uploads\/2016\/05\/Jornada-4-grado-1.pdf\">(pdf)<\/a><\/p>\n<p>10.\u00a0Semana del 25\/05\/2020 al 29\/05\/2020\u00a0<a href=\"https:\/\/juanxxiii.e12.ve\/home\/wp-content\/uploads\/2016\/05\/jornada-4-grado-1-1.pdf\">(pdf)<\/a><\/p>\n<p>11. Semana del 01\/06\/2020 al 05\/06\/2020 <a href=\"https:\/\/juanxxiii.e12.ve\/home\/wp-content\/uploads\/2016\/05\/Jornada-4grado.pdf\">(pdf)<\/a><\/p>\n<p>12. Semana del 08\/06\/2020\u00a0al 12\/06\/2020\u00a0<a href=\"https:\/\/juanxxiii.e12.ve\/home\/wp-content\/uploads\/2016\/05\/Jornada-4-grado-2.pdf\">(pdf)<\/a><\/p>\n<p>13. Semana del 15\/06\/2020 al 19\/06\/2020\u00a0<a href=\"https:\/\/juanxxiii.e12.ve\/home\/wp-content\/uploads\/2016\/05\/Jornada-4-grado-3.pdf\">(pdf)<\/a><\/p>\n<p>14. Semana del 22\/06\/2020 al 26\/06\/2020\u00a0<a href=\"https:\/\/juanxxiii.e12.ve\/home\/wp-content\/uploads\/2016\/05\/Jornada-de-4-grado.pdf\">(pdf)<\/a><\/p>\n<p>15. Semana del 29\/06\/2020 al 03\/07\/2020\u00a0<a href=\"https:\/\/juanxxiii.e12.ve\/home\/wp-content\/uploads\/2016\/05\/Jornada-4\u00ba-1.pdf\">(pdf)<\/a><\/p>\n<p>16.\u00a0Semana del\u00a006\/07\/2020 al\u00a010\/07\/2020\u00a0<a href=\"https:\/\/juanxxiii.e12.ve\/home\/wp-content\/uploads\/2016\/05\/Jornada-4\u00ba-1-1.pdf\">(pdf)<\/a><\/p>\n<p>&nbsp;<\/p>\n<h1>Macro Horario<\/h1>\n<p>1.\u00a0Del 04\/05\/2020 al 15\/05\/2020\u00a0<a href=\"https:\/\/juanxxiii.e12.ve\/home\/wp-content\/uploads\/2016\/05\/Horario-4to-grado-listo.pdf\">(pdf)<\/a><\/p>\n<p>2. Del 01\/06\/2020 <a href=\"https:\/\/juanxxiii.e12.ve\/home\/wp-content\/uploads\/2016\/05\/Horario-4to-Grado-listo.pdf\">(pdf)<\/a><\/p>\n<p>3. Del 22\/06\/2020\u00a0<a href=\"https:\/\/juanxxiii.e12.ve\/home\/wp-content\/uploads\/2016\/05\/Horario-4to-Grado-listo-1.pdf\">(pdf)<\/a><\/p>\n","protected":false},"excerpt":{"rendered":"<p>4to Grado &nbsp; LISTA DE \u00daTILES 4TO GRADO 2019-2020 LISTA DE \u00daTILES 4TO GRADO 2020-2021 LISTA&#8230;<\/p>\n","protected":false},"author":3,"featured_media":29232,"parent":0,"menu_order":0,"comment_status":"closed","ping_status":"closed","template":"page-sidebar.php","meta":[],"_links":{"self":[{"href":"https:\/\/juanxxiii.e12.ve\/home\/wp-json\/wp\/v2\/pages\/29889"}],"collection":[{"href":"https:\/\/juanxxiii.e12.ve\/home\/wp-json\/wp\/v2\/pages"}],"about":[{"href":"https:\/\/juanxxiii.e12.ve\/home\/wp-json\/wp\/v2\/types\/page"}],"author":[{"embeddable":true,"href":"https:\/\/juanxxiii.e12.ve\/home\/wp-json\/wp\/v2\/users\/3"}],"replies":[{"embeddable":true,"href":"https:\/\/juanxxiii.e12.ve\/home\/wp-json\/wp\/v2\/comments?post=29889"}],"version-history":[{"count":266,"href":"https:\/\/juanxxiii.e12.ve\/home\/wp-json\/wp\/v2\/pages\/29889\/revisions"}],"predecessor-version":[{"id":39308,"href":"https:\/\/juanxxiii.e12.ve\/home\/wp-json\/wp\/v2\/pages\/29889\/revisions\/39308"}],"wp:featuredmedia":[{"embeddable":true,"href":"https:\/\/juanxxiii.e12.ve\/home\/wp-json\/wp\/v2\/media\/29232"}],"wp:attachment":[{"href":"https:\/\/juanxxiii.e12.ve\/home\/wp-json\/wp\/v2\/media?parent=29889"}],"curies":[{"name":"wp","href":"https:\/\/api.w.org\/{rel}","templated":true}]}}