{"id":29886,"date":"2016-05-17T15:15:16","date_gmt":"2016-05-17T19:45:16","guid":{"rendered":"http:\/\/juanxxiii.e12.ve\/home\/?page_id=29886"},"modified":"2021-08-08T21:00:49","modified_gmt":"2021-08-09T01:00:49","slug":"recursos-kinder","status":"publish","type":"page","link":"https:\/\/juanxxiii.e12.ve\/home\/recursos-kinder","title":{"rendered":"Recursos \u2013 Kinder"},"content":{"rendered":"<h1 style=\"text-align: center;\">Kinder<\/h1>\n<p>&nbsp;<\/p>\n<p><a href=\"https:\/\/juanxxiii.e12.ve\/home\/wp-content\/uploads\/2016\/05\/LISTA-DE-UTILES-KINDER.pdf\">LISTA DE \u00daTILES KINDER 2019-2020<\/a><br \/>\n<a href=\"https:\/\/juanxxiii.e12.ve\/home\/wp-content\/uploads\/2016\/05\/LISTA-DE-UTILES-KINDER-2020.pdf\">LISTA DE \u00daTILES KINDER 2020-2021 (pdf)<\/a><\/p>\n<h2><a href=\"https:\/\/juanxxiii.e12.ve\/home\/wp-content\/uploads\/2021\/08\/lista_kinder_2021_2022.pdf\">LISTA DE \u00daTILES KINDER 2021-2022 (pdf)<\/a><\/h2>\n<p>&nbsp;<\/p>\n<h2>Mapa de letras<\/h2>\n<p>Profesora: Allison Acosta<\/p>\n<p><a href=\"https:\/\/www.youtube.com\/watch?v=boGFLgT6B7Q\">https:\/\/www.youtube.com\/watch?v=boGFLgT6B7Q<\/a><\/p>\n<p>&nbsp;<\/p>\n<h2>Planes de\u00a0Indagaci\u00f3n<\/h2>\n<p>1er Lapso: Qui\u00e9nes somos\u00a0<a href=\"https:\/\/juanxxiii.e12.ve\/home\/wp-content\/uploads\/2016\/05\/4.-Kinder.pdf\">(pdf)<\/a><\/p>\n<p>2do Lapso: C\u00f3mo nos expresamos\u00a0<a href=\"https:\/\/juanxxiii.e12.ve\/home\/wp-content\/uploads\/2016\/05\/4.-Kinder-1.pdf\">(pdf)<\/a><\/p>\n<p>3er Lapso:\u00a0D\u00f3nde nos encontramos en el tiempo y en el espacio\u00a0<a href=\"https:\/\/juanxxiii.e12.ve\/home\/wp-content\/uploads\/2016\/05\/K\u00ednder-4to-Plan-de-Ind.-3er-lapso-1.pdf\">(pdf)<\/a><\/p>\n<h3><\/h3>\n<h2>Gu\u00eda de Vocabulario<\/h2>\n<h2>de Ingl\u00e9s<\/h2>\n<ol>\n<li>Gu\u00eda del\u00a0\u00a03er lapso \u00a0<a href=\"https:\/\/juanxxiii.e12.ve\/home\/wp-content\/uploads\/2016\/05\/Vocabulario-de-Ingles-Kinder1-1.pdf\">(pdf)<\/a><\/li>\n<\/ol>\n<p>&nbsp;<\/p>\n<h2>Planes\u00a0Reforzando lo Aprendido<\/h2>\n<p>1. Semana del 20\/01\/2020 al 24\/01\/2020\u00a0<a href=\"https:\/\/juanxxiii.e12.ve\/home\/wp-content\/uploads\/2016\/05\/Kinder-11.pdf\">(pdf)<\/a><\/p>\n<p>2. Semana del 27\/01\/2020 al 31\/01\/2020\u00a0<a href=\"https:\/\/juanxxiii.e12.ve\/home\/wp-content\/uploads\/2016\/05\/kinder-1.pdf\">(pdf)<\/a><\/p>\n<p><strong>Febrero<\/strong><\/p>\n<p>3. Semana del 03\/02\/2020 al 07\/02\/2020\u00a0<a href=\"https:\/\/juanxxiii.e12.ve\/home\/wp-content\/uploads\/2016\/05\/kinder-3.pdf\">(pdf)<\/a><\/p>\n<p>4. Semana del 10\/02\/2020 al 14\/02\/2020\u00a0<a href=\"https:\/\/juanxxiii.e12.ve\/home\/wp-content\/uploads\/2016\/05\/kinder-4.pdf\">(pdf)<\/a><\/p>\n<p>5. Semana del 17\/02\/2020 al 21\/02\/2020\u00a0<a href=\"https:\/\/juanxxiii.e12.ve\/home\/wp-content\/uploads\/2016\/05\/KINDER-7-2.pdf\">(pdf)<\/a><\/p>\n<p>6. Semana del 26\/02\/2020 al 28\/02\/2020\u00a0<a href=\"https:\/\/juanxxiii.e12.ve\/home\/wp-content\/uploads\/2016\/05\/Carnaval-preescolar.pdf\">(pdf)<\/a><\/p>\n<p><strong>Marzo<\/strong><\/p>\n<p>7. Semana del 02\/03\/2020 al 06\/03\/2020\u00a0<a href=\"https:\/\/juanxxiii.e12.ve\/home\/wp-content\/uploads\/2016\/05\/Kinder-8-1.pdf\">(pdf)<\/a><\/p>\n<p>8. Semana del 09\/03\/2020 al 13\/03\/2020\u00a0<a href=\"https:\/\/juanxxiii.e12.ve\/home\/wp-content\/uploads\/2016\/05\/kinder-5.pdf\">(pdf)<\/a><\/p>\n<p>9. Semana del 16\/03\/2020 al 20\/03\/2020\u00a0<a href=\"https:\/\/juanxxiii.e12.ve\/home\/wp-content\/uploads\/2016\/05\/kinder-7.pdf\">(pdf)<\/a><\/p>\n<p>10. Semana del 23\/03\/2020 al 27\/03\/2020<\/p>\n<p>11. Semana del 30\/03\/2020 al 03\/04\/2020<\/p>\n<p>&nbsp;<\/p>\n<h2 style=\"text-align: left;\">Jornada pedag\u00f3gica en casa:<\/h2>\n<p>1. Semana 16 al 20 de marzo\u00a0<a href=\"https:\/\/juanxxiii.e12.ve\/home\/wp-content\/uploads\/2016\/05\/kinder-8.pdf\">(pdf)<\/a><\/p>\n<p>2. Semana 23 al 27 de marzo\u00a0<a href=\"https:\/\/juanxxiii.e12.ve\/home\/wp-content\/uploads\/2016\/05\/kinder-9.pdf\">(pdf)<\/a><\/p>\n<p class=\"Standard\" style=\"text-align: justify; text-justify: inter-ideograph;\"><span lang=\"EN-US\" style=\"font-family: 'Segoe UI','sans-serif'; color: #333333; background: white;\">3. Semana del 30\/03\/2020 al 03\/04\/2020\u00a0<a href=\"https:\/\/juanxxiii.e12.ve\/home\/wp-content\/uploads\/2016\/05\/kinder-11.pdf\">(pdf)<\/a><\/span><\/p>\n<p class=\"Standard\" style=\"text-align: justify; text-justify: inter-ideograph;\">4. Semana del 14\/04\/2020 al 17\/04\/2020\u00a0<a href=\"https:\/\/juanxxiii.e12.ve\/home\/wp-content\/uploads\/2016\/05\/kinder-12.pdf\">(pdf)<\/a><\/p>\n<p class=\"Standard\" style=\"text-align: justify; text-justify: inter-ideograph;\">5. Semana del 20\/04\/2020 al 24\/04\/2020\u00a0<a href=\"https:\/\/juanxxiii.e12.ve\/home\/wp-content\/uploads\/2016\/05\/kinder-14.pdf\">(pdf)<\/a><\/p>\n<p class=\"Standard\" style=\"text-align: justify; text-justify: inter-ideograph;\">6. Semana del 27\/04\/2020 al 30\/04\/2020\u00a0<a href=\"https:\/\/juanxxiii.e12.ve\/home\/wp-content\/uploads\/2016\/05\/Kinder-12.pdf\">(pdf)<\/a><\/p>\n<p class=\"Standard\" style=\"text-align: justify; text-justify: inter-ideograph;\">Adicional, semana del 27\/04\/2020 al 30\/04\/2020\u00a0<a href=\"https:\/\/juanxxiii.e12.ve\/home\/wp-content\/uploads\/2016\/05\/K\u00ednder.pdf\">(pdf)<\/a><\/p>\n<p class=\"Standard\" style=\"text-align: justify; text-justify: inter-ideograph;\">7.\u00a0Semana del 04\/05\/2020 al 08\/05\/2020\u00a0<a href=\"https:\/\/juanxxiii.e12.ve\/home\/wp-content\/uploads\/2016\/05\/Kinder-13.pdf\">(pdf)<\/a><\/p>\n<p class=\"Standard\" style=\"text-align: justify; text-justify: inter-ideograph;\">8. Semana del 11\/05\/2020 al 15\/05\/2020\u00a0<a href=\"https:\/\/juanxxiii.e12.ve\/home\/wp-content\/uploads\/2016\/05\/Kinder-15.pdf\">(pdf)<\/a><\/p>\n<p class=\"Standard\" style=\"text-align: justify; text-justify: inter-ideograph;\">9.\u00a0Semana del 18\/05\/2020 al 22\/05\/2020\u00a0<a href=\"https:\/\/juanxxiii.e12.ve\/home\/wp-content\/uploads\/2016\/05\/Jornada-kinder-2.pdf\">(pdf)<\/a><\/p>\n<p class=\"Standard\" style=\"text-align: justify; text-justify: inter-ideograph;\">10.\u00a0Semana del 25\/05\/2020 al 29\/05\/2020\u00a0<a href=\"https:\/\/juanxxiii.e12.ve\/home\/wp-content\/uploads\/2016\/05\/Jornada-kinder.pdf\">(pdf)<\/a><\/p>\n<p>11. Semana del 01\/06\/2020 al 05\/06\/2020\u00a0<a href=\"https:\/\/juanxxiii.e12.ve\/home\/wp-content\/uploads\/2016\/05\/Kinder-16.pdf\">(pdf)<\/a><\/p>\n<p>12. Semana del 08\/06\/2020 al 12\/06\/2020\u00a0<a href=\"https:\/\/juanxxiii.e12.ve\/home\/wp-content\/uploads\/2016\/05\/kinder-15.pdf\">(pdf)<\/a><\/p>\n<p>13. Semana del 15\/06\/2020 al 19\/06\/2020\u00a0<a href=\"https:\/\/juanxxiii.e12.ve\/home\/wp-content\/uploads\/2016\/05\/kinder-16.pdf\">(pdf)<\/a><\/p>\n<p>14.\u00a0Semana del 22\/06\/2020 al 26\/06\/2020\u00a0<a href=\"https:\/\/juanxxiii.e12.ve\/home\/wp-content\/uploads\/2016\/05\/Kinder-.pdf\">(pdf)<\/a><\/p>\n<p>15. Semana del 29\/06\/2020 al 03\/07\/2020\u00a0<a href=\"https:\/\/juanxxiii.e12.ve\/home\/wp-content\/uploads\/2016\/05\/Kinder-17.pdf\">(pdf)<\/a><\/p>\n<p>16.\u00a0Semana del 06\/07\/2020 al 10\/07\/2020\u00a0<a href=\"https:\/\/juanxxiii.e12.ve\/home\/wp-content\/uploads\/2016\/05\/Jornada-kinder-6.pdf\">(pdf)<\/a><\/p>\n<h2>Macro Horario:<\/h2>\n<p>Del 01\/06\/2020 al 26\/06\/2020\u00a0\u00a0<a href=\"https:\/\/juanxxiii.e12.ve\/home\/wp-content\/uploads\/2016\/05\/MACROHORARIO-DE-K\u00cdNDER-.pdf\">(pdf)<\/a><\/p>\n","protected":false},"excerpt":{"rendered":"<p>Kinder &nbsp; LISTA DE \u00daTILES KINDER 2019-2020 LISTA DE \u00daTILES KINDER 2020-2021 (pdf) LISTA DE \u00daTILES&#8230;<\/p>\n","protected":false},"author":3,"featured_media":29232,"parent":0,"menu_order":0,"comment_status":"closed","ping_status":"closed","template":"page-sidebar.php","meta":[],"_links":{"self":[{"href":"https:\/\/juanxxiii.e12.ve\/home\/wp-json\/wp\/v2\/pages\/29886"}],"collection":[{"href":"https:\/\/juanxxiii.e12.ve\/home\/wp-json\/wp\/v2\/pages"}],"about":[{"href":"https:\/\/juanxxiii.e12.ve\/home\/wp-json\/wp\/v2\/types\/page"}],"author":[{"embeddable":true,"href":"https:\/\/juanxxiii.e12.ve\/home\/wp-json\/wp\/v2\/users\/3"}],"replies":[{"embeddable":true,"href":"https:\/\/juanxxiii.e12.ve\/home\/wp-json\/wp\/v2\/comments?post=29886"}],"version-history":[{"count":172,"href":"https:\/\/juanxxiii.e12.ve\/home\/wp-json\/wp\/v2\/pages\/29886\/revisions"}],"predecessor-version":[{"id":39301,"href":"https:\/\/juanxxiii.e12.ve\/home\/wp-json\/wp\/v2\/pages\/29886\/revisions\/39301"}],"wp:featuredmedia":[{"embeddable":true,"href":"https:\/\/juanxxiii.e12.ve\/home\/wp-json\/wp\/v2\/media\/29232"}],"wp:attachment":[{"href":"https:\/\/juanxxiii.e12.ve\/home\/wp-json\/wp\/v2\/media?parent=29886"}],"curies":[{"name":"wp","href":"https:\/\/api.w.org\/{rel}","templated":true}]}}