{"id":29884,"date":"2016-05-17T15:13:03","date_gmt":"2016-05-17T19:43:03","guid":{"rendered":"http:\/\/juanxxiii.e12.ve\/home\/?page_id=29884"},"modified":"2021-08-08T20:58:17","modified_gmt":"2021-08-09T00:58:17","slug":"recursos-maternal","status":"publish","type":"page","link":"https:\/\/juanxxiii.e12.ve\/home\/recursos-maternal","title":{"rendered":"Recursos \u2013 Maternal"},"content":{"rendered":"<h1 style=\"text-align: center;\">Maternal<\/h1>\n<p>&nbsp;<\/p>\n<p><a href=\"https:\/\/juanxxiii.e12.ve\/home\/wp-content\/uploads\/2016\/05\/LISTA-DE-UTILES-MATERNAL-2019.pdf\">LISTA DE \u00daTILES MATERNAL 2019-2020<\/a><br \/>\n<a href=\"https:\/\/juanxxiii.e12.ve\/home\/wp-content\/uploads\/2016\/05\/LISTA-DE-UTILES-MATERNAL-2020.pdf\">LISTA DE \u00daTILES MATERNAL 2020-2021 (pdf)<\/a><\/p>\n<h2><a href=\"https:\/\/juanxxiii.e12.ve\/home\/wp-content\/uploads\/2021\/08\/lista_maternal_2021_2022.pdf\">LISTA DE \u00daTILES MATERNAL 2021-2022 (pdf)<\/a><\/h2>\n<p>&nbsp;<\/p>\n<h2>Planes de Indagaci\u00f3n<\/h2>\n<p>1er Lapso: Qui\u00e9nes somos\u00a0<a href=\"https:\/\/juanxxiii.e12.ve\/home\/wp-content\/uploads\/2016\/05\/2.-Maternal.pdf\">(pdf)<\/a><\/p>\n<p>2do Lapso: C\u00f3mo nos expresamos\u00a0<a href=\"https:\/\/juanxxiii.e12.ve\/home\/wp-content\/uploads\/2016\/05\/2.-Maternal-2.pdf\">(pdf)<\/a><\/p>\n<p>3er Lapso: C\u00f3mo compartimos el planeta <a href=\"https:\/\/juanxxiii.e12.ve\/home\/wp-content\/uploads\/2016\/05\/Plan-de-indagaci\u00f3n-MATERNAL.docx\">pdf<\/a><\/p>\n<h2 style=\"text-align: left;\">Jornada pedag\u00f3gica en casa:<\/h2>\n<p>1. Semana 16 al 20 de marzo\u00a0<a href=\"https:\/\/juanxxiii.e12.ve\/home\/wp-content\/uploads\/2016\/05\/Maternal-2.pdf\">(pdf)<\/a><\/p>\n<p>2. Semana 23 al 27 de marzo\u00a0<a href=\"https:\/\/juanxxiii.e12.ve\/home\/wp-content\/uploads\/2016\/05\/Maternal-3.pdf\">(pdf)<\/a><\/p>\n<p class=\"Standard\" style=\"text-align: justify; text-justify: inter-ideograph;\"><span lang=\"EN-US\" style=\"font-family: 'Segoe UI','sans-serif'; color: #333333; background: white;\">3. Semana del 30\/03\/2020 al 03\/04\/2020\u00a0<\/span><a href=\"https:\/\/juanxxiii.e12.ve\/home\/wp-content\/uploads\/2016\/05\/Maternal-4.pdf\">(pdf)<\/a><\/p>\n<p class=\"Standard\" style=\"text-align: justify; text-justify: inter-ideograph;\">4. Semana del 14\/04\/2020 al 17\/04\/2020\u00a0<a href=\"https:\/\/juanxxiii.e12.ve\/home\/wp-content\/uploads\/2016\/05\/Maternal-5.pdf\">(pdf)<\/a><\/p>\n<p class=\"Standard\" style=\"text-align: justify; text-justify: inter-ideograph;\">5. Semana del 20\/04\/2020 al 24\/04\/2020\u00a0<a href=\"https:\/\/juanxxiii.e12.ve\/home\/wp-content\/uploads\/2016\/05\/Maternal-6.pdf\">(pdf)<\/a><\/p>\n<p class=\"Standard\" style=\"text-align: justify; text-justify: inter-ideograph;\">6. Semana del 27\/04\/2020 al 30\/04\/2020\u00a0<a href=\"https:\/\/juanxxiii.e12.ve\/home\/wp-content\/uploads\/2016\/05\/Maternal-7.pdf\">(pdf)<\/a><\/p>\n<p class=\"Standard\" style=\"text-align: justify; text-justify: inter-ideograph;\">Adicional, semana del 27\/04\/2020 al 30\/04\/2020\u00a0<a href=\"https:\/\/juanxxiii.e12.ve\/home\/wp-content\/uploads\/2016\/05\/Maternal-8.pdf\">(pdf)<\/a><\/p>\n<p>7. Semana del 04\/05\/2020 al 08\/05\/2020\u00a0<a href=\"https:\/\/juanxxiii.e12.ve\/home\/wp-content\/uploads\/2016\/05\/Maternal-9.pdf\">(pdf)<\/a><\/p>\n<p>8.\u00a0Semana del 11\/05\/2020 al 15\/05\/2020\u00a0<a href=\"https:\/\/juanxxiii.e12.ve\/home\/wp-content\/uploads\/2016\/05\/Maternal-10.pdf\">(pdf)<\/a><\/p>\n<p>9. Semana del 18\/05\/2020 al 22\/05\/2020\u00a0<a href=\"https:\/\/juanxxiii.e12.ve\/home\/wp-content\/uploads\/2016\/05\/Jornada-maternal-3.pdf\">(pdf)<\/a><\/p>\n<p>10. Semana del 25\/05\/2020 al 29\/05\/2020\u00a0<a href=\"https:\/\/juanxxiii.e12.ve\/home\/wp-content\/uploads\/2016\/05\/Maternal-11.pdf\">(pdf)<\/a><\/p>\n<p>11. Semana del 01\/06\/2020 al 05\/06\/2020\u00a0<a href=\"https:\/\/juanxxiii.e12.ve\/home\/wp-content\/uploads\/2016\/05\/Maternal-12.pdf\">(pdf)<\/a><\/p>\n<p>12. Semana del 08\/06\/2020 al 12\/06\/2020\u00a0<a href=\"https:\/\/juanxxiii.e12.ve\/home\/wp-content\/uploads\/2016\/05\/Maternal-14.pdf\">(pdf)<\/a><\/p>\n<p>13. Semana del 15\/06\/2020 al 19\/06\/2020\u00a0<a href=\"https:\/\/juanxxiii.e12.ve\/home\/wp-content\/uploads\/2016\/05\/Maternal-16.pdf\">(pdf)<\/a><\/p>\n<p>14.\u00a0Semana del 22\/06\/2020 al 26\/06\/2020\u00a0<a href=\"https:\/\/juanxxiii.e12.ve\/home\/wp-content\/uploads\/2016\/05\/Maternal-.pdf\">(pdf)<\/a><\/p>\n<p>15. Semana del 29\/06\/2020 al 03\/07\/2020\u00a0<a href=\"https:\/\/juanxxiii.e12.ve\/home\/wp-content\/uploads\/2016\/05\/Maternal-17.pdf\">(pdf)<\/a><\/p>\n<p>16.\u00a0Semana del 06\/07\/2020 al 10\/07\/2020\u00a0<a href=\"https:\/\/juanxxiii.e12.ve\/home\/wp-content\/uploads\/2016\/05\/Jornada-maternal-3-1.pdf\">(pdf)<\/a><\/p>\n<h2>Macro Horario:<\/h2>\n<p>Del 01\/06\/2020 al 26\/06\/2020\u00a0\u00a0<a href=\"https:\/\/juanxxiii.e12.ve\/home\/wp-content\/uploads\/2016\/05\/MACRO-HORARIOS-MATERNAL-.pdf\">(pdf)<\/a><\/p>\n","protected":false},"excerpt":{"rendered":"<p>Maternal &nbsp; LISTA DE \u00daTILES MATERNAL 2019-2020 LISTA DE \u00daTILES MATERNAL 2020-2021 (pdf) LISTA DE \u00daTILES&#8230;<\/p>\n","protected":false},"author":3,"featured_media":29232,"parent":0,"menu_order":0,"comment_status":"closed","ping_status":"closed","template":"page-sidebar.php","meta":[],"_links":{"self":[{"href":"https:\/\/juanxxiii.e12.ve\/home\/wp-json\/wp\/v2\/pages\/29884"}],"collection":[{"href":"https:\/\/juanxxiii.e12.ve\/home\/wp-json\/wp\/v2\/pages"}],"about":[{"href":"https:\/\/juanxxiii.e12.ve\/home\/wp-json\/wp\/v2\/types\/page"}],"author":[{"embeddable":true,"href":"https:\/\/juanxxiii.e12.ve\/home\/wp-json\/wp\/v2\/users\/3"}],"replies":[{"embeddable":true,"href":"https:\/\/juanxxiii.e12.ve\/home\/wp-json\/wp\/v2\/comments?post=29884"}],"version-history":[{"count":67,"href":"https:\/\/juanxxiii.e12.ve\/home\/wp-json\/wp\/v2\/pages\/29884\/revisions"}],"predecessor-version":[{"id":39299,"href":"https:\/\/juanxxiii.e12.ve\/home\/wp-json\/wp\/v2\/pages\/29884\/revisions\/39299"}],"wp:featuredmedia":[{"embeddable":true,"href":"https:\/\/juanxxiii.e12.ve\/home\/wp-json\/wp\/v2\/media\/29232"}],"wp:attachment":[{"href":"https:\/\/juanxxiii.e12.ve\/home\/wp-json\/wp\/v2\/media?parent=29884"}],"curies":[{"name":"wp","href":"https:\/\/api.w.org\/{rel}","templated":true}]}}