{"id":29712,"date":"2016-05-17T15:49:35","date_gmt":"2016-05-17T20:19:35","guid":{"rendered":"http:\/\/juanxxiii.e12.ve\/home\/?page_id=29712"},"modified":"2022-07-26T07:57:03","modified_gmt":"2022-07-26T11:57:03","slug":"recursos-5to-grado","status":"publish","type":"page","link":"https:\/\/juanxxiii.e12.ve\/home\/recursos-5to-grado","title":{"rendered":"Recursos &#8211; 5to grado"},"content":{"rendered":"<h1 style=\"text-align: center;\">5to grado<\/h1>\n<p>&nbsp;<\/p>\n<h2 style=\"text-align: left;\">Documentos para imprimir<\/h2>\n<p><strong>1er Lapso<\/strong><\/p>\n<p>Planilla de datos personales\u00a0<a href=\"https:\/\/juanxxiii.e12.ve\/home\/wp-content\/uploads\/2016\/05\/Planilla-de-registro.pdf\">(pdf)<\/a><\/p>\n<p>Registro de lectura\u00a0<a href=\"https:\/\/juanxxiii.e12.ve\/home\/wp-content\/uploads\/2016\/05\/REGISTRO-DE-LECTURA-EN-CASA.pdf\">(pdf)<\/a><\/p>\n<h2 style=\"text-align: left;\"><\/h2>\n<h2 style=\"text-align: left;\">Planes de Evaluaci\u00f3n<\/h2>\n<p>&nbsp;<\/p>\n<h2 style=\"text-align: left;\">Planes de Evaluaci\u00f3n Ingl\u00e9s<\/h2>\n<p><strong>1er Lapso:<\/strong><\/p>\n<p><strong>2do Lapso:<\/strong><\/p>\n<p><strong>3er\u00a0Lapso<\/strong><\/p>\n<h2 style=\"text-align: left;\">Matrices de la indagaci\u00f3n<\/h2>\n<p><strong>1er Lapso<\/strong><\/p>\n<p>1. Matriz Unidad 1:\u00a0D\u00f3nde nos encontramos en el tiempo y en el espacio\u00a0<a href=\"https:\/\/juanxxiii.e12.ve\/home\/wp-content\/uploads\/2016\/05\/5to-grado-10.pdf\">(pdf)<\/a><\/p>\n<p>2. Matriz Unidad 2: C\u00f3mo nos organizamos\u00a0<a href=\"https:\/\/juanxxiii.e12.ve\/home\/wp-content\/uploads\/2016\/05\/5to-3.pdf\">(pdf)<\/a><\/p>\n<p><strong>2do\u00a0Lapso<\/strong><\/p>\n<p>3. Matriz Unidad 3: C\u00f3mo nos expresamos\u00a0<a href=\"https:\/\/juanxxiii.e12.ve\/home\/wp-content\/uploads\/2016\/05\/5to-grado-16.pdf\">(pdf)<\/a><\/p>\n<p>4. Matriz Unidad 4: C\u00f3mo funciona el mundo\u00a0<a href=\"https:\/\/juanxxiii.e12.ve\/home\/wp-content\/uploads\/2016\/05\/5to-grado-25.pdf\">(pdf)<\/a><\/p>\n<p><strong>3er Lapso<\/strong><\/p>\n<p>5. Matriz Unidad 6:\u00a0C\u00f3mo compartimos el planeta\u00a0<a href=\"https:\/\/juanxxiii.e12.ve\/home\/wp-content\/uploads\/2016\/05\/Matriz-5to-grado.pdf\">(pdf)<\/a><\/p>\n<h2 style=\"text-align: left;\">Gu\u00edas de\u00a0estudio de Ingl\u00e9s<\/h2>\n<p>Unidad\u00a02:\u00a0<a href=\"https:\/\/juanxxiii.e12.ve\/home\/wp-content\/uploads\/2016\/05\/Actividad-Especial-Unit-2.-5TH-grade-2019-2020.doc\">(Word)<\/a><\/p>\n<p>Unidad 3:\u00a0<a href=\"https:\/\/juanxxiii.e12.ve\/home\/wp-content\/uploads\/2016\/05\/5to-grado-2.doc\">(pdf)<\/a><\/p>\n<p>Unidad 4: <a href=\"https:\/\/juanxxiii.e12.ve\/home\/wp-content\/uploads\/2016\/05\/Special-Activity-Unit-4.-5TH-grade.pdf\">pdf<\/a><\/p>\n<p>Adicional de Unidad 4:\u00a0<a href=\"https:\/\/juanxxiii.e12.ve\/home\/wp-content\/uploads\/2016\/05\/additional-guide-unit-4-5th-grade.pdf\">(pdf)<\/a><\/p>\n<p>Special Study Guide: <a href=\"https:\/\/juanxxiii.e12.ve\/home\/wp-content\/uploads\/2016\/05\/SPECIAL-STUDY-GUIDE-5th-grade.-3rd-term.pdf\">(pdf)<\/a><\/p>\n<h2 style=\"text-align: left;\">Gu\u00edas de Vocabulario de Ingl\u00e9s<\/h2>\n<p>Gu\u00eda 1:\u00a0<a href=\"https:\/\/juanxxiii.e12.ve\/home\/wp-content\/uploads\/2016\/05\/Gu\u00eda-1-5to-grado.pdf\">(pdf)<\/a><\/p>\n<p>Gu\u00eda 2:\u00a0<a href=\"https:\/\/juanxxiii.e12.ve\/home\/wp-content\/uploads\/2016\/05\/Unit-2.English-5th-Grade.-UNIT-2.ppt\">(ppt)<\/a><\/p>\n<p>Gu\u00eda 3:\u00a0<a href=\"https:\/\/juanxxiii.e12.ve\/home\/wp-content\/uploads\/2016\/05\/5to-grado-21.pdf\">(pdf)<\/a><\/p>\n<p>Gu\u00eda 4:\u00a0<a href=\"https:\/\/juanxxiii.e12.ve\/home\/wp-content\/uploads\/2016\/05\/English-5th-Grade.-UNIT-4-1-1.pdf\">(pdf)<\/a><\/p>\n<p>Gu\u00eda 5: <a href=\"https:\/\/juanxxiii.e12.ve\/home\/wp-content\/uploads\/2016\/05\/Grammar-and-Vocabulary.-3rd-term-5th-grade.pdf\">(pdf)<\/a><\/p>\n<p>&nbsp;<\/p>\n<h2><strong>Spelling Bee<\/strong><\/h2>\n<p>Pautas:\u00a0<a href=\"https:\/\/juanxxiii.e12.ve\/home\/wp-content\/uploads\/2016\/05\/Instrucciones-y-pautas-para-el-Spelling-Bee.pdf\">(pdf)<\/a><\/p>\n<p>Palabras por Nivel:\u00a0<a href=\"https:\/\/juanxxiii.e12.ve\/home\/wp-content\/uploads\/2016\/05\/Lista-de-palabras-por-nivel-Spelling-Bee-1.pdf\">(pdf)<\/a><\/p>\n<p>&nbsp;<\/p>\n<h2>Gu\u00edas<\/h2>\n<p>Gu\u00eda de Matem\u00e1tica\u00a0<a href=\"https:\/\/juanxxiii.e12.ve\/home\/wp-content\/uploads\/2016\/05\/Guia-5to-grado.pdf\">(pdf)<\/a><\/p>\n<p>Evaluaci\u00f3n Sumativa Matem\u00e1tica\u00a0<a href=\"https:\/\/juanxxiii.e12.ve\/home\/wp-content\/uploads\/2016\/05\/EVALUACI\u00d3N-SUMATIVA-5to-Pol\u00edgonos.pdf\">(pdf)<\/a><\/p>\n<p>Gu\u00eda Pr\u00e1ctica de Matem\u00e1tica\u00a0<a href=\"https:\/\/juanxxiii.e12.ve\/home\/wp-content\/uploads\/2016\/05\/Gu\u00eda-5to-grado-Nro.-2.pdf\">(pdf)<\/a><\/p>\n<p>&nbsp;<\/p>\n<h2 style=\"text-align: left;\">Gu\u00edas de\u00a0ejercicios Olimpiadas de Matem\u00e1tica<\/h2>\n<p>Gu\u00eda 1:\u00a0<a href=\"https:\/\/juanxxiii.e12.ve\/home\/wp-content\/uploads\/2016\/05\/Preliminar5to2003.pdf\">(pdf)<\/a><\/p>\n<p>Gu\u00eda 2:\u00a0<a href=\"https:\/\/juanxxiii.e12.ve\/home\/wp-content\/uploads\/2016\/05\/Preliminar5to2014.pdf\">(ppt)<\/a><\/p>\n<p>Gu\u00eda 3:\u00a0<a href=\"https:\/\/juanxxiii.e12.ve\/home\/wp-content\/uploads\/2016\/05\/Preliminar5to2005-1.pdf\">(pdf)<\/a><\/p>\n<p>Gu\u00eda 4:\u00a0<a href=\"https:\/\/juanxxiii.e12.ve\/home\/wp-content\/uploads\/2016\/05\/Preliminar5to2014-matematica.pdf\">(pdf)<\/a><\/p>\n<p>Gu\u00eda 5: <a href=\"https:\/\/juanxxiii.e12.ve\/home\/wp-content\/uploads\/2020\/10\/Regional5to2013.pdf\">(pdf)<\/a><\/p>\n<p>Gu\u00eda 6: <a href=\"https:\/\/juanxxiii.e12.ve\/home\/wp-content\/uploads\/2020\/10\/Regional5to2016.pdf\">(pdf)<\/a><\/p>\n<p>Gu\u00eda 7: <a href=\"https:\/\/juanxxiii.e12.ve\/home\/wp-content\/uploads\/2020\/10\/Regional5to2009.pdf\">(pdf)<\/a><\/p>\n<p>&nbsp;<\/p>\n<h2 style=\"text-align: left;\">Planes de Reforzando lo Aprendido<\/h2>\n<p><strong>PRIMER LAPSO<\/strong><\/p>\n<p><strong>SEGUNDO LAPSO<\/strong><\/p>\n<h2 style=\"text-align: left;\">Jornada pedag\u00f3gica en casa:<\/h2>\n<h1>Macro Horario<\/h1>\n<p>&nbsp;<\/p>\n","protected":false},"excerpt":{"rendered":"<p>5to grado &nbsp; Documentos para imprimir 1er Lapso Planilla de datos personales\u00a0(pdf) Registro de lectura\u00a0(pdf) Planes&#8230;<\/p>\n","protected":false},"author":3,"featured_media":29232,"parent":0,"menu_order":0,"comment_status":"closed","ping_status":"closed","template":"page-sidebar.php","meta":[],"_links":{"self":[{"href":"https:\/\/juanxxiii.e12.ve\/home\/wp-json\/wp\/v2\/pages\/29712"}],"collection":[{"href":"https:\/\/juanxxiii.e12.ve\/home\/wp-json\/wp\/v2\/pages"}],"about":[{"href":"https:\/\/juanxxiii.e12.ve\/home\/wp-json\/wp\/v2\/types\/page"}],"author":[{"embeddable":true,"href":"https:\/\/juanxxiii.e12.ve\/home\/wp-json\/wp\/v2\/users\/3"}],"replies":[{"embeddable":true,"href":"https:\/\/juanxxiii.e12.ve\/home\/wp-json\/wp\/v2\/comments?post=29712"}],"version-history":[{"count":252,"href":"https:\/\/juanxxiii.e12.ve\/home\/wp-json\/wp\/v2\/pages\/29712\/revisions"}],"predecessor-version":[{"id":40474,"href":"https:\/\/juanxxiii.e12.ve\/home\/wp-json\/wp\/v2\/pages\/29712\/revisions\/40474"}],"wp:featuredmedia":[{"embeddable":true,"href":"https:\/\/juanxxiii.e12.ve\/home\/wp-json\/wp\/v2\/media\/29232"}],"wp:attachment":[{"href":"https:\/\/juanxxiii.e12.ve\/home\/wp-json\/wp\/v2\/media?parent=29712"}],"curies":[{"name":"wp","href":"https:\/\/api.w.org\/{rel}","templated":true}]}}