{"id":251,"date":"2010-09-07T13:25:45","date_gmt":"2010-09-07T13:25:45","guid":{"rendered":"http:\/\/192.168.1.29\/home\/?page_id=251"},"modified":"2022-09-30T10:32:02","modified_gmt":"2022-09-30T14:32:02","slug":"mision-vision","status":"publish","type":"page","link":"https:\/\/juanxxiii.e12.ve\/home\/manual-de-convivencia\/mision-vision","title":{"rendered":"Misi\u00f3n Visi\u00f3n"},"content":{"rendered":"<p><strong>Misi\u00f3n<\/strong><\/p>\n<p>Formar personas integrales, con equilibrio f\u00edsico, emocional, espiritual y social; con capacidad de liderar cambios positivos para Venezuela,\u00a0<strong>propiciando la paz en su entorno y en el mundo. <\/strong><\/p>\n<p><strong>Visi\u00f3n<\/strong><\/p>\n<p>Ser modelo nacional de educaci\u00f3n venezolana, donde est\u00e9n representados por siempre y para siempre los valores de nuestra identidad y que los principios universales tambi\u00e9n sean internalizados por todos sus actores permaneciendo de manera indefinida en el tiempo con la m\u00e1s alta formaci\u00f3n espiritual y acad\u00e9mica de estos alumnos.<\/p>\n<p><strong>Visi\u00f3n de Ense\u00f1anza y Aprendizaje<\/strong><\/p>\n<p>En el Juan XXIII, los estudiantes aprenden habilidades de autogesti\u00f3n, investigaci\u00f3n, sociales, comunicaci\u00f3n y pensamiento; as\u00ed como conocimientos transferibles a las diversas \u00e1reas del saber y a las orientaciones profesionales de nuestro tiempo.<\/p>\n<p>La consolidaci\u00f3n de estas habilidades y conocimientos, capacita a los j\u00f3venes de por vida para definir su identidad, buscar su felicidad personal, maximizar sus talentos y contribuir como ciudadanos a la convivencia sustentable en sociedades diversas en el \u00e1mbito local y global.<\/p>\n<p>Los docentes del Juan XXIII dise\u00f1an y ense\u00f1an con experiencias de aprendizaje basadas en la indagaci\u00f3n activa, fundamentadas en conceptos transferibles, conectadas a la realidad local y global, y que promueven el trabajo colaborativo. La ense\u00f1anza en el Juan XXIII inspira a los estudiantes a ser agentes de su aprendizaje, a reconocer sus intereses, fortalezas y retos individuales de manera reflexiva.<\/p>\n<p>El rol de la evaluaci\u00f3n es identificar el nivel de logros de los estudiantes para generar una detallada retroalimentaci\u00f3n cualitativa y cuantitativa que los gu\u00eda con mentalidad de crecimiento hacia el desarrollo personal integral continuo. Estas pr\u00e1cticas se encuentran en constante evoluci\u00f3n a trav\u00e9s del desarrollo profesional de los miembros de la comunidad escolar con la incorporaci\u00f3n de los avances en pedagog\u00eda, neurociencia y tecnolog\u00edas educativas aplicados a la din\u00e1mica ense\u00f1anza-aprendizaje.<\/p>\n<p>&nbsp;<\/p>\n<p>&nbsp;<\/p>\n","protected":false},"excerpt":{"rendered":"<p>Misi\u00f3n Formar personas integrales, con equilibrio f\u00edsico, emocional, espiritual y social; con capacidad de liderar cambios&#8230;<\/p>\n","protected":false},"author":9,"featured_media":29232,"parent":65,"menu_order":0,"comment_status":"closed","ping_status":"open","template":"","meta":[],"_links":{"self":[{"href":"https:\/\/juanxxiii.e12.ve\/home\/wp-json\/wp\/v2\/pages\/251"}],"collection":[{"href":"https:\/\/juanxxiii.e12.ve\/home\/wp-json\/wp\/v2\/pages"}],"about":[{"href":"https:\/\/juanxxiii.e12.ve\/home\/wp-json\/wp\/v2\/types\/page"}],"author":[{"embeddable":true,"href":"https:\/\/juanxxiii.e12.ve\/home\/wp-json\/wp\/v2\/users\/9"}],"replies":[{"embeddable":true,"href":"https:\/\/juanxxiii.e12.ve\/home\/wp-json\/wp\/v2\/comments?post=251"}],"version-history":[{"count":10,"href":"https:\/\/juanxxiii.e12.ve\/home\/wp-json\/wp\/v2\/pages\/251\/revisions"}],"predecessor-version":[{"id":40673,"href":"https:\/\/juanxxiii.e12.ve\/home\/wp-json\/wp\/v2\/pages\/251\/revisions\/40673"}],"up":[{"embeddable":true,"href":"https:\/\/juanxxiii.e12.ve\/home\/wp-json\/wp\/v2\/pages\/65"}],"wp:featuredmedia":[{"embeddable":true,"href":"https:\/\/juanxxiii.e12.ve\/home\/wp-json\/wp\/v2\/media\/29232"}],"wp:attachment":[{"href":"https:\/\/juanxxiii.e12.ve\/home\/wp-json\/wp\/v2\/media?parent=251"}],"curies":[{"name":"wp","href":"https:\/\/api.w.org\/{rel}","templated":true}]}}