{"id":236,"date":"2010-09-07T13:11:22","date_gmt":"2010-09-07T13:11:22","guid":{"rendered":"http:\/\/192.168.1.29\/home\/?page_id=236"},"modified":"2010-09-07T16:06:32","modified_gmt":"2010-09-07T16:06:32","slug":"medidas-disciplinarias","status":"publish","type":"page","link":"https:\/\/juanxxiii.e12.ve\/home\/manual-de-convivencia\/medidas-disciplinarias","title":{"rendered":"Medidas Disciplinarias"},"content":{"rendered":"<p>La sanci\u00f3n disciplinaria se aplica para generar un cambio positivo de conducta en el alumno, as\u00ed como para evitar que se repita la infracci\u00f3n de las normas establecidas. Las sanciones que ordinariamente se aplican en el plantel pueden ser: conversaci\u00f3n con el alumno, citaci\u00f3n de representante, suspensi\u00f3n temporal o definitiva de clase o del Plantel.<\/p>\n<ol>\n<li>Cuando una falta sea considerada leve, el docente, tutor o coordinador conversar\u00e1 con el alumno y dejar\u00e1 constancia escrita en el libro de vida.<\/li>\n<li>De repetirse la situaci\u00f3n u otra similar considerada leve, se citar\u00e1 el representante y quedar\u00e1 constancia escrita.<\/li>\n<li>Si el alumno persiste en la conducta inadecuada se sancionar\u00e1 con suspensi\u00f3n de clase de acuerdo a su registro de actuaciones, se registrar\u00e1 en el libro de vida y se citar\u00e1 el representante.<\/li>\n<li>De reincidir tendr\u00e1 como sanci\u00f3n la suspensi\u00f3n por tres o m\u00e1s d\u00edas y la firma de una carta de compromiso por parte de su representante.<\/li>\n<li>El alumno que tenga varias faltas leves o graves y\/o\u00a0 alto n\u00famero de inasistencias no podr\u00e1 representar al Instituto en actos acad\u00e9micos, deportivos o culturales.\u00a0<\/li>\n<li>Si un alumno es suspendido de una hora de clase, no se le permitir\u00e1 asistir al resto de las horas de clase.<\/li>\n<li>Cuando un alumno permanece fuera del sal\u00f3n de clases en horario escolar y\/o se retire sin autorizaci\u00f3n del plantel , tendr\u00e1 un d\u00eda de suspensi\u00f3n.<\/li>\n<li>Un alumno con carta de compromiso que persiste en incurrir en faltas de disciplina (leves o graves), se llevar\u00e1 el caso a un consejo de profesores, para decidir su permanencia en la secci\u00f3n, d\u00edas de suspensi\u00f3n y\/o la firma de una carta de cauci\u00f3n.<\/li>\n<li>Al alumno con\u00a0 carta de cauci\u00f3n que insista en las faltas de disciplinas (leves o graves), la Direcci\u00f3n del plantel le emitir\u00e1 su boleta de retiro.<\/li>\n<li>Alumnos que fumen o consuman bebidas alcoh\u00f3licas o estupefacientes no podr\u00e1n seguir estudios en nuestra Instituci\u00f3n, comprometi\u00e9ndose su representante a su retiro inmediato, pues adem\u00e1s de ser conductas que impiden el desarrollo de las actividades, el Instituto no cuenta con los profesionales necesarios para la orientaci\u00f3n de estos comportamientos.<\/li>\n<li>Toda degradaci\u00f3n de los recursos naturales y\/o materiales tanto del \u00e1mbito escolar como el externo en representaci\u00f3n de el colegio. Los responsables no podr\u00e1n volver al colegio hasta tanto no haga efectiva su reparaci\u00f3n, independientemente de las sanciones disciplinarias eventualmente aplicadas.<\/li>\n<li>Si un alumno toma sin permiso un objeto que no es de su pertenencia se citar\u00e1 al representante. De continuar con esa conducta se tomar\u00e1n otras medidas.<\/li>\n<li>El alumno que sea sorprendido copi\u00e1ndose en una prueba, falsificando firmas y\/o forjando documentos,\u00a0 ser\u00e1 sancionado de acuerdo al caso con previa conversaci\u00f3n con el tutor y Coordinaci\u00f3n de Nivel.<\/li>\n<li>El alumno que forme parte de actos de indisciplina colectiva dentro y fuera del plantel, portando el uniforme, ser\u00e1 suspendido de la actividad temporal o definitivamente.<\/li>\n<li>El alumno que porte instrumentos que atenten contra la integridad f\u00edsica de alg\u00fan miembro de la comunidad, se le citar\u00e1 el representante, llev\u00e1ndose a un consejo de profesores, para decidir su permanencia en la secci\u00f3n, d\u00edas de suspensi\u00f3n y\/o la firma de carta de cauci\u00f3n.<\/li>\n<li>El alumno\u00a0 que irrespete de palabra o hecho a un miembro de la comunidad educativa y a los S\u00edmbolos Patrios\u00a0 se le suspender\u00e1 del Plantel por un tiempo\u00a0 determinado.<\/li>\n<\/ol>\n","protected":false},"excerpt":{"rendered":"<p>La sanci\u00f3n disciplinaria se aplica para generar un cambio positivo de conducta en el alumno, as\u00ed&#8230;<\/p>\n","protected":false},"author":9,"featured_media":29232,"parent":65,"menu_order":8,"comment_status":"closed","ping_status":"open","template":"","meta":[],"_links":{"self":[{"href":"https:\/\/juanxxiii.e12.ve\/home\/wp-json\/wp\/v2\/pages\/236"}],"collection":[{"href":"https:\/\/juanxxiii.e12.ve\/home\/wp-json\/wp\/v2\/pages"}],"about":[{"href":"https:\/\/juanxxiii.e12.ve\/home\/wp-json\/wp\/v2\/types\/page"}],"author":[{"embeddable":true,"href":"https:\/\/juanxxiii.e12.ve\/home\/wp-json\/wp\/v2\/users\/9"}],"replies":[{"embeddable":true,"href":"https:\/\/juanxxiii.e12.ve\/home\/wp-json\/wp\/v2\/comments?post=236"}],"version-history":[{"count":3,"href":"https:\/\/juanxxiii.e12.ve\/home\/wp-json\/wp\/v2\/pages\/236\/revisions"}],"predecessor-version":[{"id":300,"href":"https:\/\/juanxxiii.e12.ve\/home\/wp-json\/wp\/v2\/pages\/236\/revisions\/300"}],"up":[{"embeddable":true,"href":"https:\/\/juanxxiii.e12.ve\/home\/wp-json\/wp\/v2\/pages\/65"}],"wp:featuredmedia":[{"embeddable":true,"href":"https:\/\/juanxxiii.e12.ve\/home\/wp-json\/wp\/v2\/media\/29232"}],"wp:attachment":[{"href":"https:\/\/juanxxiii.e12.ve\/home\/wp-json\/wp\/v2\/media?parent=236"}],"curies":[{"name":"wp","href":"https:\/\/api.w.org\/{rel}","templated":true}]}}