{"id":234,"date":"2010-09-07T13:09:10","date_gmt":"2010-09-07T13:09:10","guid":{"rendered":"http:\/\/192.168.1.29\/home\/?page_id=234"},"modified":"2012-10-14T21:43:08","modified_gmt":"2012-10-14T21:43:08","slug":"faltas","status":"publish","type":"page","link":"https:\/\/juanxxiii.e12.ve\/home\/manual-de-convivencia\/faltas","title":{"rendered":"Faltas"},"content":{"rendered":"<p><strong>Faltas leve: Se considerar\u00e1 falta leve en los alumnos:<\/strong><\/p>\n<ul>\n<li>Reincidencia en retardos (todos los tipos de retardo).<\/li>\n<li>La presentaci\u00f3n personal (incumplimiento del uniforme \u2013corte de cabello y otros accesorios).<\/li>\n<li>El uso de la tecnolog\u00eda en el aula (no autorizada).<\/li>\n<li>El dormirse o comer en clase (salvo prescripci\u00f3n m\u00e9dica).<\/li>\n<li>Conversar constantemente,.<\/li>\n<li>No participar, \u00a0no trabajar en clase, no traer material de trabajo requerido.<\/li>\n<li>Permanecer fuera del aula,\u00a0 sin pase del profesor.<\/li>\n<\/ul>\n<p><strong>Faltas grave: Se considerar\u00e1 falta grave en el alumno:<\/strong><\/p>\n<ul>\n<li>Formar parte de actos de desorden colectivo durante actividades acad\u00e9micas o extra c\u00e1tedra. Irrespetar de palabra o hecho a un miembro de la comunidad educativa: personal docente, administrativo, alumno u obrero.<\/li>\n<li>Da\u00f1ar o deteriorar voluntariamente los locales, dotaciones y dem\u00e1s bienes del \u00e1mbito escolar.<\/li>\n<li>Consumir bebidas alcoh\u00f3licas, cigarrillos o estupefacientes.<\/li>\n<li>Portar instrumentos que puedan atentar contra la integridad f\u00edsica de alg\u00fan miembro de la comunidad.<\/li>\n<li>Copia de respuestas ajenas en las evaluaciones.<\/li>\n<li>Retirarse del plantel sin autorizaci\u00f3n durante las horas de clase.<\/li>\n<li>Falsificar firmas o forjar documentos.<\/li>\n<\/ul>\n<p><strong>Evento: Falta de respeto verbal o f\u00edsica entre miembros de la comunidad estudiantil<\/strong><\/p>\n<ol>\n<li>Despu\u00e9s del evento, escuchar atentamente a todas las partes (Art. 8, Art. 80 LOPNNA), el profesor, el coordinador de nivel y si es posible un miembro de la coordinaci\u00f3n de Orientaci\u00f3n.<\/li>\n<li>Los alumnos involucrados llenar\u00e1n hoja de Reflexi\u00f3n 1, y se comentar\u00e1 el contenido.<\/li>\n<li>Es importante que los representantes de todos los alumnos implicados sean notificados (coordinador de nivel-tutor) (Art. 13, Art. 55 Lopna)<\/li>\n<li>Debe llenarse un acta que describa lo sucedido sin emitir juicios, y que repose en el cuaderno del tutor.<\/li>\n<li>Monitorear la situaci\u00f3n, hacer seguimiento (profesor de tutor-coordinador de nivel-orientaci\u00f3n)<\/li>\n<li>De repetirse la situaci\u00f3n, se cumplen nuevamente el punto 1, 3, 4 adem\u00e1s debe llenar hoja de reflexi\u00f3n 2 en compa\u00f1\u00eda de un miembro de orientaci\u00f3n, debatir, argumentar sobre el contenido de esta.<\/li>\n<li>Un miembro de orientaci\u00f3n debe dar algunos tips a la familia y a los profesores. (Art. 55 Lopna)<\/li>\n<li>De repetirse el evento, se cumple punto 1, 3, 4 y se invita a participar del taller Resoluci\u00f3n de conflictos: para dicha invitaci\u00f3n se citan a los padres en compa\u00f1\u00eda del tutor, coordinador de nivel, orientaci\u00f3n, responsable del taller se plantean objetivos del trabajo, necesidad, importancia y cronograma se llevar\u00e1n a cabo de 4 a 6 sesiones dependiendo de las caracter\u00edsticas de cada grupo.<\/li>\n<li>El responsable del taller de Resoluci\u00f3n de conflictos comunicar\u00e1 al coordinador de nivel sobre asistencia, contenido, calidad de la actividad al cerrara cada sesi\u00f3n, con el objetivo de juntos canalizar cada situaci\u00f3n. Y levantar\u00e1 informe (acta de asistencia y contenidos) que luego ser\u00e1 entregado al coordinador de nivel como cierre.<\/li>\n<li>Para el cierre de este taller se recibir\u00e1n a los padres y\/o representantes de manera individualizada para dar recomendaciones pertinentes de cada alumno a sus familias. Tambi\u00e9n tendremos evidencias de este cierre. Las recomendaciones var\u00edan seg\u00fan cada caso:<\/li>\n<\/ol>\n<p style=\"padding-left: 30px;\">Atenci\u00f3n psicol\u00f3gica al alumno, terapia familiar, horas de servicio comunitario, liderar alguna obra social, charlas u otra. Del seguimiento de dichas recomendaciones estar\u00e1 a cargo el coordinador de nivel e integrante de orientaci\u00f3n.<\/p>\n<ul>\n<li>A. En caso que el evento sea de alta intensidad pasaremos de los puntos 1, 2, 3 y 4 al 8.<\/li>\n<li>B. En caso que el alumno no asista al taller de Resoluci\u00f3n de Conflictos, ser\u00e1 convocado por segunda vez a participar y se citar\u00e1 al representante. Art. 55 Lopna.<\/li>\n<li>C. De no asistir a la segunda invitaci\u00f3n, la Direcci\u00f3n citar\u00e1 a los representantes. Art. 55, Art. 125<\/li>\n<\/ul>\n<p><a href=\"https:\/\/juanxxiii.e12.ve\/home\/wp-content\/uploads\/2010\/09\/Anexo-Evento.pdf\">Documentos Anexos<\/a><\/p>\n","protected":false},"excerpt":{"rendered":"<p>Faltas leve: Se considerar\u00e1 falta leve en los alumnos: Reincidencia en retardos (todos los tipos de&#8230;<\/p>\n","protected":false},"author":9,"featured_media":29232,"parent":65,"menu_order":6,"comment_status":"closed","ping_status":"open","template":"","meta":[],"_links":{"self":[{"href":"https:\/\/juanxxiii.e12.ve\/home\/wp-json\/wp\/v2\/pages\/234"}],"collection":[{"href":"https:\/\/juanxxiii.e12.ve\/home\/wp-json\/wp\/v2\/pages"}],"about":[{"href":"https:\/\/juanxxiii.e12.ve\/home\/wp-json\/wp\/v2\/types\/page"}],"author":[{"embeddable":true,"href":"https:\/\/juanxxiii.e12.ve\/home\/wp-json\/wp\/v2\/users\/9"}],"replies":[{"embeddable":true,"href":"https:\/\/juanxxiii.e12.ve\/home\/wp-json\/wp\/v2\/comments?post=234"}],"version-history":[{"count":6,"href":"https:\/\/juanxxiii.e12.ve\/home\/wp-json\/wp\/v2\/pages\/234\/revisions"}],"predecessor-version":[{"id":14230,"href":"https:\/\/juanxxiii.e12.ve\/home\/wp-json\/wp\/v2\/pages\/234\/revisions\/14230"}],"up":[{"embeddable":true,"href":"https:\/\/juanxxiii.e12.ve\/home\/wp-json\/wp\/v2\/pages\/65"}],"wp:featuredmedia":[{"embeddable":true,"href":"https:\/\/juanxxiii.e12.ve\/home\/wp-json\/wp\/v2\/media\/29232"}],"wp:attachment":[{"href":"https:\/\/juanxxiii.e12.ve\/home\/wp-json\/wp\/v2\/media?parent=234"}],"curies":[{"name":"wp","href":"https:\/\/api.w.org\/{rel}","templated":true}]}}