{"id":232,"date":"2010-09-07T13:08:23","date_gmt":"2010-09-07T13:08:23","guid":{"rendered":"http:\/\/192.168.1.29\/home\/?page_id=232"},"modified":"2024-04-08T07:20:00","modified_gmt":"2024-04-08T11:20:00","slug":"normas-de-convivencia","status":"publish","type":"page","link":"https:\/\/juanxxiii.e12.ve\/home\/manual-de-convivencia\/normas-de-convivencia","title":{"rendered":"ACUERDOS DE PAZ Y CONVIVENCIA ESCOLAR Y COMUNITARIA"},"content":{"rendered":"<p>El Instituto Educacional Juan XXIII al creer en la formaci\u00f3n integral del individuo hace \u00e9nfasis en las pautas disciplinarias, cuyo objetivo es favorecer la convivencia y el respeto, estimulando al joven a ser responsable, honesto, reflexivo, que respeta la vida, la libertad, la disciplina y la justicia.<\/p>\n<p>El alumno\u00a0del I.E. Juan XXIII:<\/p>\n<ol>\n<li>Respeta a los miembros de la Comunidad Educativa (personal directivo, docente, administrativo y obrero, as\u00ed como a sus compa\u00f1eros) de palabra y de hecho, dentro y fuera de la instituci\u00f3n.<\/li>\n<li>Respeta a los vecinos y las \u00e1reas que le pertenecen como jardines, garajes, etc.<\/li>\n<li>Pone en pr\u00e1ctica modales c\u00f3nsonos con su condici\u00f3n de buen ciudadano en cualquier tipo de evento dentro y fuera del plantel, nacional o internacional.<\/li>\n<li>Cumple con todas las actividades escolares con creatividad y puntualidad. Colabora con el buen desenvolvimiento de las mismas y participa en las iniciativas propuestas por la comunidad educativa usando siempre un lenguaje apropiado. Evitando traer al plantel material u objetos que entorpezcan el normal desarrollo de esta actividades, tales como: equipos electr\u00f3nicos, juguetes, barajas, etc.<\/li>\n<li>Respeta los valores nacionales e institucionales, los S\u00edmbolos Patrios, en todos los actos c\u00edvicos.<\/li>\n<li>Siempre que porta el uniforme lo hace en forma correcta, de acuerdo a su horario y en todas sus actividades: jornada acad\u00e9mica, actividades C.A.S, encuentros deportivos, festivales, actos p\u00fablicos, etc., cuidando su presentaci\u00f3n personal y pulcritud.<\/li>\n<li>Cuida y conserva los recursos, locales, \u00e1reas y dem\u00e1s bienes del \u00e1mbito escolar. Evitando ingerir alimentos y bebidas dentro de los salones de clase o cualquier dulce como: (chupetas, chicle, etc).<\/li>\n<li>Participa activamente en las actividades de creatividad, acci\u00f3n y servicio que benefician a la comunidad desde el primer grado de la etapa b\u00e1sica.<\/li>\n<li>Contribuye en todo momento a mantener el buen nombre de la Instituci\u00f3n, evitando participar en actos contrarios\u00a0 a la disciplina dentro y fuera de la misma.\u00a0 (Ej. caravanas, etc.)<\/li>\n<li>Conoce, cumple y respeta el <a href=\"https:\/\/juanxxiii.e12.ve\/home\/manual-de-convivencia\/normas-de-convivencia\">MANUAL DE CONVIVENCIA<\/a> de la Instituci\u00f3n.<\/li>\n<\/ol>\n<p>&nbsp;<\/p>\n","protected":false},"excerpt":{"rendered":"<p>El Instituto Educacional Juan XXIII al creer en la formaci\u00f3n integral del individuo hace \u00e9nfasis en&#8230;<\/p>\n","protected":false},"author":9,"featured_media":29232,"parent":65,"menu_order":6,"comment_status":"closed","ping_status":"open","template":"","meta":[],"_links":{"self":[{"href":"https:\/\/juanxxiii.e12.ve\/home\/wp-json\/wp\/v2\/pages\/232"}],"collection":[{"href":"https:\/\/juanxxiii.e12.ve\/home\/wp-json\/wp\/v2\/pages"}],"about":[{"href":"https:\/\/juanxxiii.e12.ve\/home\/wp-json\/wp\/v2\/types\/page"}],"author":[{"embeddable":true,"href":"https:\/\/juanxxiii.e12.ve\/home\/wp-json\/wp\/v2\/users\/9"}],"replies":[{"embeddable":true,"href":"https:\/\/juanxxiii.e12.ve\/home\/wp-json\/wp\/v2\/comments?post=232"}],"version-history":[{"count":4,"href":"https:\/\/juanxxiii.e12.ve\/home\/wp-json\/wp\/v2\/pages\/232\/revisions"}],"predecessor-version":[{"id":42597,"href":"https:\/\/juanxxiii.e12.ve\/home\/wp-json\/wp\/v2\/pages\/232\/revisions\/42597"}],"up":[{"embeddable":true,"href":"https:\/\/juanxxiii.e12.ve\/home\/wp-json\/wp\/v2\/pages\/65"}],"wp:featuredmedia":[{"embeddable":true,"href":"https:\/\/juanxxiii.e12.ve\/home\/wp-json\/wp\/v2\/media\/29232"}],"wp:attachment":[{"href":"https:\/\/juanxxiii.e12.ve\/home\/wp-json\/wp\/v2\/media?parent=232"}],"curies":[{"name":"wp","href":"https:\/\/api.w.org\/{rel}","templated":true}]}}