{"id":227,"date":"2010-09-07T13:05:44","date_gmt":"2010-09-07T13:05:44","guid":{"rendered":"http:\/\/192.168.1.29\/home\/?page_id=227"},"modified":"2011-11-01T16:16:16","modified_gmt":"2011-11-01T16:16:16","slug":"horarios-y-asistencia","status":"publish","type":"page","link":"https:\/\/juanxxiii.e12.ve\/home\/manual-de-convivencia\/horarios-y-asistencia","title":{"rendered":"Horario y Asistencia"},"content":{"rendered":"<p><strong>HORARIOS:<\/strong><\/p>\n<p>Los padres constituyen el apoyo para lograr el respeto y cumplimiento del horario.<\/p>\n<table border=\"1\" cellspacing=\"0\" cellpadding=\"0\" width=\"95%\">\n<tbody>\n<tr>\n<td width=\"96\" bgcolor=\"#ccffcc\"><strong>Sede<\/strong><\/td>\n<td width=\"86\" bgcolor=\"#ccffcc\"><strong>Nivel<\/strong><\/td>\n<td width=\"103\" bgcolor=\"#ccffcc\"><strong>Entrada<\/strong><\/td>\n<td width=\"96\" bgcolor=\"#ccffcc\"><strong>Salida<\/strong><\/td>\n<td width=\"103\" bgcolor=\"#ccffcc\"><strong>Administraci\u00f3n<\/strong><\/td>\n<td width=\"101\" bgcolor=\"#ccffcc\"><strong>CAS<\/strong><\/td>\n<\/tr>\n<tr>\n<td width=\"96\" bgcolor=\"#ffffcc\">Mi Peque\u00f1o Juan<\/td>\n<td width=\"86\">P-Maternal<\/p>\n<p>Maternal<\/p>\n<p>P-Kinder<\/td>\n<td width=\"103\">7-8:30 a.m.<\/p>\n<p>7-8:30 a.m.<\/p>\n<p>7-8:00 a.m.<\/td>\n<td width=\"96\">12:45 p.m.<\/p>\n<p>(opcional)<\/p>\n<p>05:00 p.m.<\/td>\n<td width=\"103\">7:00 a.m.<\/p>\n<p>a<\/p>\n<p>2:00 p.m.<\/td>\n<td rowspan=\"4\" width=\"101\">Todos los niveles de 03:00 p.m. a 06:00 p.m.<\/p>\n<p>S\u00e1bados de 08:00 a.m. a 12:00 m.<\/td>\n<\/tr>\n<tr>\n<td width=\"96\" bgcolor=\"#ffffcc\">Juancito<\/td>\n<td width=\"86\">Kinder<\/p>\n<p>Preparatorio<\/p>\n<p>1\u00ba grado<\/p>\n<p>2\u00ba grado<\/td>\n<td width=\"103\">7-7:30 a.m.<\/p>\n<p>7-7:30 a.m.<\/p>\n<p>7:00 a.m.<\/p>\n<p>7:00 a.m.<\/td>\n<td width=\"96\">12:45 p.m.<\/td>\n<td width=\"103\">7:00 a.m.<\/p>\n<p>a<\/p>\n<p>2:00 p.m.<\/td>\n<\/tr>\n<tr>\n<td width=\"96\" bgcolor=\"#ffffcc\">Juanito<\/td>\n<td width=\"86\">3\u00ba grado<\/p>\n<p>4\u00ba grado<\/p>\n<p>5\u00ba grado<\/td>\n<td width=\"103\">7:00 a.m.<\/td>\n<td width=\"96\">12:45 p.m.<\/td>\n<td width=\"103\">7:00 a.m.<\/p>\n<p>a<\/p>\n<p>2:00 p.m.<\/td>\n<\/tr>\n<tr>\n<td width=\"96\" bgcolor=\"#ffffcc\">El Juan<\/td>\n<td width=\"86\">6\u00ba grado<\/p>\n<p>a<\/p>\n<p>2\u00ba de Cs.<\/td>\n<td width=\"103\">7:00 a.m.<\/td>\n<td width=\"96\">1:35 p.m.<\/p>\n<p>3:10 p.m.<\/td>\n<td width=\"103\">7:00 a.m.<\/p>\n<p>a<\/p>\n<p>3:30 p.m.<\/td>\n<\/tr>\n<\/tbody>\n<\/table>\n<p>* La entrada y salida de los ni\u00f1os en la sede Juancito se realizar\u00e1 por la v\u00eda de servicio cuyo acceso est\u00e1 al final de la Avenida Alejo Zuloaga.<\/p>\n<p><strong>ASISTENCIA:<\/strong><\/p>\n<p>En nuestro colegio valoramos y estimulamos la responsabilidad, asistencia y puntualidad. Trimestralmente se entregan reconocimientos a los alumnos con asistencia perfecta, y al finalizar el a\u00f1o escolar se entregan bot\u00f3n y diploma de reconocimiento.<\/p>\n<p>Ser\u00e1 obligaci\u00f3n del representante notificar al coordinador de nivel respectivo las inasistencias y sus razones. Las inasistencias se considerar\u00e1n justificadas cuando sean por razones de salud propia o de los padres, siempre que sean por escrito.<\/p>\n<p>Los permisos para ausentarse de la Instituci\u00f3n por actividades deportivas, culturales y acad\u00e9micas, deber\u00e1n solicitarse ante la Coordinaci\u00f3n respectiva. Se recomienda que las citas m\u00e9dicas, se hagan en horario de la tarde.<\/p>\n<p>Los alumnos que acumulen diez (10) d\u00edas h\u00e1biles de inasistencias no justificadas, durante el a\u00f1o escolar, firmar\u00e1n junto con su representante una carta de compromiso de asistencia. De incumplir el compromiso firmado perder\u00e1n el derecho a representar el colegio en actos deportivos, culturales y\/o acad\u00e9micos, afectando de manera negativa la consideraci\u00f3n de los puntos de ajuste por rasgos en la evaluaci\u00f3n trimestral.<\/p>\n","protected":false},"excerpt":{"rendered":"<p>HORARIOS: Los padres constituyen el apoyo para lograr el respeto y cumplimiento del horario. Sede Nivel&#8230;<\/p>\n","protected":false},"author":9,"featured_media":29232,"parent":65,"menu_order":4,"comment_status":"closed","ping_status":"open","template":"","meta":[],"_links":{"self":[{"href":"https:\/\/juanxxiii.e12.ve\/home\/wp-json\/wp\/v2\/pages\/227"}],"collection":[{"href":"https:\/\/juanxxiii.e12.ve\/home\/wp-json\/wp\/v2\/pages"}],"about":[{"href":"https:\/\/juanxxiii.e12.ve\/home\/wp-json\/wp\/v2\/types\/page"}],"author":[{"embeddable":true,"href":"https:\/\/juanxxiii.e12.ve\/home\/wp-json\/wp\/v2\/users\/9"}],"replies":[{"embeddable":true,"href":"https:\/\/juanxxiii.e12.ve\/home\/wp-json\/wp\/v2\/comments?post=227"}],"version-history":[{"count":9,"href":"https:\/\/juanxxiii.e12.ve\/home\/wp-json\/wp\/v2\/pages\/227\/revisions"}],"predecessor-version":[{"id":8262,"href":"https:\/\/juanxxiii.e12.ve\/home\/wp-json\/wp\/v2\/pages\/227\/revisions\/8262"}],"up":[{"embeddable":true,"href":"https:\/\/juanxxiii.e12.ve\/home\/wp-json\/wp\/v2\/pages\/65"}],"wp:featuredmedia":[{"embeddable":true,"href":"https:\/\/juanxxiii.e12.ve\/home\/wp-json\/wp\/v2\/media\/29232"}],"wp:attachment":[{"href":"https:\/\/juanxxiii.e12.ve\/home\/wp-json\/wp\/v2\/media?parent=227"}],"curies":[{"name":"wp","href":"https:\/\/api.w.org\/{rel}","templated":true}]}}