{"id":225,"date":"2010-09-07T13:04:34","date_gmt":"2010-09-07T13:04:34","guid":{"rendered":"http:\/\/192.168.1.29\/home\/?page_id=225"},"modified":"2026-02-26T12:29:05","modified_gmt":"2026-02-26T16:29:05","slug":"perfiles","status":"publish","type":"page","link":"https:\/\/juanxxiii.e12.ve\/home\/manual-de-convivencia\/perfiles","title":{"rendered":"Atributos"},"content":{"rendered":"<p>La comunidad Educativa del Instituto Educacional Juan XXIII, es un ambiente educativo de calidad comprometido con la misi\u00f3n del colegio. En el mismo interact\u00faan estudiantes, docentes y padres en actividades acad\u00e9micas, deportivas, literarias, culturales y sociales.<\/p>\n<p><strong>PERFIL DE LA COMUNIDAD DE APRENDIZAJE DEL IB<\/strong><\/p>\n<p>El objetivo fundamental de los programas del Bachillerato Internacional (IB) es formar personas con mentalidad internacional que, conscientes de la condici\u00f3n que las une como seres humanos y de la responsabilidad que comparten de velar por el planeta, contribuyan a crear un mundo mejor y m\u00e1s pac\u00edfico.<\/p>\n<p>Como miembros de la comunidad de aprendizaje del IB, nos esforzamos por demostrar los siguientes atributos:<\/p>\n<ol>\n<li><strong>INDAGACI\u00d3N: <\/strong>Desarrollamos y usamos nuestra comprensi\u00f3n conceptual mediante la exploraci\u00f3n del conocimiento en una variedad de disciplinas. Nos comprometemos con ideas y cuestiones de importancia local y mundial.<\/li>\n<li><strong>CONOCIMIENTO:\u00a0<\/strong>Utilizamos habilidades de pensamiento cr\u00edtico y creativo para analizar y proceder de manera responsable ante problemas complejos. Actuamos por propia iniciativa al tomar decisiones razonadas y \u00e9ticas.<\/li>\n<li><strong>RAZONAMIENTO:\u00a0<\/strong>Nos expresamos con confi\u00adanza y creatividad en diversas lenguas, lenguajes y maneras. Colaboramos e\u00adficazmente, escuchando atentamente las perspectivas de otras personas y grupos.<\/li>\n<li><strong>COMUNICACI\u00d3N:\u00a0<\/strong>Actuamos con integridad y honradez, con un profundo sentido de la equidad, la justicia y el respeto por la dignidad y los derechos de las personas en todo el mundo. Asumimos la responsabilidad de nuestros propios actos y sus consecuencias.<\/li>\n<li><strong>INTEGRIDAD:\u00a0<\/strong>Desarrollamos una apreciaci\u00f3n cr\u00edtica de nuestras propias culturas e historias personales, as\u00ed como de los valores y tradiciones de otras personas. Buscamos y consideramos distintos puntos de vista y mostramos disposici\u00f3n a aprender de la experiencia.<\/li>\n<li><strong>MENTALIDAD ABIERTA:\u00a0<\/strong>Mostramos empat\u00eda, sensibilidad y respeto. Nos comprometemos a ayudar y actuamos con el prop\u00f3sito de intuir positivamente en la vida de las personas y el mundo que nos rodea.<\/li>\n<li><strong>SOLIDARIDAD:\u00a0<\/strong>Abordamos la incertidumbre con previsi\u00f3n y determinaci\u00f3n. Trabajamos de manera aut\u00f3noma y colaborativa para explorar nuevas ideas y estrategias innovadoras. Mostramos ingenio y resiliencia cuando enfrentamos cambios y desaf\u00edos.<\/li>\n<li><strong>AUDACIA:\u00a0<\/strong>Entendemos la importancia del equilibrio f\u00edsico, mental y emocional para lograr el bienestar propio y el de las dem\u00e1s personas. Reconocemos nuestra interdependencia con respecto a otras personas y al mundo en que vivimos.<\/li>\n<li><strong>EQUILIBRIO:\u00a0<\/strong>Evaluamos detenidamente el mundo y nuestras propias ideas y experiencias. Nos esforzamos por comprender nuestras fortalezas y debilidades para, de este modo, contribuir a nuestro aprendizaje y desarrollo personal.<\/li>\n<li><strong>REFLEXI\u00d3N:\u00a0<\/strong>Evaluamos detenidamente el mundo y nuestras propias ideas y experiencias. Nos esforzamos por comprender nuestras fortalezas y debilidades para, de este modo, contribuir a nuestro aprendizaje y desarrollo personal.<\/li>\n<\/ol>\n<p><strong>COMPETENCIA DEL ESTUDIANTE<\/strong><\/p>\n<p><strong>Nuestro alumno se caracteriza por ser:<\/strong><\/p>\n<ul>\n<li>Un ciudadano orgulloso de sus valores y S\u00edmbolos\u00a0 Patrios.<\/li>\n<li>Poseedor de identidad local, regional y nacional.<\/li>\n<li>Leal, asume su realidad respet\u00e1ndola.<\/li>\n<li>Constructor de su propio aprendizaje.<\/li>\n<li>Abierto a la convivencia con sus semejantes.<\/li>\n<li>Trabajador: organiza su trabajo individual y grupal para mejorar.<\/li>\n<li>Portador de una gran sensibilidad\u00a0 cultural.<\/li>\n<li>Deportivamente competitivo.<\/li>\n<li>De pensamiento cr\u00edtico, dispuesto a la b\u00fasqueda de la verdad.<\/li>\n<li>Amante y defensor del ambiente escolar y comunitario.<\/li>\n<li>Alto nivel de espiritualidad y solidaridad humana.<\/li>\n<li>Con alta responsabilidad y\u00a0 capaz de interpretar las necesidades de nuestro pa\u00eds y del mundo.<\/li>\n<li>Elevado nivel acad\u00e9mico.<\/li>\n<\/ul>\n<p><strong>COMPETENCIA\u00a0DEL REPRESENTANTE:<\/strong><\/p>\n<p><strong>Nuestro representante:<\/strong><\/p>\n<ul>\n<li>Brinda a sus hijos o representados un ambiente familiar social que conforme un eslab\u00f3n de uni\u00f3n y continuidad a los principios que se imparten en el colegio.<\/li>\n<li>Concede el voto de confianza institucional y se mantiene atento al cumplimiento de la misi\u00f3n del colegio, haciendo las recomendaciones pertinentes en los casos necesarios.<\/li>\n<li>Se mantiene interesado en la actuaci\u00f3n de su hijo, estimul\u00e1ndolo y orient\u00e1ndolo a obtener un alto nivel acad\u00e9mico, comunic\u00e1ndose constantemente con el colegio, atendiendo a las convocatorias\u00a0 a la hora y d\u00edas se\u00f1alados.<\/li>\n<li>Da muestras de sentido de pertenencias ante la comunidad educativa, y mantienen relaciones fundamentadas en el respeto, di\u00e1logo y colaboraci\u00f3n con cada uno de sus miembros.<\/li>\n<li>Participa activamente en el proceso de crecimiento en la fe y vivencia de los valores cristianos.<\/li>\n<li>Conoce y apoya las normas de convivencia del Instituto Educacional Juan XXIII.<\/li>\n<\/ul>\n<p><strong>COMPETENCIA\u00a0DEL DOCENTE:<\/strong><\/p>\n<p><strong>Nuestro docente:<\/strong><\/p>\n<ul>\n<li>Asume su misi\u00f3n de Educador para promover la excelencia con su actuaci\u00f3n profesional y humana.<\/li>\n<li>Ejerce su profesi\u00f3n con proyecci\u00f3n social formando al joven para una sociedad m\u00e1s veraz y por ello m\u00e1s justa.<\/li>\n<li>Se encuentra siempre en la m\u00e1s alta disposici\u00f3n de o\u00edr y orientar a los alumnos y\/o representantes en situaciones fuera de la asignatura, manteni\u00e9ndose solicitado y rodeado por ellos.<\/li>\n<li>Busca constantemente estrategias did\u00e1cticas de ense\u00f1anza, incorporando las nuevas tecnolog\u00edas, as\u00ed como t\u00e9cnicas originales y creativas.<\/li>\n<li>Muestra gran compa\u00f1erismo laboral.<\/li>\n<li>Entrega siempre sus planes y evaluaciones en las fechas pautadas.<\/li>\n<li>Demuestra gran solidaridad humana.<\/li>\n<li>Esta siempre dispuesto al trabajo en equipo.<\/li>\n<li>Es muy comunicativo con sus compa\u00f1eros de trabajo y con los coordinadores de \u00e1rea y nivel a la que pertenece.<\/li>\n<li>Demuestra\u00a0 asistencia y puntualidad ejemplar.<\/li>\n<li>Se ocupa constantemente por la actualizaci\u00f3n profesional.<\/li>\n<li>Su liderazgo positivo lo convierten en ejemplo y modelo ante los alumnos.<\/li>\n<li>Su presentaci\u00f3n personal es impecable.<\/li>\n<li>Sus evaluaciones reflejan el desempe\u00f1o individual de cada estudiante.<\/li>\n<li>Estimula al mantenimiento y el buen uso de las instalaciones.<\/li>\n<\/ul>\n<p>&nbsp;<\/p>\n","protected":false},"excerpt":{"rendered":"<p>La comunidad Educativa del Instituto Educacional Juan XXIII, es un ambiente educativo de calidad comprometido con&#8230;<\/p>\n","protected":false},"author":9,"featured_media":29232,"parent":65,"menu_order":3,"comment_status":"closed","ping_status":"open","template":"","meta":[],"_links":{"self":[{"href":"https:\/\/juanxxiii.e12.ve\/home\/wp-json\/wp\/v2\/pages\/225"}],"collection":[{"href":"https:\/\/juanxxiii.e12.ve\/home\/wp-json\/wp\/v2\/pages"}],"about":[{"href":"https:\/\/juanxxiii.e12.ve\/home\/wp-json\/wp\/v2\/types\/page"}],"author":[{"embeddable":true,"href":"https:\/\/juanxxiii.e12.ve\/home\/wp-json\/wp\/v2\/users\/9"}],"replies":[{"embeddable":true,"href":"https:\/\/juanxxiii.e12.ve\/home\/wp-json\/wp\/v2\/comments?post=225"}],"version-history":[{"count":15,"href":"https:\/\/juanxxiii.e12.ve\/home\/wp-json\/wp\/v2\/pages\/225\/revisions"}],"predecessor-version":[{"id":43255,"href":"https:\/\/juanxxiii.e12.ve\/home\/wp-json\/wp\/v2\/pages\/225\/revisions\/43255"}],"up":[{"embeddable":true,"href":"https:\/\/juanxxiii.e12.ve\/home\/wp-json\/wp\/v2\/pages\/65"}],"wp:featuredmedia":[{"embeddable":true,"href":"https:\/\/juanxxiii.e12.ve\/home\/wp-json\/wp\/v2\/media\/29232"}],"wp:attachment":[{"href":"https:\/\/juanxxiii.e12.ve\/home\/wp-json\/wp\/v2\/media?parent=225"}],"curies":[{"name":"wp","href":"https:\/\/api.w.org\/{rel}","templated":true}]}}