{"id":221,"date":"2010-09-07T13:00:32","date_gmt":"2010-09-07T13:00:32","guid":{"rendered":"http:\/\/192.168.1.29\/home\/?page_id=221"},"modified":"2010-09-07T14:24:19","modified_gmt":"2010-09-07T14:24:19","slug":"disposiciones-generales","status":"publish","type":"page","link":"https:\/\/juanxxiii.e12.ve\/home\/manual-de-convivencia\/disposiciones-generales","title":{"rendered":"Disposiciones Generales"},"content":{"rendered":"<p><strong>\u00c1mbito Humano:<\/strong><\/p>\n<p>Los educadores asumen responsablemente la misi\u00f3n del instituto, se integran a la Comunidad Educativa mientras acompa\u00f1an y estimulan el proceso de formaci\u00f3n de los estudiantes, actuando coherentemente en su propia familia, en su profesi\u00f3n y en el medio en el que act\u00faan.<\/p>\n<p>Los estudiantes son protagonistas de su formaci\u00f3n y asumen el compromiso de su deber escolar, transform\u00e1ndose en educadores de sus propios compa\u00f1eros hasta llegar a ser educadores de la comunidad.<\/p>\n<p>Los responsables de los alumnos son los padres o representantes legales, quienes\u00a0 ejercen su derecho de educar a sus hijos. Por eso la comunidad los convoca a colaborar activamente en la misi\u00f3n educativa del Colegio. Su respaldo al Proyecto Educativo asegura la unidad en las intervenciones educativas.<\/p>\n<p>La Comunidad Educativa tiene proyecci\u00f3n no s\u00f3lo en la educaci\u00f3n sino tambi\u00e9n en la formaci\u00f3n de sus miembros. Se construye d\u00eda tras d\u00eda y se expresa y act\u00faa a trav\u00e9s de una participaci\u00f3n responsable, donde todos ofrecen su aporte. En el instituto le damos gran importancia a las relaciones interpersonales en el \u00e1mbito de la comunidad valenciana, venezolana y del mundo.<\/p>\n<p><strong>\u00c1mbito F\u00edsico:<\/strong><\/p>\n<p>La limpieza y orden del establecimiento depende especialmente del cuidado de cada uno. Todos los miembros de la Comunidad Educativa deben colaborar en el mantenimiento del mismo, cuidando el mobiliario y la limpieza de las aulas, los patios y los ba\u00f1os, sugiriendo a la coordinaci\u00f3n respectiva,\u00a0 arreglos y mejoras.<\/p>\n<p>Debe respetarse el patrimonio com\u00fan. Toda degradaci\u00f3n, involuntaria o resultante de actos de indisciplina, as\u00ed como la p\u00e9rdida de objetos pertenecientes al colegio o alg\u00fan integrante de la comunidad, ser\u00e1n reparados o sufragados por sus responsables.<\/p>\n<p>El Instituto se compromete a reforzar los principios de respeto a la propiedad privada inculcados en el hogar. El colegio no se responsabiliza por la perdida\u00a0 de las pertenencias materiales de los\u00a0 alumnos.<\/p>\n","protected":false},"excerpt":{"rendered":"<p>\u00c1mbito Humano: Los educadores asumen responsablemente la misi\u00f3n del instituto, se integran a la Comunidad Educativa&#8230;<\/p>\n","protected":false},"author":9,"featured_media":29232,"parent":65,"menu_order":2,"comment_status":"closed","ping_status":"open","template":"","meta":[],"_links":{"self":[{"href":"https:\/\/juanxxiii.e12.ve\/home\/wp-json\/wp\/v2\/pages\/221"}],"collection":[{"href":"https:\/\/juanxxiii.e12.ve\/home\/wp-json\/wp\/v2\/pages"}],"about":[{"href":"https:\/\/juanxxiii.e12.ve\/home\/wp-json\/wp\/v2\/types\/page"}],"author":[{"embeddable":true,"href":"https:\/\/juanxxiii.e12.ve\/home\/wp-json\/wp\/v2\/users\/9"}],"replies":[{"embeddable":true,"href":"https:\/\/juanxxiii.e12.ve\/home\/wp-json\/wp\/v2\/comments?post=221"}],"version-history":[{"count":4,"href":"https:\/\/juanxxiii.e12.ve\/home\/wp-json\/wp\/v2\/pages\/221\/revisions"}],"predecessor-version":[{"id":281,"href":"https:\/\/juanxxiii.e12.ve\/home\/wp-json\/wp\/v2\/pages\/221\/revisions\/281"}],"up":[{"embeddable":true,"href":"https:\/\/juanxxiii.e12.ve\/home\/wp-json\/wp\/v2\/pages\/65"}],"wp:featuredmedia":[{"embeddable":true,"href":"https:\/\/juanxxiii.e12.ve\/home\/wp-json\/wp\/v2\/media\/29232"}],"wp:attachment":[{"href":"https:\/\/juanxxiii.e12.ve\/home\/wp-json\/wp\/v2\/media?parent=221"}],"curies":[{"name":"wp","href":"https:\/\/api.w.org\/{rel}","templated":true}]}}