{"id":218,"date":"2010-09-07T12:55:36","date_gmt":"2010-09-07T12:55:36","guid":{"rendered":"http:\/\/192.168.1.29\/home\/?page_id=218"},"modified":"2022-09-30T10:33:02","modified_gmt":"2022-09-30T14:33:02","slug":"declaracion-de-principios","status":"publish","type":"page","link":"https:\/\/juanxxiii.e12.ve\/home\/manual-de-convivencia\/declaracion-de-principios","title":{"rendered":"Declaraci\u00f3n de principios"},"content":{"rendered":"<p>El Instituto Educacional Juan XXIII tiene su sede en la Urbanizaci\u00f3n El Trigal en la ciudad de Valencia, Estado Carabobo. Sustentada en los m\u00e1s altos valores morales, religiosos y \u00e9ticos de la sociedad venezolano, se dedica a la formaci\u00f3n integral del ser humano con el debido respeto a su diversidad y propiciando la inclusi\u00f3n para enfrentar el reto de una sociedad compleja y abierta a todas las corrientes del pensamiento.<\/p>\n<p>Para ello, contamos con un personal docente de la m\u00e1s alta calificaci\u00f3n humana, vocacional y acad\u00e9mica, capaz de modelar un gran equilibrio f\u00edsico, mental, emocional y espiritual; dispuesto siempre a la superaci\u00f3n profesional a capacitaci\u00f3n y la b\u00fasqueda de innovaciones pedag\u00f3gicas y tecnol\u00f3gicas que conduzcan el proceso de ense\u00f1anza-aprendizaje hacia la excelencia educativa y a la integraci\u00f3n de la diversidad humana.<\/p>\n<p>Nuestro Proyecto Pedag\u00f3gico se orienta hacia la formaci\u00f3n de ciudadanos equilibrados, de mentalidad abierta, con gran sensibilidad cultural, deportivamente competitivos, de\u00a0<strong><em>pensamiento cr\u00edtico<\/em><\/strong>, amantes y defensores de nuestro medio ambiente, con un alto nivel de\u00a0<strong><em>espiritualidad y solidaridad humana<\/em><\/strong>, \u00edntegros, indagadores,\u00a0<strong><em>orgullosos de su identidad<\/em><\/strong>, informados e instruidos, con audacia y buena comunicaci\u00f3n, capaces de interpretar las necesidades cambiantes de nuestro\u00a0<strong>pa\u00eds para generar cambios positivos que mejoren la calidad de vida de todos, propiciando la paz en su entorno y en el mundo. <\/strong><\/p>\n<p>.<\/p>\n","protected":false},"excerpt":{"rendered":"<p>El Instituto Educacional Juan XXIII tiene su sede en la Urbanizaci\u00f3n El Trigal en la ciudad&#8230;<\/p>\n","protected":false},"author":9,"featured_media":29232,"parent":65,"menu_order":1,"comment_status":"closed","ping_status":"open","template":"","meta":[],"_links":{"self":[{"href":"https:\/\/juanxxiii.e12.ve\/home\/wp-json\/wp\/v2\/pages\/218"}],"collection":[{"href":"https:\/\/juanxxiii.e12.ve\/home\/wp-json\/wp\/v2\/pages"}],"about":[{"href":"https:\/\/juanxxiii.e12.ve\/home\/wp-json\/wp\/v2\/types\/page"}],"author":[{"embeddable":true,"href":"https:\/\/juanxxiii.e12.ve\/home\/wp-json\/wp\/v2\/users\/9"}],"replies":[{"embeddable":true,"href":"https:\/\/juanxxiii.e12.ve\/home\/wp-json\/wp\/v2\/comments?post=218"}],"version-history":[{"count":8,"href":"https:\/\/juanxxiii.e12.ve\/home\/wp-json\/wp\/v2\/pages\/218\/revisions"}],"predecessor-version":[{"id":40674,"href":"https:\/\/juanxxiii.e12.ve\/home\/wp-json\/wp\/v2\/pages\/218\/revisions\/40674"}],"up":[{"embeddable":true,"href":"https:\/\/juanxxiii.e12.ve\/home\/wp-json\/wp\/v2\/pages\/65"}],"wp:featuredmedia":[{"embeddable":true,"href":"https:\/\/juanxxiii.e12.ve\/home\/wp-json\/wp\/v2\/media\/29232"}],"wp:attachment":[{"href":"https:\/\/juanxxiii.e12.ve\/home\/wp-json\/wp\/v2\/media?parent=218"}],"curies":[{"name":"wp","href":"https:\/\/api.w.org\/{rel}","templated":true}]}}